{"id":14059,"date":"2026-01-13T19:30:27","date_gmt":"2026-01-13T10:30:27","guid":{"rendered":"https:\/\/sfashionaccessories.com\/?post_type=product&#038;p=14059"},"modified":"2026-01-16T13:19:32","modified_gmt":"2026-01-16T04:19:32","slug":"bota-beira-rio-feminino-ziper-sem-cadarco-fivela","status":"publish","type":"product","link":"https:\/\/sfashionaccessories.com\/?product=bota-beira-rio-feminino-ziper-sem-cadarco-fivela","title":{"rendered":"Bota Beira Rio Feminino Ziper e F\u00edvela\u00a0"},"content":{"rendered":"<p>A Bota Coturno Beira rio Feminina foi criada para combinar com aquelas mulheres que s\u00e3o adeptas \u00e0 moda, al\u00e9m de garantir muito estilo Pode ser usado tanto de dia quanto \u00e0 noite.Ideal para ser usada nas esta\u00e7\u00f5es de Outono\/Inverno, seja no frio ou num tempo mais fresquinho.Crie looks modernos e arrojados usando cal\u00e7as justas, jeans, vestidos e jaquetas.<\/p>\n","protected":false},"excerpt":{"rendered":"<p>A Bota Coturno Beira rio Feminina foi criada para combinar com aquelas mulheres que s\u00e3o adeptas \u00e0 moda, al\u00e9m de garantir muito estilo Pode ser usado tanto de dia quanto \u00e0 noite.Ideal para ser usada nas esta\u00e7\u00f5es de Outono\/Inverno, seja no frio ou num tempo mais fresquinho.Crie looks modernos e arrojados usando cal\u00e7as justas, jeans, [&hellip;]<\/p>\n","protected":false},"featured_media":19039,"comment_status":"open","ping_status":"closed","template":"","meta":{"_kadence_starter_templates_imported_post":false},"product_brand":[],"product_cat":[535,46,293,254],"product_tag":[432,311,395],"class_list":{"0":"post-14059","1":"product","2":"type-product","3":"status-publish","4":"has-post-thumbnail","6":"product_cat-beira-rio","7":"product_cat-calcados","8":"product_cat-feminino","9":"product_cat-promocoes-descontos","10":"product_tag-beira-rio","11":"product_tag-calcados","12":"product_tag-feminino","14":"first","15":"instock","16":"sale","17":"shipping-taxable","18":"purchasable","19":"product-type-variable"},"_links":{"self":[{"href":"https:\/\/sfashionaccessories.com\/index.php?rest_route=\/wp\/v2\/product\/14059","targetHints":{"allow":["GET"]}}],"collection":[{"href":"https:\/\/sfashionaccessories.com\/index.php?rest_route=\/wp\/v2\/product"}],"about":[{"href":"https:\/\/sfashionaccessories.com\/index.php?rest_route=\/wp\/v2\/types\/product"}],"replies":[{"embeddable":true,"href":"https:\/\/sfashionaccessories.com\/index.php?rest_route=%2Fwp%2Fv2%2Fcomments&post=14059"}],"wp:featuredmedia":[{"embeddable":true,"href":"https:\/\/sfashionaccessories.com\/index.php?rest_route=\/wp\/v2\/media\/19039"}],"wp:attachment":[{"href":"https:\/\/sfashionaccessories.com\/index.php?rest_route=%2Fwp%2Fv2%2Fmedia&parent=14059"}],"wp:term":[{"taxonomy":"product_brand","embeddable":true,"href":"https:\/\/sfashionaccessories.com\/index.php?rest_route=%2Fwp%2Fv2%2Fproduct_brand&post=14059"},{"taxonomy":"product_cat","embeddable":true,"href":"https:\/\/sfashionaccessories.com\/index.php?rest_route=%2Fwp%2Fv2%2Fproduct_cat&post=14059"},{"taxonomy":"product_tag","embeddable":true,"href":"https:\/\/sfashionaccessories.com\/index.php?rest_route=%2Fwp%2Fv2%2Fproduct_tag&post=14059"}],"curies":[{"name":"wp","href":"https:\/\/api.w.org\/{rel}","templated":true}]}}