{"id":14154,"date":"2023-10-28T16:00:45","date_gmt":"2023-10-28T07:00:45","guid":{"rendered":"https:\/\/sfashionaccessories.com\/?post_type=product&#038;p=14154"},"modified":"2026-02-01T14:10:19","modified_gmt":"2026-02-01T05:10:19","slug":"calca-skinny-color-pitbull-ref-68013","status":"publish","type":"product","link":"https:\/\/sfashionaccessories.com\/?product=calca-skinny-color-pitbull-ref-68013","title":{"rendered":"Cal\u00e7a Skinny Color Pitbull ref: 68013"},"content":{"rendered":"<p>Confeccionada em couro ecol\u00f3gico na parte da frente, atr\u00e1s em sarja .<\/p>\n<p>Composi\u00e7\u00e3o frente: : 100% POLIURETANO<br \/>\nComposi\u00e7\u00e3o costas: 69%ALGOD\u00c3O 29%POLIESTER 2%ELASTANO<\/p>\n","protected":false},"excerpt":{"rendered":"<p>Confeccionada em couro ecol\u00f3gico na parte da frente, atr\u00e1s em sarja . Composi\u00e7\u00e3o frente: : 100% POLIURETANO Composi\u00e7\u00e3o costas: 69%ALGOD\u00c3O 29%POLIESTER 2%ELASTANO<\/p>\n","protected":false},"featured_media":14147,"comment_status":"open","ping_status":"closed","template":"","meta":{"_kadence_starter_templates_imported_post":false},"product_brand":[],"product_cat":[508,293,501,28,254],"product_tag":[242,395,243],"class_list":{"0":"post-14154","1":"product","2":"type-product","3":"status-publish","4":"has-post-thumbnail","6":"product_cat-calcas-femininas","7":"product_cat-feminino","8":"product_cat-medidas-calcas-e-shorts-feminino-pitbull","9":"product_cat-pit-bull","10":"product_cat-promocoes-descontos","11":"product_tag-calcas-femininas","12":"product_tag-feminino","13":"product_tag-pitbull","15":"first","16":"instock","17":"sale","18":"shipping-taxable","19":"purchasable","20":"product-type-variable"},"_links":{"self":[{"href":"https:\/\/sfashionaccessories.com\/index.php?rest_route=\/wp\/v2\/product\/14154","targetHints":{"allow":["GET"]}}],"collection":[{"href":"https:\/\/sfashionaccessories.com\/index.php?rest_route=\/wp\/v2\/product"}],"about":[{"href":"https:\/\/sfashionaccessories.com\/index.php?rest_route=\/wp\/v2\/types\/product"}],"replies":[{"embeddable":true,"href":"https:\/\/sfashionaccessories.com\/index.php?rest_route=%2Fwp%2Fv2%2Fcomments&post=14154"}],"wp:featuredmedia":[{"embeddable":true,"href":"https:\/\/sfashionaccessories.com\/index.php?rest_route=\/wp\/v2\/media\/14147"}],"wp:attachment":[{"href":"https:\/\/sfashionaccessories.com\/index.php?rest_route=%2Fwp%2Fv2%2Fmedia&parent=14154"}],"wp:term":[{"taxonomy":"product_brand","embeddable":true,"href":"https:\/\/sfashionaccessories.com\/index.php?rest_route=%2Fwp%2Fv2%2Fproduct_brand&post=14154"},{"taxonomy":"product_cat","embeddable":true,"href":"https:\/\/sfashionaccessories.com\/index.php?rest_route=%2Fwp%2Fv2%2Fproduct_cat&post=14154"},{"taxonomy":"product_tag","embeddable":true,"href":"https:\/\/sfashionaccessories.com\/index.php?rest_route=%2Fwp%2Fv2%2Fproduct_tag&post=14154"}],"curies":[{"name":"wp","href":"https:\/\/api.w.org\/{rel}","templated":true}]}}