{"id":14371,"date":"2024-12-20T10:21:56","date_gmt":"2024-12-20T01:21:56","guid":{"rendered":"https:\/\/sfashionaccessories.com\/?post_type=product&#038;p=14371"},"modified":"2025-11-01T18:35:16","modified_gmt":"2025-11-01T09:35:16","slug":"o-boticario-nativa-spa-ameixa-creme-hidratante-para-maos-75g","status":"publish","type":"product","link":"https:\/\/sfashionaccessories.com\/?product=o-boticario-nativa-spa-ameixa-creme-hidratante-para-maos-75g","title":{"rendered":"o Botic\u00e1rio Nativa SPA Ameixa &#8211; Creme Hidratante para M\u00e3os 75g"},"content":{"rendered":"<p>Creme hidratante para\u00a0m\u00e3os.\u00a0<strong>o Botic\u00e1rio Nativa SPA Ameixa\u00a0<\/strong>apresenta f\u00f3rmula com o poder de hidrata\u00e7\u00e3o da Quinoa e a fragr\u00e2ncia de Ameixa.<\/p>\n<p>O\u00a0<strong>Creme Hidratante para M\u00e3os o Botic\u00e1rio Nativa SPA Ameixa<\/strong>\u00a0cuida da pele das m\u00e3os para deix\u00e1-las macias, hidratadas e perfumadas todos os dias. Al\u00e9m disso, ainda traz a fragr\u00e2ncia de Ameixa, que transmite intensidade e vibra\u00e7\u00e3o, para deixar as m\u00e3os perfumadas.<\/p>\n","protected":false},"excerpt":{"rendered":"<p>Creme hidratante para\u00a0m\u00e3os.\u00a0o Botic\u00e1rio Nativa SPA Ameixa\u00a0apresenta f\u00f3rmula com o poder de hidrata\u00e7\u00e3o da Quinoa e a fragr\u00e2ncia de Ameixa. O\u00a0Creme Hidratante para M\u00e3os o Botic\u00e1rio Nativa SPA Ameixa\u00a0cuida da pele das m\u00e3os para deix\u00e1-las macias, hidratadas e perfumadas todos os dias. Al\u00e9m disso, ainda traz a fragr\u00e2ncia de Ameixa, que transmite intensidade e vibra\u00e7\u00e3o, [&hellip;]<\/p>\n","protected":false},"featured_media":14374,"comment_status":"open","ping_status":"closed","template":"","meta":{"_kadence_starter_templates_imported_post":false},"product_brand":[],"product_cat":[206,223,296,282,254],"product_tag":[272,195,570,284],"class_list":{"0":"post-14371","1":"product","2":"type-product","3":"status-publish","4":"has-post-thumbnail","6":"product_cat-cosmeticos-cremes-hidradantesperfumes","7":"product_cat-cremes-para-maos-e-pes","8":"product_cat-hidratantes-cremes","9":"product_cat-o-boticario","10":"product_cat-promocoes-descontos","11":"product_tag-cosmeticos","12":"product_tag-creme-hidratante","13":"product_tag-creme-para-as-maos","14":"product_tag-o-boticario","16":"first","17":"outofstock","18":"sale","19":"shipping-taxable","20":"purchasable","21":"product-type-simple"},"_links":{"self":[{"href":"https:\/\/sfashionaccessories.com\/index.php?rest_route=\/wp\/v2\/product\/14371","targetHints":{"allow":["GET"]}}],"collection":[{"href":"https:\/\/sfashionaccessories.com\/index.php?rest_route=\/wp\/v2\/product"}],"about":[{"href":"https:\/\/sfashionaccessories.com\/index.php?rest_route=\/wp\/v2\/types\/product"}],"replies":[{"embeddable":true,"href":"https:\/\/sfashionaccessories.com\/index.php?rest_route=%2Fwp%2Fv2%2Fcomments&post=14371"}],"wp:featuredmedia":[{"embeddable":true,"href":"https:\/\/sfashionaccessories.com\/index.php?rest_route=\/wp\/v2\/media\/14374"}],"wp:attachment":[{"href":"https:\/\/sfashionaccessories.com\/index.php?rest_route=%2Fwp%2Fv2%2Fmedia&parent=14371"}],"wp:term":[{"taxonomy":"product_brand","embeddable":true,"href":"https:\/\/sfashionaccessories.com\/index.php?rest_route=%2Fwp%2Fv2%2Fproduct_brand&post=14371"},{"taxonomy":"product_cat","embeddable":true,"href":"https:\/\/sfashionaccessories.com\/index.php?rest_route=%2Fwp%2Fv2%2Fproduct_cat&post=14371"},{"taxonomy":"product_tag","embeddable":true,"href":"https:\/\/sfashionaccessories.com\/index.php?rest_route=%2Fwp%2Fv2%2Fproduct_tag&post=14371"}],"curies":[{"name":"wp","href":"https:\/\/api.w.org\/{rel}","templated":true}]}}