{"id":14389,"date":"2025-04-24T12:26:38","date_gmt":"2025-04-24T03:26:38","guid":{"rendered":"https:\/\/sfashionaccessories.com\/?post_type=product&#038;p=14389"},"modified":"2026-03-18T09:57:18","modified_gmt":"2026-03-18T00:57:18","slug":"polpa-hidratante-para-as-maos-natura-ekos-andiroba-75g","status":"publish","type":"product","link":"https:\/\/sfashionaccessories.com\/?product=polpa-hidratante-para-as-maos-natura-ekos-andiroba-75g","title":{"rendered":"Polpa Hidratante para as M\u00e3os Natura Ekos Andiroba 75g"},"content":{"rendered":"<p>M\u00e3os e unhas mais saud\u00e1veis com o poder restaurador da Andiroba.Com fragr\u00e2ncia inconfund\u00edvel de andiroba, esta Polpa Hidratante nutre e repara a pele das m\u00e3os imediatamente. \u00c9 perfeita para combinar em um presente com outros produtos de Ekos Andiroba. Benef\u00edcios:<\/p>\n<p>\u2022Nutri\u00e7\u00e3o e repara\u00e7\u00e3o imediata.<\/p>\n<p>\u2022R\u00e1pida absor\u00e7\u00e3o.<\/p>\n<p>\u2022Fragr\u00e2ncia revigorante, com notas marcantes e frescas que contribuem para uma sensa\u00e7\u00e3o de bem-estar.<\/p>\n<p>\u2022Produto vegano.<\/p>\n<p>Conte\u00fado: 75 g<\/p>\n","protected":false},"excerpt":{"rendered":"<p>M\u00e3os e unhas mais saud\u00e1veis com o poder restaurador da Andiroba.Com fragr\u00e2ncia inconfund\u00edvel de andiroba, esta Polpa Hidratante nutre e repara a pele das m\u00e3os imediatamente. \u00c9 perfeita para combinar em um presente com outros produtos de Ekos Andiroba. Benef\u00edcios: \u2022Nutri\u00e7\u00e3o e repara\u00e7\u00e3o imediata. \u2022R\u00e1pida absor\u00e7\u00e3o. \u2022Fragr\u00e2ncia revigorante, com notas marcantes e frescas que contribuem [&hellip;]<\/p>\n","protected":false},"featured_media":21821,"comment_status":"open","ping_status":"closed","template":"","meta":{"_kadence_starter_templates_imported_post":false},"product_brand":[],"product_cat":[206,223,214,203],"product_tag":[272,570,234],"class_list":{"0":"post-14389","1":"product","2":"type-product","3":"status-publish","4":"has-post-thumbnail","6":"product_cat-cosmeticos-cremes-hidradantesperfumes","7":"product_cat-cremes-para-maos-e-pes","8":"product_cat-hidratantes-cremes-corporal","9":"product_cat-natura-creme-oleo-sabonete-perfume","10":"product_tag-cosmeticos","11":"product_tag-creme-para-as-maos","12":"product_tag-natura","14":"first","15":"instock","16":"shipping-taxable","17":"purchasable","18":"product-type-simple"},"_links":{"self":[{"href":"https:\/\/sfashionaccessories.com\/index.php?rest_route=\/wp\/v2\/product\/14389","targetHints":{"allow":["GET"]}}],"collection":[{"href":"https:\/\/sfashionaccessories.com\/index.php?rest_route=\/wp\/v2\/product"}],"about":[{"href":"https:\/\/sfashionaccessories.com\/index.php?rest_route=\/wp\/v2\/types\/product"}],"replies":[{"embeddable":true,"href":"https:\/\/sfashionaccessories.com\/index.php?rest_route=%2Fwp%2Fv2%2Fcomments&post=14389"}],"wp:featuredmedia":[{"embeddable":true,"href":"https:\/\/sfashionaccessories.com\/index.php?rest_route=\/wp\/v2\/media\/21821"}],"wp:attachment":[{"href":"https:\/\/sfashionaccessories.com\/index.php?rest_route=%2Fwp%2Fv2%2Fmedia&parent=14389"}],"wp:term":[{"taxonomy":"product_brand","embeddable":true,"href":"https:\/\/sfashionaccessories.com\/index.php?rest_route=%2Fwp%2Fv2%2Fproduct_brand&post=14389"},{"taxonomy":"product_cat","embeddable":true,"href":"https:\/\/sfashionaccessories.com\/index.php?rest_route=%2Fwp%2Fv2%2Fproduct_cat&post=14389"},{"taxonomy":"product_tag","embeddable":true,"href":"https:\/\/sfashionaccessories.com\/index.php?rest_route=%2Fwp%2Fv2%2Fproduct_tag&post=14389"}],"curies":[{"name":"wp","href":"https:\/\/api.w.org\/{rel}","templated":true}]}}