{"id":14415,"date":"2024-12-03T17:10:55","date_gmt":"2024-12-03T08:10:55","guid":{"rendered":"https:\/\/sfashionaccessories.com\/?post_type=product&#038;p=14415"},"modified":"2024-12-04T15:25:25","modified_gmt":"2024-12-04T06:25:25","slug":"jaqueta-sarja-sawary-274129","status":"publish","type":"product","link":"https:\/\/sfashionaccessories.com\/?product=jaqueta-sarja-sawary-274129","title":{"rendered":"JAQUETA SARJA Jeans SAWARY &#8211; 274129"},"content":{"rendered":"<p>Jaqueta confeccionada em sarja. Modelagem vers\u00e1til e atemporal<\/p>\n<ul>\n<li>Comprimento longo<\/li>\n<li>Fechamento com bot\u00e3o de press\u00e3o met\u00e1lico<\/li>\n<li>Dois bolsos frontais funcionais<\/li>\n<li>Modelagem: Jaqueta<\/li>\n<li>Tecido: Sarja<\/li>\n<li>Tipo de lavagem: Color<\/li>\n<li>Cor: Branco<\/li>\n<\/ul>\n","protected":false},"excerpt":{"rendered":"<p>Jaqueta confeccionada em sarja. Modelagem vers\u00e1til e atemporal Comprimento longo Fechamento com bot\u00e3o de press\u00e3o met\u00e1lico Dois bolsos frontais funcionais Modelagem: Jaqueta Tecido: Sarja Tipo de lavagem: Color Cor: Branco<\/p>\n","protected":false},"featured_media":14414,"comment_status":"open","ping_status":"closed","template":"","meta":{"_kadence_starter_templates_imported_post":false},"product_brand":[],"product_cat":[293,212,527,259],"product_tag":[395,428,463,134,256],"class_list":{"0":"post-14415","1":"product","2":"type-product","3":"status-publish","4":"has-post-thumbnail","6":"product_cat-feminino","7":"product_cat-jaquetas-casacos-blusas","8":"product_cat-jeans","9":"product_cat-sawary","10":"product_tag-feminino","11":"product_tag-jaqueta","12":"product_tag-jaqueta-jeans","13":"product_tag-jeans","14":"product_tag-sawary","16":"first","17":"instock","18":"sale","19":"shipping-taxable","20":"purchasable","21":"product-type-variable"},"_links":{"self":[{"href":"https:\/\/sfashionaccessories.com\/index.php?rest_route=\/wp\/v2\/product\/14415","targetHints":{"allow":["GET"]}}],"collection":[{"href":"https:\/\/sfashionaccessories.com\/index.php?rest_route=\/wp\/v2\/product"}],"about":[{"href":"https:\/\/sfashionaccessories.com\/index.php?rest_route=\/wp\/v2\/types\/product"}],"replies":[{"embeddable":true,"href":"https:\/\/sfashionaccessories.com\/index.php?rest_route=%2Fwp%2Fv2%2Fcomments&post=14415"}],"wp:featuredmedia":[{"embeddable":true,"href":"https:\/\/sfashionaccessories.com\/index.php?rest_route=\/wp\/v2\/media\/14414"}],"wp:attachment":[{"href":"https:\/\/sfashionaccessories.com\/index.php?rest_route=%2Fwp%2Fv2%2Fmedia&parent=14415"}],"wp:term":[{"taxonomy":"product_brand","embeddable":true,"href":"https:\/\/sfashionaccessories.com\/index.php?rest_route=%2Fwp%2Fv2%2Fproduct_brand&post=14415"},{"taxonomy":"product_cat","embeddable":true,"href":"https:\/\/sfashionaccessories.com\/index.php?rest_route=%2Fwp%2Fv2%2Fproduct_cat&post=14415"},{"taxonomy":"product_tag","embeddable":true,"href":"https:\/\/sfashionaccessories.com\/index.php?rest_route=%2Fwp%2Fv2%2Fproduct_tag&post=14415"}],"curies":[{"name":"wp","href":"https:\/\/api.w.org\/{rel}","templated":true}]}}