{"id":14472,"date":"2023-11-12T16:03:36","date_gmt":"2023-11-12T07:03:36","guid":{"rendered":"https:\/\/sfashionaccessories.com\/?post_type=product&#038;p=14472"},"modified":"2024-02-13T14:59:25","modified_gmt":"2024-02-13T05:59:25","slug":"blusa-com-amarracao-no-decote-floral-bege","status":"publish","type":"product","link":"https:\/\/sfashionaccessories.com\/?product=blusa-com-amarracao-no-decote-floral-bege","title":{"rendered":"Blusa com Amarra\u00e7\u00e3o no Decote Floral Bege"},"content":{"rendered":"<p>Blusa em malha creponada de poli\u00e9ster com elastano. Modelagem soltinha, com detalhe para amarra\u00e7\u00e3o no decote e mangas longas bufantes.<\/p>\n<p class=\"sc-dxgOiQ iIHmSY\">Modelagem: Solto<\/p>\n<p class=\"sc-dxgOiQ iIHmSY\">Comprimento da manga: Longa<\/p>\n<p class=\"sc-dxgOiQ iIHmSY\">Modelo da manga: Bufante<\/p>\n<p class=\"sc-dxgOiQ iIHmSY\">Decote frente: Gola la\u00e7o<\/p>\n<p class=\"sc-dxgOiQ iIHmSY\">Complemento: Detalhe para amarrar<\/p>\n<p class=\"sc-dxgOiQ iIHmSY\">Tecido: Malha crepe<\/p>\n","protected":false},"excerpt":{"rendered":"<p>Blusa em malha creponada de poli\u00e9ster com elastano. Modelagem soltinha, com detalhe para amarra\u00e7\u00e3o no decote e mangas longas bufantes. Modelagem: Solto Comprimento da manga: Longa Modelo da manga: Bufante Decote frente: Gola la\u00e7o Complemento: Detalhe para amarrar Tecido: Malha crepe<\/p>\n","protected":false},"featured_media":14471,"comment_status":"open","ping_status":"closed","template":"","meta":{"_kadence_starter_templates_imported_post":false},"product_brand":[],"product_cat":[172,43,293,254],"product_tag":[107,189,395],"class_list":{"0":"post-14472","1":"product","2":"type-product","3":"status-publish","4":"has-post-thumbnail","6":"product_cat-blusas-tops-e-camisetas","7":"product_cat-blusas-camisetas-femininas","8":"product_cat-feminino","9":"product_cat-promocoes-descontos","10":"product_tag-blusa-top","11":"product_tag-blusas","12":"product_tag-feminino","14":"first","15":"instock","16":"sale","17":"shipping-taxable","18":"purchasable","19":"product-type-variable"},"_links":{"self":[{"href":"https:\/\/sfashionaccessories.com\/index.php?rest_route=\/wp\/v2\/product\/14472","targetHints":{"allow":["GET"]}}],"collection":[{"href":"https:\/\/sfashionaccessories.com\/index.php?rest_route=\/wp\/v2\/product"}],"about":[{"href":"https:\/\/sfashionaccessories.com\/index.php?rest_route=\/wp\/v2\/types\/product"}],"replies":[{"embeddable":true,"href":"https:\/\/sfashionaccessories.com\/index.php?rest_route=%2Fwp%2Fv2%2Fcomments&post=14472"}],"wp:featuredmedia":[{"embeddable":true,"href":"https:\/\/sfashionaccessories.com\/index.php?rest_route=\/wp\/v2\/media\/14471"}],"wp:attachment":[{"href":"https:\/\/sfashionaccessories.com\/index.php?rest_route=%2Fwp%2Fv2%2Fmedia&parent=14472"}],"wp:term":[{"taxonomy":"product_brand","embeddable":true,"href":"https:\/\/sfashionaccessories.com\/index.php?rest_route=%2Fwp%2Fv2%2Fproduct_brand&post=14472"},{"taxonomy":"product_cat","embeddable":true,"href":"https:\/\/sfashionaccessories.com\/index.php?rest_route=%2Fwp%2Fv2%2Fproduct_cat&post=14472"},{"taxonomy":"product_tag","embeddable":true,"href":"https:\/\/sfashionaccessories.com\/index.php?rest_route=%2Fwp%2Fv2%2Fproduct_tag&post=14472"}],"curies":[{"name":"wp","href":"https:\/\/api.w.org\/{rel}","templated":true}]}}