{"id":14594,"date":"2025-03-23T08:26:32","date_gmt":"2025-03-22T23:26:32","guid":{"rendered":"https:\/\/sfashionaccessories.com\/?post_type=product&#038;p=14594"},"modified":"2026-03-15T12:55:52","modified_gmt":"2026-03-15T03:55:52","slug":"desodorante-rexona-men-clinical-clean-antitranspirante-masculino-96h-creme-58g","status":"publish","type":"product","link":"https:\/\/sfashionaccessories.com\/?product=desodorante-rexona-men-clinical-clean-antitranspirante-masculino-96h-creme-58g","title":{"rendered":"Desodorante Rexona Men Clinical Clean Antitranspirante Masculino 96h Creme 58g"},"content":{"rendered":"<div class=\"sc-fqkvVR heuZyN sc-dnvZjJ dtJjfe\" data-testid=\"product-detail-description\">\n<div class=\"sc-fqkvVR hlqElk sc-jcdlHQ cxsdMT\" data-testid=\"rich-content-container\">\n<p>Rexona Men Clinical Clean \u00e9 um\u00a0 antitranspirante em creme, que oferece tr\u00eas vezes mais prote\u00e7\u00e3o que um antitranspirante comum, al\u00e9m de proporcionar frescor, conforto e seguran\u00e7a.<\/p>\n<p>Indicado para homens que sofrem com transpira\u00e7\u00e3o excessiva, sua f\u00f3rmula termo-ativa conta com exclusiva tecnologiaTriSolid, que se adapta ao organismo, ajudando a prevenir a transpira\u00e7\u00e3o e o mau odor para homens que precisam de m\u00e1xima prote\u00e7\u00e3o.<\/p>\n<p>Benef\u00edcios<\/p>\n<p>Protege 3x mais contra a transpira\u00e7\u00e3o excessiva que um antitranspirante comum.<\/p>\n<p>M\u00e1xima prote\u00e7\u00e3o de Rexona.<\/p>\n<p>Tecnologia TRIsolid.<\/p>\n<p>Controla o suor excessivo e previne o mau odor por 96 horas.<\/p>\n<p>Proporciona frescor, conforto e seguran\u00e7a.<\/p>\n<p>20% tetraclorohidrex de alum\u00ednio\/zirc\u00f4nio GLY.<\/p>\n<p>Testado dermatologicamente.<\/p>\n<\/div>\n<\/div>\n","protected":false},"excerpt":{"rendered":"<p>Rexona Men Clinical Clean \u00e9 um\u00a0 antitranspirante em creme, que oferece tr\u00eas vezes mais prote\u00e7\u00e3o que um antitranspirante comum, al\u00e9m de proporcionar frescor, conforto e seguran\u00e7a. Indicado para homens que sofrem com transpira\u00e7\u00e3o excessiva, sua f\u00f3rmula termo-ativa conta com exclusiva tecnologiaTriSolid, que se adapta ao organismo, ajudando a prevenir a transpira\u00e7\u00e3o e o mau odor [&hellip;]<\/p>\n","protected":false},"featured_media":14595,"comment_status":"open","ping_status":"closed","template":"","meta":{"_kadence_starter_templates_imported_post":false},"product_brand":[],"product_cat":[206,276,277,590],"product_tag":[272,239,279],"class_list":{"0":"post-14594","1":"product","2":"type-product","3":"status-publish","4":"has-post-thumbnail","6":"product_cat-cosmeticos-cremes-hidradantesperfumes","7":"product_cat-desodorante","8":"product_cat-desodorante-masculino","9":"product_cat-rexona","10":"product_tag-cosmeticos","11":"product_tag-desodorante","12":"product_tag-rexona","14":"first","15":"instock","16":"sale","17":"shipping-taxable","18":"purchasable","19":"product-type-simple"},"_links":{"self":[{"href":"https:\/\/sfashionaccessories.com\/index.php?rest_route=\/wp\/v2\/product\/14594","targetHints":{"allow":["GET"]}}],"collection":[{"href":"https:\/\/sfashionaccessories.com\/index.php?rest_route=\/wp\/v2\/product"}],"about":[{"href":"https:\/\/sfashionaccessories.com\/index.php?rest_route=\/wp\/v2\/types\/product"}],"replies":[{"embeddable":true,"href":"https:\/\/sfashionaccessories.com\/index.php?rest_route=%2Fwp%2Fv2%2Fcomments&post=14594"}],"wp:featuredmedia":[{"embeddable":true,"href":"https:\/\/sfashionaccessories.com\/index.php?rest_route=\/wp\/v2\/media\/14595"}],"wp:attachment":[{"href":"https:\/\/sfashionaccessories.com\/index.php?rest_route=%2Fwp%2Fv2%2Fmedia&parent=14594"}],"wp:term":[{"taxonomy":"product_brand","embeddable":true,"href":"https:\/\/sfashionaccessories.com\/index.php?rest_route=%2Fwp%2Fv2%2Fproduct_brand&post=14594"},{"taxonomy":"product_cat","embeddable":true,"href":"https:\/\/sfashionaccessories.com\/index.php?rest_route=%2Fwp%2Fv2%2Fproduct_cat&post=14594"},{"taxonomy":"product_tag","embeddable":true,"href":"https:\/\/sfashionaccessories.com\/index.php?rest_route=%2Fwp%2Fv2%2Fproduct_tag&post=14594"}],"curies":[{"name":"wp","href":"https:\/\/api.w.org\/{rel}","templated":true}]}}