{"id":14617,"date":"2025-03-13T13:21:39","date_gmt":"2025-03-13T04:21:39","guid":{"rendered":"https:\/\/sfashionaccessories.com\/?post_type=product&#038;p=14617"},"modified":"2025-07-09T17:00:29","modified_gmt":"2025-07-09T08:00:29","slug":"hidratante-corporal-o-boticario-cuide-se-bem-nuvem-400ml-oboticario","status":"publish","type":"product","link":"https:\/\/sfashionaccessories.com\/?product=hidratante-corporal-o-boticario-cuide-se-bem-nuvem-400ml-oboticario","title":{"rendered":"Hidratante corporal o boticario cuide-se bem nuvem 400ml &#8211; oBOTIC\u00c1RIO"},"content":{"rendered":"<p>Deixe sua pele macia e hidratada, envolta por uma fragr\u00e2ncia que \u00e9 pura delicadeza com o Cuide-se Bem Nuvem Lo\u00e7\u00e3o Hidratante Desodorante Corporal. Com uma fragr\u00e2ncia aconchegante, o hidratante corporal Nuvens vai deixar sua pele com um delicioso toque sedoso. O hidratante tem textura leve, sendo absorvido rapidinho, sem deixar aquela sensa\u00e7\u00e3o de pele grudenta al\u00e9m de deixar a pele hidratada por at\u00e9 96 horas. O hidratante ainda vai deixar sua pele delicadamente perfumada, com a suave fragr\u00e2ncia da linha Nuvem. Cont\u00e9m: 400ml<\/p>\n","protected":false},"excerpt":{"rendered":"<p>Deixe sua pele macia e hidratada, envolta por uma fragr\u00e2ncia que \u00e9 pura delicadeza com o Cuide-se Bem Nuvem Lo\u00e7\u00e3o Hidratante Desodorante Corporal. Com uma fragr\u00e2ncia aconchegante, o hidratante corporal Nuvens vai deixar sua pele com um delicioso toque sedoso. O hidratante tem textura leve, sendo absorvido rapidinho, sem deixar aquela sensa\u00e7\u00e3o de pele grudenta [&hellip;]<\/p>\n","protected":false},"featured_media":21267,"comment_status":"open","ping_status":"closed","template":"","meta":{"_kadence_starter_templates_imported_post":false},"product_brand":[],"product_cat":[206,296,282],"product_tag":[272,195,284],"class_list":{"0":"post-14617","1":"product","2":"type-product","3":"status-publish","4":"has-post-thumbnail","6":"product_cat-cosmeticos-cremes-hidradantesperfumes","7":"product_cat-hidratantes-cremes","8":"product_cat-o-boticario","9":"product_tag-cosmeticos","10":"product_tag-creme-hidratante","11":"product_tag-o-boticario","13":"first","14":"outofstock","15":"shipping-taxable","16":"purchasable","17":"product-type-simple"},"_links":{"self":[{"href":"https:\/\/sfashionaccessories.com\/index.php?rest_route=\/wp\/v2\/product\/14617","targetHints":{"allow":["GET"]}}],"collection":[{"href":"https:\/\/sfashionaccessories.com\/index.php?rest_route=\/wp\/v2\/product"}],"about":[{"href":"https:\/\/sfashionaccessories.com\/index.php?rest_route=\/wp\/v2\/types\/product"}],"replies":[{"embeddable":true,"href":"https:\/\/sfashionaccessories.com\/index.php?rest_route=%2Fwp%2Fv2%2Fcomments&post=14617"}],"wp:featuredmedia":[{"embeddable":true,"href":"https:\/\/sfashionaccessories.com\/index.php?rest_route=\/wp\/v2\/media\/21267"}],"wp:attachment":[{"href":"https:\/\/sfashionaccessories.com\/index.php?rest_route=%2Fwp%2Fv2%2Fmedia&parent=14617"}],"wp:term":[{"taxonomy":"product_brand","embeddable":true,"href":"https:\/\/sfashionaccessories.com\/index.php?rest_route=%2Fwp%2Fv2%2Fproduct_brand&post=14617"},{"taxonomy":"product_cat","embeddable":true,"href":"https:\/\/sfashionaccessories.com\/index.php?rest_route=%2Fwp%2Fv2%2Fproduct_cat&post=14617"},{"taxonomy":"product_tag","embeddable":true,"href":"https:\/\/sfashionaccessories.com\/index.php?rest_route=%2Fwp%2Fv2%2Fproduct_tag&post=14617"}],"curies":[{"name":"wp","href":"https:\/\/api.w.org\/{rel}","templated":true}]}}