{"id":15161,"date":"2024-01-14T19:00:03","date_gmt":"2024-01-14T10:00:03","guid":{"rendered":"https:\/\/sfashionaccessories.com\/?post_type=product&#038;p=15161"},"modified":"2024-05-10T11:57:41","modified_gmt":"2024-05-10T02:57:41","slug":"top-linho-sawary-276020","status":"publish","type":"product","link":"https:\/\/sfashionaccessories.com\/?product=top-linho-sawary-276020","title":{"rendered":"blusaTOP LINHO SAWARY &#8211; 276020"},"content":{"rendered":"<p>Top feminino confeccionado em linho.<\/p>\n<ul>\n<li>O produto possui modelagem cropped com comprimento em torno da altura da cintura<\/li>\n<li>Possui fechamento posterior por z\u00edper<\/li>\n<li>As al\u00e7as s\u00e3o finas e o decote \u00e9 reto<\/li>\n<li>Tecido: linho<\/li>\n<li>Cor: Preto<\/li>\n<\/ul>\n","protected":false},"excerpt":{"rendered":"<p>Top feminino confeccionado em linho. O produto possui modelagem cropped com comprimento em torno da altura da cintura Possui fechamento posterior por z\u00edper As al\u00e7as s\u00e3o finas e o decote \u00e9 reto Tecido: linho Cor: Preto<\/p>\n","protected":false},"featured_media":15166,"comment_status":"open","ping_status":"closed","template":"","meta":{"_kadence_starter_templates_imported_post":false},"product_brand":[],"product_cat":[172,293,259],"product_tag":[107,395,256],"class_list":{"0":"post-15161","1":"product","2":"type-product","3":"status-publish","4":"has-post-thumbnail","6":"product_cat-blusas-tops-e-camisetas","7":"product_cat-feminino","8":"product_cat-sawary","9":"product_tag-blusa-top","10":"product_tag-feminino","11":"product_tag-sawary","13":"first","14":"instock","15":"shipping-taxable","16":"purchasable","17":"product-type-variable"},"_links":{"self":[{"href":"https:\/\/sfashionaccessories.com\/index.php?rest_route=\/wp\/v2\/product\/15161","targetHints":{"allow":["GET"]}}],"collection":[{"href":"https:\/\/sfashionaccessories.com\/index.php?rest_route=\/wp\/v2\/product"}],"about":[{"href":"https:\/\/sfashionaccessories.com\/index.php?rest_route=\/wp\/v2\/types\/product"}],"replies":[{"embeddable":true,"href":"https:\/\/sfashionaccessories.com\/index.php?rest_route=%2Fwp%2Fv2%2Fcomments&post=15161"}],"wp:featuredmedia":[{"embeddable":true,"href":"https:\/\/sfashionaccessories.com\/index.php?rest_route=\/wp\/v2\/media\/15166"}],"wp:attachment":[{"href":"https:\/\/sfashionaccessories.com\/index.php?rest_route=%2Fwp%2Fv2%2Fmedia&parent=15161"}],"wp:term":[{"taxonomy":"product_brand","embeddable":true,"href":"https:\/\/sfashionaccessories.com\/index.php?rest_route=%2Fwp%2Fv2%2Fproduct_brand&post=15161"},{"taxonomy":"product_cat","embeddable":true,"href":"https:\/\/sfashionaccessories.com\/index.php?rest_route=%2Fwp%2Fv2%2Fproduct_cat&post=15161"},{"taxonomy":"product_tag","embeddable":true,"href":"https:\/\/sfashionaccessories.com\/index.php?rest_route=%2Fwp%2Fv2%2Fproduct_tag&post=15161"}],"curies":[{"name":"wp","href":"https:\/\/api.w.org\/{rel}","templated":true}]}}