{"id":15274,"date":"2025-06-30T19:04:25","date_gmt":"2025-06-30T10:04:25","guid":{"rendered":"https:\/\/sfashionaccessories.com\/?post_type=product&#038;p=15274"},"modified":"2026-04-05T17:08:00","modified_gmt":"2026-04-05T08:08:00","slug":"desodorante-roll-on-feminino-luna-natura-75ml","status":"publish","type":"product","link":"https:\/\/sfashionaccessories.com\/?product=desodorante-roll-on-feminino-luna-natura-75ml","title":{"rendered":"Desodorante Roll on Feminino Luna Natura 75ml"},"content":{"rendered":"<div class=\"sc-fqkvVR clbOvz sc-jLgLzE fuicqS\" data-testid=\"product-detail\">\n<div class=\"sc-fqkvVR heuZyN sc-cDJyZ bJNKiW\" data-testid=\"product-detail-description\">\n<div class=\"sc-fqkvVR hlqElk sc-bTcWjT uPGqr\" data-testid=\"rich-content-container\">\n<div class=\"relative flex\">\n<div class=\"flex gap-2 items-center\"><span class=\"text-sm font-bold\">protege as axilas e perfuma com a fragr\u00e2ncia inconfund\u00edvel de Luna.<\/span><\/div>\n<\/div>\n<div class=\"relative flex\">\n<div class=\"flex gap-2 items-center\">\n<p><strong>\u2022<\/strong>\u00a0alta prote\u00e7\u00e3o por at\u00e9\u00a0<strong>72 horas<\/strong><\/p>\n<p><strong>\u2022<\/strong>\u00a0cuida da pele com\u00a0<strong>ativos naturais<\/strong><\/p>\n<p><strong>\u2022<\/strong>\u00a0tecnologia invis\u00edvel que\u00a0<strong>n\u00e3o mancha roupas<\/strong>\u00a0claras e escuras<\/p>\n<p><strong>\u2022 bioinova\u00e7\u00e3o:<\/strong>\u00a0combina o melhor da ci\u00eancia e da natureza<\/p>\n<p><strong>\u2022<\/strong>\u00a0fragr\u00e2ncia chipre moderado de Luna.<\/p>\n<\/div>\n<\/div>\n<\/div>\n<\/div>\n<\/div>\n","protected":false},"excerpt":{"rendered":"<p>protege as axilas e perfuma com a fragr\u00e2ncia inconfund\u00edvel de Luna. \u2022\u00a0alta prote\u00e7\u00e3o por at\u00e9\u00a072 horas \u2022\u00a0cuida da pele com\u00a0ativos naturais \u2022\u00a0tecnologia invis\u00edvel que\u00a0n\u00e3o mancha roupas\u00a0claras e escuras \u2022 bioinova\u00e7\u00e3o:\u00a0combina o melhor da ci\u00eancia e da natureza \u2022\u00a0fragr\u00e2ncia chipre moderado de Luna.<\/p>\n","protected":false},"featured_media":25204,"comment_status":"open","ping_status":"closed","template":"","meta":{"_kadence_starter_templates_imported_post":false},"product_brand":[],"product_cat":[206,278,213,203],"product_tag":[272,239,395,234],"class_list":{"0":"post-15274","1":"product","2":"type-product","3":"status-publish","4":"has-post-thumbnail","6":"product_cat-cosmeticos-cremes-hidradantesperfumes","7":"product_cat-desodorante-feminino","8":"product_cat-desodorantes-anti-transpirantes","9":"product_cat-natura-creme-oleo-sabonete-perfume","10":"product_tag-cosmeticos","11":"product_tag-desodorante","12":"product_tag-feminino","13":"product_tag-natura","15":"first","16":"instock","17":"shipping-taxable","18":"purchasable","19":"product-type-simple"},"_links":{"self":[{"href":"https:\/\/sfashionaccessories.com\/index.php?rest_route=\/wp\/v2\/product\/15274","targetHints":{"allow":["GET"]}}],"collection":[{"href":"https:\/\/sfashionaccessories.com\/index.php?rest_route=\/wp\/v2\/product"}],"about":[{"href":"https:\/\/sfashionaccessories.com\/index.php?rest_route=\/wp\/v2\/types\/product"}],"replies":[{"embeddable":true,"href":"https:\/\/sfashionaccessories.com\/index.php?rest_route=%2Fwp%2Fv2%2Fcomments&post=15274"}],"wp:featuredmedia":[{"embeddable":true,"href":"https:\/\/sfashionaccessories.com\/index.php?rest_route=\/wp\/v2\/media\/25204"}],"wp:attachment":[{"href":"https:\/\/sfashionaccessories.com\/index.php?rest_route=%2Fwp%2Fv2%2Fmedia&parent=15274"}],"wp:term":[{"taxonomy":"product_brand","embeddable":true,"href":"https:\/\/sfashionaccessories.com\/index.php?rest_route=%2Fwp%2Fv2%2Fproduct_brand&post=15274"},{"taxonomy":"product_cat","embeddable":true,"href":"https:\/\/sfashionaccessories.com\/index.php?rest_route=%2Fwp%2Fv2%2Fproduct_cat&post=15274"},{"taxonomy":"product_tag","embeddable":true,"href":"https:\/\/sfashionaccessories.com\/index.php?rest_route=%2Fwp%2Fv2%2Fproduct_tag&post=15274"}],"curies":[{"name":"wp","href":"https:\/\/api.w.org\/{rel}","templated":true}]}}