{"id":15350,"date":"2024-07-14T13:50:00","date_gmt":"2024-07-14T04:50:00","guid":{"rendered":"https:\/\/sfashionaccessories.com\/?post_type=product&#038;p=15350"},"modified":"2025-10-26T21:25:59","modified_gmt":"2025-10-26T12:25:59","slug":"cropped-ciganinha-lurex-salvatore-fashion","status":"publish","type":"product","link":"https:\/\/sfashionaccessories.com\/?product=cropped-ciganinha-lurex-salvatore-fashion","title":{"rendered":"Cropped\u3000blusa Ciganinha Lurex Salvatore Fashion"},"content":{"rendered":"<p>O cropped ciganinha \u00e9 ideal para o ver\u00e3o e voc\u00ea vai se surpreender com a modelagem! O tecido viscolinho com lurex \u00e9 uma das tend\u00eancias atuais que mais est\u00e3o em alta. Confeccionada em tecido leve, fino e macio ao toque, ideal para esbanjar conforto e delicadeza. Possui el\u00e1stico nas extremidades que, al\u00e9m de dar um charme, ajuda a mant\u00ea-la no lugar destacando o design ciganinha ombro a ombro e facilitando o vestir. Possui cadar\u00e7o fake. Modelo veste tamanho P. Medidas da modelo: Altura 1,70 \u2013 Busto 88 \u2013 Cintura 61 \u2013 Quadril 92 \u2013 Manequim 36. Composi\u00e7\u00e3o: 97% visco, 03% elastano.<\/p>\n","protected":false},"excerpt":{"rendered":"<p>O cropped ciganinha \u00e9 ideal para o ver\u00e3o e voc\u00ea vai se surpreender com a modelagem! O tecido viscolinho com lurex \u00e9 uma das tend\u00eancias atuais que mais est\u00e3o em alta. Confeccionada em tecido leve, fino e macio ao toque, ideal para esbanjar conforto e delicadeza. Possui el\u00e1stico nas extremidades que, al\u00e9m de dar um [&hellip;]<\/p>\n","protected":false},"featured_media":17660,"comment_status":"open","ping_status":"closed","template":"","meta":{"_kadence_starter_templates_imported_post":false},"product_brand":[],"product_cat":[172,43,293,714],"product_tag":[189,395,188],"class_list":{"0":"post-15350","1":"product","2":"type-product","3":"status-publish","4":"has-post-thumbnail","6":"product_cat-blusas-tops-e-camisetas","7":"product_cat-blusas-camisetas-femininas","8":"product_cat-feminino","9":"product_cat-salvatore","10":"product_tag-blusas","11":"product_tag-feminino","12":"product_tag-moda-feminina","14":"first","15":"instock","16":"shipping-taxable","17":"purchasable","18":"product-type-variable"},"_links":{"self":[{"href":"https:\/\/sfashionaccessories.com\/index.php?rest_route=\/wp\/v2\/product\/15350","targetHints":{"allow":["GET"]}}],"collection":[{"href":"https:\/\/sfashionaccessories.com\/index.php?rest_route=\/wp\/v2\/product"}],"about":[{"href":"https:\/\/sfashionaccessories.com\/index.php?rest_route=\/wp\/v2\/types\/product"}],"replies":[{"embeddable":true,"href":"https:\/\/sfashionaccessories.com\/index.php?rest_route=%2Fwp%2Fv2%2Fcomments&post=15350"}],"wp:featuredmedia":[{"embeddable":true,"href":"https:\/\/sfashionaccessories.com\/index.php?rest_route=\/wp\/v2\/media\/17660"}],"wp:attachment":[{"href":"https:\/\/sfashionaccessories.com\/index.php?rest_route=%2Fwp%2Fv2%2Fmedia&parent=15350"}],"wp:term":[{"taxonomy":"product_brand","embeddable":true,"href":"https:\/\/sfashionaccessories.com\/index.php?rest_route=%2Fwp%2Fv2%2Fproduct_brand&post=15350"},{"taxonomy":"product_cat","embeddable":true,"href":"https:\/\/sfashionaccessories.com\/index.php?rest_route=%2Fwp%2Fv2%2Fproduct_cat&post=15350"},{"taxonomy":"product_tag","embeddable":true,"href":"https:\/\/sfashionaccessories.com\/index.php?rest_route=%2Fwp%2Fv2%2Fproduct_tag&post=15350"}],"curies":[{"name":"wp","href":"https:\/\/api.w.org\/{rel}","templated":true}]}}