{"id":15362,"date":"2026-01-30T12:30:14","date_gmt":"2026-01-30T03:30:14","guid":{"rendered":"https:\/\/sfashionaccessories.com\/?post_type=product&#038;p=15362"},"modified":"2026-01-30T12:36:20","modified_gmt":"2026-01-30T03:36:20","slug":"pantalona-viscose-lurex-salvatore","status":"publish","type":"product","link":"https:\/\/sfashionaccessories.com\/?product=pantalona-viscose-lurex-salvatore","title":{"rendered":"Pantalona Viscose Lurex Salvatore"},"content":{"rendered":"<p><span class=\"selectable-text copyable-text\">A cal\u00e7a pantalona \u00e9 um cl\u00e1ssico no guarda-roupa feminino! Nesse modelo voc\u00ea encontra um diferencial, ela possui brilho em lurex por toda a pe\u00e7a.\u00a0<\/span>Com uma modelagem ampla, corte reto, c\u00f3s com el\u00e1stico e bolsos frontais funcionais, ela traz ao look muita eleg\u00e2ncia e ao mesmo tempo versatilidade. Modelo veste tamanho P. Medidas da modelo: Altura 1,70 \u2013 Busto 88 \u2013 Cintura 61 \u2013 Quadril 92 \u2013 Manequim 36. Composi\u00e7\u00e3o: 97% visco, 03% elastano.<\/p>\n","protected":false},"excerpt":{"rendered":"<p>A cal\u00e7a pantalona \u00e9 um cl\u00e1ssico no guarda-roupa feminino! Nesse modelo voc\u00ea encontra um diferencial, ela possui brilho em lurex por toda a pe\u00e7a.\u00a0Com uma modelagem ampla, corte reto, c\u00f3s com el\u00e1stico e bolsos frontais funcionais, ela traz ao look muita eleg\u00e2ncia e ao mesmo tempo versatilidade. Modelo veste tamanho P. Medidas da modelo: Altura [&hellip;]<\/p>\n","protected":false},"featured_media":17645,"comment_status":"open","ping_status":"closed","template":"","meta":{"_kadence_starter_templates_imported_post":false},"product_brand":[],"product_cat":[465,508,293,503,714],"product_tag":[242,395,188,716],"class_list":{"0":"post-15362","1":"product","2":"type-product","3":"status-publish","4":"has-post-thumbnail","6":"product_cat-anuncios","7":"product_cat-calcas-femininas","8":"product_cat-feminino","9":"product_cat-medidas-padrao-feminina-roupas-em-geral","10":"product_cat-salvatore","11":"product_tag-calcas-femininas","12":"product_tag-feminino","13":"product_tag-moda-feminina","14":"product_tag-salvatore","16":"first","17":"instock","18":"sale","19":"shipping-taxable","20":"purchasable","21":"product-type-variable"},"_links":{"self":[{"href":"https:\/\/sfashionaccessories.com\/index.php?rest_route=\/wp\/v2\/product\/15362","targetHints":{"allow":["GET"]}}],"collection":[{"href":"https:\/\/sfashionaccessories.com\/index.php?rest_route=\/wp\/v2\/product"}],"about":[{"href":"https:\/\/sfashionaccessories.com\/index.php?rest_route=\/wp\/v2\/types\/product"}],"replies":[{"embeddable":true,"href":"https:\/\/sfashionaccessories.com\/index.php?rest_route=%2Fwp%2Fv2%2Fcomments&post=15362"}],"wp:featuredmedia":[{"embeddable":true,"href":"https:\/\/sfashionaccessories.com\/index.php?rest_route=\/wp\/v2\/media\/17645"}],"wp:attachment":[{"href":"https:\/\/sfashionaccessories.com\/index.php?rest_route=%2Fwp%2Fv2%2Fmedia&parent=15362"}],"wp:term":[{"taxonomy":"product_brand","embeddable":true,"href":"https:\/\/sfashionaccessories.com\/index.php?rest_route=%2Fwp%2Fv2%2Fproduct_brand&post=15362"},{"taxonomy":"product_cat","embeddable":true,"href":"https:\/\/sfashionaccessories.com\/index.php?rest_route=%2Fwp%2Fv2%2Fproduct_cat&post=15362"},{"taxonomy":"product_tag","embeddable":true,"href":"https:\/\/sfashionaccessories.com\/index.php?rest_route=%2Fwp%2Fv2%2Fproduct_tag&post=15362"}],"curies":[{"name":"wp","href":"https:\/\/api.w.org\/{rel}","templated":true}]}}