{"id":15400,"date":"2024-02-17T10:43:23","date_gmt":"2024-02-17T01:43:23","guid":{"rendered":"https:\/\/sfashionaccessories.com\/?post_type=product&#038;p=15400"},"modified":"2026-03-01T12:09:42","modified_gmt":"2026-03-01T03:09:42","slug":"body-splash-nativa-spa-orquidea-noire-oboticario-200ml","status":"publish","type":"product","link":"https:\/\/sfashionaccessories.com\/?product=body-splash-nativa-spa-orquidea-noire-oboticario-200ml","title":{"rendered":"Body Splash Nativa Spa Orqu\u00eddea Noire &#8211; oBoticario &#8211; 200ml"},"content":{"rendered":"<p><span class=\"sc-kpDqfm qhIEo\" data-testid=\"product-detail-title\">Body Splash Nativa Spa Orqu\u00eddea Noire 200ml<\/span><\/p>\n<div class=\"sc-fqkvVR heuZyN sc-eODrEC falkMS\" data-testid=\"product-detail-description\">\n<div class=\"sc-fqkvVR hlqElk sc-jLgLzE jLZeRJ\" data-testid=\"rich-content-container\">Com uma fragr\u00e2ncia ex\u00f3tica e sensual, o body splash de Nativa SPA Orqu\u00eddea Noire deixa a noite marcante.<\/div>\n<\/div>\n","protected":false},"excerpt":{"rendered":"<p>Body Splash Nativa Spa Orqu\u00eddea Noire 200ml Com uma fragr\u00e2ncia ex\u00f3tica e sensual, o body splash de Nativa SPA Orqu\u00eddea Noire deixa a noite marcante.<\/p>\n","protected":false},"featured_media":15402,"comment_status":"open","ping_status":"closed","template":"","meta":{"_kadence_starter_templates_imported_post":false},"product_brand":[],"product_cat":[15,530,206,282],"product_tag":[412,272,284],"class_list":{"0":"post-15400","1":"product","2":"type-product","3":"status-publish","4":"has-post-thumbnail","6":"product_cat-padrao","7":"product_cat-body-splash","8":"product_cat-cosmeticos-cremes-hidradantesperfumes","9":"product_cat-o-boticario","10":"product_tag-body-splash","11":"product_tag-cosmeticos","12":"product_tag-o-boticario","14":"first","15":"instock","16":"sale","17":"shipping-taxable","18":"purchasable","19":"product-type-simple"},"_links":{"self":[{"href":"https:\/\/sfashionaccessories.com\/index.php?rest_route=\/wp\/v2\/product\/15400","targetHints":{"allow":["GET"]}}],"collection":[{"href":"https:\/\/sfashionaccessories.com\/index.php?rest_route=\/wp\/v2\/product"}],"about":[{"href":"https:\/\/sfashionaccessories.com\/index.php?rest_route=\/wp\/v2\/types\/product"}],"replies":[{"embeddable":true,"href":"https:\/\/sfashionaccessories.com\/index.php?rest_route=%2Fwp%2Fv2%2Fcomments&post=15400"}],"wp:featuredmedia":[{"embeddable":true,"href":"https:\/\/sfashionaccessories.com\/index.php?rest_route=\/wp\/v2\/media\/15402"}],"wp:attachment":[{"href":"https:\/\/sfashionaccessories.com\/index.php?rest_route=%2Fwp%2Fv2%2Fmedia&parent=15400"}],"wp:term":[{"taxonomy":"product_brand","embeddable":true,"href":"https:\/\/sfashionaccessories.com\/index.php?rest_route=%2Fwp%2Fv2%2Fproduct_brand&post=15400"},{"taxonomy":"product_cat","embeddable":true,"href":"https:\/\/sfashionaccessories.com\/index.php?rest_route=%2Fwp%2Fv2%2Fproduct_cat&post=15400"},{"taxonomy":"product_tag","embeddable":true,"href":"https:\/\/sfashionaccessories.com\/index.php?rest_route=%2Fwp%2Fv2%2Fproduct_tag&post=15400"}],"curies":[{"name":"wp","href":"https:\/\/api.w.org\/{rel}","templated":true}]}}