{"id":15427,"date":"2026-01-19T14:25:57","date_gmt":"2026-01-19T05:25:57","guid":{"rendered":"https:\/\/sfashionaccessories.com\/?post_type=product&#038;p=15427"},"modified":"2026-02-11T14:24:21","modified_gmt":"2026-02-11T05:24:21","slug":"refil-oleo-trifasico-corporal-natura-ekos-maracuja-200ml","status":"publish","type":"product","link":"https:\/\/sfashionaccessories.com\/?product=refil-oleo-trifasico-corporal-natura-ekos-maracuja-200ml","title":{"rendered":"Refil \u00d3leo Trif\u00e1sico Corporal Natura Ekos Maracuj\u00e1 200ml"},"content":{"rendered":"<p>Este \u00f3leo trif\u00e1sico desodorante para o corpo, com uma textura surpreendente, forma um filme protetor e perfuma a pele. Cont\u00e9m \u00f3leo bruto de maracuj\u00e1, rico em \u00e1cidos graxos essenciais, que ajudam a combater as manifesta\u00e7\u00f5es do estresse cut\u00e2neo, capaz de acalmar e reequilibrar a pele. Al\u00e9m de hidratar ao logo do dia e real\u00e7ar o seu tom natural, trazendo uma sensa\u00e7\u00e3o de bem-estar e relaxamento.<\/p>\n","protected":false},"excerpt":{"rendered":"<p>Este \u00f3leo trif\u00e1sico desodorante para o corpo, com uma textura surpreendente, forma um filme protetor e perfuma a pele. Cont\u00e9m \u00f3leo bruto de maracuj\u00e1, rico em \u00e1cidos graxos essenciais, que ajudam a combater as manifesta\u00e7\u00f5es do estresse cut\u00e2neo, capaz de acalmar e reequilibrar a pele. Al\u00e9m de hidratar ao logo do dia e real\u00e7ar o [&hellip;]<\/p>\n","protected":false},"featured_media":15428,"comment_status":"open","ping_status":"closed","template":"","meta":{"_kadence_starter_templates_imported_post":false},"product_brand":[],"product_cat":[206,203,542,547],"product_tag":[272,234,418,316],"class_list":{"0":"post-15427","1":"product","2":"type-product","3":"status-publish","4":"has-post-thumbnail","6":"product_cat-cosmeticos-cremes-hidradantesperfumes","7":"product_cat-natura-creme-oleo-sabonete-perfume","8":"product_cat-oleo-corporal","9":"product_cat-refil","10":"product_tag-cosmeticos","11":"product_tag-natura","12":"product_tag-oleo","13":"product_tag-refil","15":"first","16":"outofstock","17":"sale","18":"shipping-taxable","19":"purchasable","20":"product-type-simple"},"_links":{"self":[{"href":"https:\/\/sfashionaccessories.com\/index.php?rest_route=\/wp\/v2\/product\/15427","targetHints":{"allow":["GET"]}}],"collection":[{"href":"https:\/\/sfashionaccessories.com\/index.php?rest_route=\/wp\/v2\/product"}],"about":[{"href":"https:\/\/sfashionaccessories.com\/index.php?rest_route=\/wp\/v2\/types\/product"}],"replies":[{"embeddable":true,"href":"https:\/\/sfashionaccessories.com\/index.php?rest_route=%2Fwp%2Fv2%2Fcomments&post=15427"}],"wp:featuredmedia":[{"embeddable":true,"href":"https:\/\/sfashionaccessories.com\/index.php?rest_route=\/wp\/v2\/media\/15428"}],"wp:attachment":[{"href":"https:\/\/sfashionaccessories.com\/index.php?rest_route=%2Fwp%2Fv2%2Fmedia&parent=15427"}],"wp:term":[{"taxonomy":"product_brand","embeddable":true,"href":"https:\/\/sfashionaccessories.com\/index.php?rest_route=%2Fwp%2Fv2%2Fproduct_brand&post=15427"},{"taxonomy":"product_cat","embeddable":true,"href":"https:\/\/sfashionaccessories.com\/index.php?rest_route=%2Fwp%2Fv2%2Fproduct_cat&post=15427"},{"taxonomy":"product_tag","embeddable":true,"href":"https:\/\/sfashionaccessories.com\/index.php?rest_route=%2Fwp%2Fv2%2Fproduct_tag&post=15427"}],"curies":[{"name":"wp","href":"https:\/\/api.w.org\/{rel}","templated":true}]}}