{"id":15774,"date":"2024-03-17T20:35:13","date_gmt":"2024-03-17T11:35:13","guid":{"rendered":"https:\/\/sfashionaccessories.com\/?post_type=product&#038;p=15774"},"modified":"2025-06-21T20:00:31","modified_gmt":"2025-06-21T11:00:31","slug":"sobretudo-em-tule-robe","status":"publish","type":"product","link":"https:\/\/sfashionaccessories.com\/?product=sobretudo-em-tule-robe","title":{"rendered":"Sobretudo em Tule Lingerie (Robe)"},"content":{"rendered":"<p>O\u00a0<i><strong>sobretudo em tule<\/strong><\/i> faz parte de uma cole\u00e7\u00e3o desenvolvida para mulheres ousadas e poderosas, que desejam transformar os momentos a dois, seduzindo e surpreendendo o parceiro.Ela possui modelagem soltinha para melhor caimento e conforto, \u00e9 fabricado em material leve com transpar\u00eancia. Possui detalhes de <strong><i>animal print<\/i><\/strong>\u00a0em alguns locais da pe\u00e7a e um la\u00e7o em cetim na cintura para regulagem.<\/p>\n<p>O Robe \u00e9 uma pe\u00e7a super vers\u00e1til, pode ser usada por cima da lingerie, pijama ou camisola. Quando uma visita inesperada aparece em casa, pelas noivas ou madrinhas durante a prepara\u00e7\u00e3o para festa e at\u00e9 mesmo em um momento especial, para surpreender seu parceiro fazendo uma bela surpresa.<\/p>\n","protected":false},"excerpt":{"rendered":"<p>O\u00a0sobretudo em tule faz parte de uma cole\u00e7\u00e3o desenvolvida para mulheres ousadas e poderosas, que desejam transformar os momentos a dois, seduzindo e surpreendendo o parceiro.Ela possui modelagem soltinha para melhor caimento e conforto, \u00e9 fabricado em material leve com transpar\u00eancia. Possui detalhes de animal print\u00a0em alguns locais da pe\u00e7a e um la\u00e7o em cetim [&hellip;]<\/p>\n","protected":false},"featured_media":15765,"comment_status":"open","ping_status":"closed","template":"","meta":{"_kadence_starter_templates_imported_post":false},"product_brand":[],"product_cat":[15,741,293,29],"product_tag":[395,267,601],"class_list":{"0":"post-15774","1":"product","2":"type-product","3":"status-publish","4":"has-post-thumbnail","6":"product_cat-padrao","7":"product_cat-dy-girl","8":"product_cat-feminino","9":"product_cat-lingeries","10":"product_tag-feminino","11":"product_tag-lingerie","12":"product_tag-robe","14":"first","15":"instock","16":"shipping-taxable","17":"purchasable","18":"product-type-variable"},"_links":{"self":[{"href":"https:\/\/sfashionaccessories.com\/index.php?rest_route=\/wp\/v2\/product\/15774","targetHints":{"allow":["GET"]}}],"collection":[{"href":"https:\/\/sfashionaccessories.com\/index.php?rest_route=\/wp\/v2\/product"}],"about":[{"href":"https:\/\/sfashionaccessories.com\/index.php?rest_route=\/wp\/v2\/types\/product"}],"replies":[{"embeddable":true,"href":"https:\/\/sfashionaccessories.com\/index.php?rest_route=%2Fwp%2Fv2%2Fcomments&post=15774"}],"wp:featuredmedia":[{"embeddable":true,"href":"https:\/\/sfashionaccessories.com\/index.php?rest_route=\/wp\/v2\/media\/15765"}],"wp:attachment":[{"href":"https:\/\/sfashionaccessories.com\/index.php?rest_route=%2Fwp%2Fv2%2Fmedia&parent=15774"}],"wp:term":[{"taxonomy":"product_brand","embeddable":true,"href":"https:\/\/sfashionaccessories.com\/index.php?rest_route=%2Fwp%2Fv2%2Fproduct_brand&post=15774"},{"taxonomy":"product_cat","embeddable":true,"href":"https:\/\/sfashionaccessories.com\/index.php?rest_route=%2Fwp%2Fv2%2Fproduct_cat&post=15774"},{"taxonomy":"product_tag","embeddable":true,"href":"https:\/\/sfashionaccessories.com\/index.php?rest_route=%2Fwp%2Fv2%2Fproduct_tag&post=15774"}],"curies":[{"name":"wp","href":"https:\/\/api.w.org\/{rel}","templated":true}]}}