{"id":15779,"date":"2024-03-17T20:43:17","date_gmt":"2024-03-17T11:43:17","guid":{"rendered":"https:\/\/sfashionaccessories.com\/?post_type=product&#038;p=15779"},"modified":"2025-08-09T11:04:19","modified_gmt":"2025-08-09T02:04:19","slug":"conjunto-cropped-coracao","status":"publish","type":"product","link":"https:\/\/sfashionaccessories.com\/?product=conjunto-cropped-coracao","title":{"rendered":"Conjunto Cropped Cora\u00e7\u00e3o"},"content":{"rendered":"<p>Ousadia e paix\u00e3o andam lado a lado com essa\u00a0<strong>lingerie<\/strong>.<br \/>\nEm uma noite especial de anivers\u00e1rio de namoro, casamento ou at\u00e9 mesmo no dia dos namorados, instigue seu par com um visual\u00a0<strong>ousadia\u00a0<\/strong>e\u00a0<strong>sexy<\/strong>, misturando o\u00a0<strong>Conjunto Cropped Cora\u00e7\u00e3o\u00a0<\/strong>com um blazer e cal\u00e7a\/ saia, e um belo salto alto, mexendo com a imagina\u00e7\u00e3o.<\/p>\n<p>O\u00a0<strong>Cropped\u00a0<\/strong>\u00e9 a lingerie ideal para quem deseja evidenciar as curvas mais\u00a0<strong>sensuais\u00a0<\/strong>de seu corpo, com muita sensualidade, ele possui um\u00a0<strong>tran\u00e7ado\u00a0<\/strong>na frente com fita de cetim, a calcinha \u00e9 em fio dando a sensa\u00e7\u00e3o de bumbum mais empinado e maior, suas laterais\u00a0<strong>ajust\u00e1veis<\/strong>.<\/p>\n","protected":false},"excerpt":{"rendered":"<p>Ousadia e paix\u00e3o andam lado a lado com essa\u00a0lingerie. Em uma noite especial de anivers\u00e1rio de namoro, casamento ou at\u00e9 mesmo no dia dos namorados, instigue seu par com um visual\u00a0ousadia\u00a0e\u00a0sexy, misturando o\u00a0Conjunto Cropped Cora\u00e7\u00e3o\u00a0com um blazer e cal\u00e7a\/ saia, e um belo salto alto, mexendo com a imagina\u00e7\u00e3o. O\u00a0Cropped\u00a0\u00e9 a lingerie ideal para quem [&hellip;]<\/p>\n","protected":false},"featured_media":15767,"comment_status":"open","ping_status":"closed","template":"","meta":{"_kadence_starter_templates_imported_post":false},"product_brand":[],"product_cat":[743,293,29],"product_tag":[474,395,267],"class_list":{"0":"post-15779","1":"product","2":"type-product","3":"status-publish","4":"has-post-thumbnail","6":"product_cat-cropped","7":"product_cat-feminino","8":"product_cat-lingeries","9":"product_tag-cropped","10":"product_tag-feminino","11":"product_tag-lingerie","13":"first","14":"instock","15":"shipping-taxable","16":"purchasable","17":"product-type-variable"},"_links":{"self":[{"href":"https:\/\/sfashionaccessories.com\/index.php?rest_route=\/wp\/v2\/product\/15779","targetHints":{"allow":["GET"]}}],"collection":[{"href":"https:\/\/sfashionaccessories.com\/index.php?rest_route=\/wp\/v2\/product"}],"about":[{"href":"https:\/\/sfashionaccessories.com\/index.php?rest_route=\/wp\/v2\/types\/product"}],"replies":[{"embeddable":true,"href":"https:\/\/sfashionaccessories.com\/index.php?rest_route=%2Fwp%2Fv2%2Fcomments&post=15779"}],"wp:featuredmedia":[{"embeddable":true,"href":"https:\/\/sfashionaccessories.com\/index.php?rest_route=\/wp\/v2\/media\/15767"}],"wp:attachment":[{"href":"https:\/\/sfashionaccessories.com\/index.php?rest_route=%2Fwp%2Fv2%2Fmedia&parent=15779"}],"wp:term":[{"taxonomy":"product_brand","embeddable":true,"href":"https:\/\/sfashionaccessories.com\/index.php?rest_route=%2Fwp%2Fv2%2Fproduct_brand&post=15779"},{"taxonomy":"product_cat","embeddable":true,"href":"https:\/\/sfashionaccessories.com\/index.php?rest_route=%2Fwp%2Fv2%2Fproduct_cat&post=15779"},{"taxonomy":"product_tag","embeddable":true,"href":"https:\/\/sfashionaccessories.com\/index.php?rest_route=%2Fwp%2Fv2%2Fproduct_tag&post=15779"}],"curies":[{"name":"wp","href":"https:\/\/api.w.org\/{rel}","templated":true}]}}