{"id":15800,"date":"2024-03-23T14:28:42","date_gmt":"2024-03-23T05:28:42","guid":{"rendered":"https:\/\/sfashionaccessories.com\/?post_type=product&#038;p=15800"},"modified":"2026-04-04T18:20:56","modified_gmt":"2026-04-04T09:20:56","slug":"avon-petit-attitude-desodorante-rollon-50ml","status":"publish","type":"product","link":"https:\/\/sfashionaccessories.com\/?product=avon-petit-attitude-desodorante-rollon-50ml","title":{"rendered":"Avon petit attitude desodorante rollon 48ML"},"content":{"rendered":"<p>O desodorante Petit Attitude Original proporciona *48 horas de prote\u00e7\u00e3o antiodor e protege efetivamente contra os<br \/>\nodores e a umidade causados pela transpira\u00e7\u00e3o, al\u00e9m de ter o toque rom\u00e2ntico e frutado da fragr\u00e2ncia Petit.<br \/>\nA linha Avon desodorantes foi especialmente desenvolvida para combinar prote\u00e7\u00e3o desodorante e antitranspirante com sua fragr\u00e2ncia Avon preferida.<\/p>\n","protected":false},"excerpt":{"rendered":"<p>O desodorante Petit Attitude Original proporciona *48 horas de prote\u00e7\u00e3o antiodor e protege efetivamente contra os odores e a umidade causados pela transpira\u00e7\u00e3o, al\u00e9m de ter o toque rom\u00e2ntico e frutado da fragr\u00e2ncia Petit. A linha Avon desodorantes foi especialmente desenvolvida para combinar prote\u00e7\u00e3o desodorante e antitranspirante com sua fragr\u00e2ncia Avon preferida.<\/p>\n","protected":false},"featured_media":24065,"comment_status":"open","ping_status":"closed","template":"","meta":{"_kadence_starter_templates_imported_post":false},"product_brand":[],"product_cat":[548,206,276],"product_tag":[549,272,239],"class_list":{"0":"post-15800","1":"product","2":"type-product","3":"status-publish","4":"has-post-thumbnail","6":"product_cat-avon","7":"product_cat-cosmeticos-cremes-hidradantesperfumes","8":"product_cat-desodorante","9":"product_tag-avon","10":"product_tag-cosmeticos","11":"product_tag-desodorante","13":"first","14":"instock","15":"shipping-taxable","16":"purchasable","17":"product-type-simple"},"_links":{"self":[{"href":"https:\/\/sfashionaccessories.com\/index.php?rest_route=\/wp\/v2\/product\/15800","targetHints":{"allow":["GET"]}}],"collection":[{"href":"https:\/\/sfashionaccessories.com\/index.php?rest_route=\/wp\/v2\/product"}],"about":[{"href":"https:\/\/sfashionaccessories.com\/index.php?rest_route=\/wp\/v2\/types\/product"}],"replies":[{"embeddable":true,"href":"https:\/\/sfashionaccessories.com\/index.php?rest_route=%2Fwp%2Fv2%2Fcomments&post=15800"}],"wp:featuredmedia":[{"embeddable":true,"href":"https:\/\/sfashionaccessories.com\/index.php?rest_route=\/wp\/v2\/media\/24065"}],"wp:attachment":[{"href":"https:\/\/sfashionaccessories.com\/index.php?rest_route=%2Fwp%2Fv2%2Fmedia&parent=15800"}],"wp:term":[{"taxonomy":"product_brand","embeddable":true,"href":"https:\/\/sfashionaccessories.com\/index.php?rest_route=%2Fwp%2Fv2%2Fproduct_brand&post=15800"},{"taxonomy":"product_cat","embeddable":true,"href":"https:\/\/sfashionaccessories.com\/index.php?rest_route=%2Fwp%2Fv2%2Fproduct_cat&post=15800"},{"taxonomy":"product_tag","embeddable":true,"href":"https:\/\/sfashionaccessories.com\/index.php?rest_route=%2Fwp%2Fv2%2Fproduct_tag&post=15800"}],"curies":[{"name":"wp","href":"https:\/\/api.w.org\/{rel}","templated":true}]}}