{"id":16067,"date":"2025-09-09T10:49:25","date_gmt":"2025-09-09T01:49:25","guid":{"rendered":"https:\/\/sfashionaccessories.com\/?post_type=product&#038;p=16067"},"modified":"2026-03-18T13:38:15","modified_gmt":"2026-03-18T04:38:15","slug":"essencial-exclusivo-feminino100ml-natura","status":"publish","type":"product","link":"https:\/\/sfashionaccessories.com\/?product=essencial-exclusivo-feminino100ml-natura","title":{"rendered":"Essencial Exclusivo Feminino100ml &#8211; Natura"},"content":{"rendered":"<div class=\"sc-fqkvVR heuZyN sc-gvvZcT dBMEcm\" data-testid=\"product-detail-description\">\n<div class=\"sc-fqkvVR hlqElk sc-cDJyZ dTrkid\" data-testid=\"rich-content-container\">\n<p>Envolvente buque floral de rosa, fresia e magn\u00f3lia ganha ainda mais personalidade e eleg\u00e2ncia com as notas de cassis e mandarina. Uma cria\u00e7\u00e3o \u00fanica para ressaltar a sua ess\u00eancia.<\/p>\n<p>Fragr\u00e2ncia<\/p>\n<p>Floral Intenso.<\/p>\n<p>Gota Olfativa:<\/p>\n<p>Sa\u00edda: mandarina, laranja, ma\u00e7\u00e3, framboesa, frutas vermelhas, cassis.<\/p>\n<p>Corpo: rosa natural, magn\u00f3lia, p\u00e9talas de jasmim, freesia, l\u00edrio.<\/p>\n<p>Fundo: madeira preciosa, amber, musk, s\u00e2ndalo, aveludado de p\u00eassego, vetiver.<\/p>\n<p>&nbsp;<\/p>\n<\/div>\n<\/div>\n","protected":false},"excerpt":{"rendered":"<p>Envolvente buque floral de rosa, fresia e magn\u00f3lia ganha ainda mais personalidade e eleg\u00e2ncia com as notas de cassis e mandarina. Uma cria\u00e7\u00e3o \u00fanica para ressaltar a sua ess\u00eancia. Fragr\u00e2ncia Floral Intenso. Gota Olfativa: Sa\u00edda: mandarina, laranja, ma\u00e7\u00e3, framboesa, frutas vermelhas, cassis. Corpo: rosa natural, magn\u00f3lia, p\u00e9talas de jasmim, freesia, l\u00edrio. Fundo: madeira preciosa, amber, [&hellip;]<\/p>\n","protected":false},"featured_media":19967,"comment_status":"open","ping_status":"closed","template":"","meta":{"_kadence_starter_templates_imported_post":false},"product_brand":[],"product_cat":[206,293,203,251,231],"product_tag":[272,395,234,233],"class_list":{"0":"post-16067","1":"product","2":"type-product","3":"status-publish","4":"has-post-thumbnail","6":"product_cat-cosmeticos-cremes-hidradantesperfumes","7":"product_cat-feminino","8":"product_cat-natura-creme-oleo-sabonete-perfume","9":"product_cat-perfume-perfumes","10":"product_cat-perfumes-natura","11":"product_tag-cosmeticos","12":"product_tag-feminino","13":"product_tag-natura","14":"product_tag-perfume","16":"first","17":"instock","18":"sale","19":"shipping-taxable","20":"purchasable","21":"product-type-simple"},"_links":{"self":[{"href":"https:\/\/sfashionaccessories.com\/index.php?rest_route=\/wp\/v2\/product\/16067","targetHints":{"allow":["GET"]}}],"collection":[{"href":"https:\/\/sfashionaccessories.com\/index.php?rest_route=\/wp\/v2\/product"}],"about":[{"href":"https:\/\/sfashionaccessories.com\/index.php?rest_route=\/wp\/v2\/types\/product"}],"replies":[{"embeddable":true,"href":"https:\/\/sfashionaccessories.com\/index.php?rest_route=%2Fwp%2Fv2%2Fcomments&post=16067"}],"wp:featuredmedia":[{"embeddable":true,"href":"https:\/\/sfashionaccessories.com\/index.php?rest_route=\/wp\/v2\/media\/19967"}],"wp:attachment":[{"href":"https:\/\/sfashionaccessories.com\/index.php?rest_route=%2Fwp%2Fv2%2Fmedia&parent=16067"}],"wp:term":[{"taxonomy":"product_brand","embeddable":true,"href":"https:\/\/sfashionaccessories.com\/index.php?rest_route=%2Fwp%2Fv2%2Fproduct_brand&post=16067"},{"taxonomy":"product_cat","embeddable":true,"href":"https:\/\/sfashionaccessories.com\/index.php?rest_route=%2Fwp%2Fv2%2Fproduct_cat&post=16067"},{"taxonomy":"product_tag","embeddable":true,"href":"https:\/\/sfashionaccessories.com\/index.php?rest_route=%2Fwp%2Fv2%2Fproduct_tag&post=16067"}],"curies":[{"name":"wp","href":"https:\/\/api.w.org\/{rel}","templated":true}]}}