{"id":16090,"date":"2024-04-20T18:07:55","date_gmt":"2024-04-20T09:07:55","guid":{"rendered":"https:\/\/sfashionaccessories.com\/?post_type=product&#038;p=16090"},"modified":"2026-03-21T18:31:35","modified_gmt":"2026-03-21T09:31:35","slug":"tenys-pe-po-woman","status":"publish","type":"product","link":"https:\/\/sfashionaccessories.com\/?product=tenys-pe-po-woman","title":{"rendered":"TENYS P\u00c9 BARUEL P\u00d3 WOMAN"},"content":{"rendered":"<p><span data-sheets-value=\"{&quot;1&quot;:2,&quot;2&quot;:&quot;DESODORANTE PARA OS P\u00c9S COM A\u00c7\u00c3O ANTISS\u00c9PTICA QUE COMBATE 99% DE FUNGOS* E BACT\u00c9RIAS**, MANTENDO-OS SEMPRE SECOS E PROTEGIDOS&quot;}\" data-sheets-userformat=\"{&quot;2&quot;:14783,&quot;3&quot;:{&quot;1&quot;:0,&quot;3&quot;:1},&quot;4&quot;:{&quot;1&quot;:2,&quot;2&quot;:13689059},&quot;5&quot;:{&quot;1&quot;:[{&quot;1&quot;:2,&quot;2&quot;:0,&quot;5&quot;:{&quot;1&quot;:2,&quot;2&quot;:0}},{&quot;1&quot;:0,&quot;2&quot;:0,&quot;3&quot;:3},{&quot;1&quot;:1,&quot;2&quot;:0,&quot;4&quot;:1}]},&quot;6&quot;:{&quot;1&quot;:[{&quot;1&quot;:2,&quot;2&quot;:0,&quot;5&quot;:{&quot;1&quot;:2,&quot;2&quot;:0}},{&quot;1&quot;:0,&quot;2&quot;:0,&quot;3&quot;:3},{&quot;1&quot;:1,&quot;2&quot;:0,&quot;4&quot;:1}]},&quot;7&quot;:{&quot;1&quot;:[{&quot;1&quot;:2,&quot;2&quot;:0,&quot;5&quot;:{&quot;1&quot;:2,&quot;2&quot;:0}},{&quot;1&quot;:0,&quot;2&quot;:0,&quot;3&quot;:3},{&quot;1&quot;:1,&quot;2&quot;:0,&quot;4&quot;:1}]},&quot;8&quot;:{&quot;1&quot;:[{&quot;1&quot;:2,&quot;2&quot;:0,&quot;5&quot;:{&quot;1&quot;:2,&quot;2&quot;:0}},{&quot;1&quot;:0,&quot;2&quot;:0,&quot;3&quot;:3},{&quot;1&quot;:1,&quot;2&quot;:0,&quot;4&quot;:1}]},&quot;10&quot;:1,&quot;11&quot;:4,&quot;14&quot;:{&quot;1&quot;:3,&quot;3&quot;:1},&quot;15&quot;:&quot;Calibri&quot;,&quot;16&quot;:11}\">DESODORANTE PARA OS P\u00c9S COM A\u00c7\u00c3O ANTISS\u00c9PTICA QUE COMBATE 99% DE FUNGOS* E BACT\u00c9RIAS**, MANTENDO-OS SEMPRE SECOS E PROTEGIDOS.<\/span><\/p>\n<p><span class=\"title\">CARACTER\u00cdSTICAS E BENEF\u00cdCIOS<\/span><\/p>\n<p><span data-sheets-value=\"{&quot;1&quot;:2,&quot;2&quot;:&quot;PROTE\u00c7\u00c3O PARA OS P\u00c9S\\nPELA MANH\u00c3 E \u00c0 NOITE \\nANTES E DEPOIS DE ATIVIDADES ESPORTIVAS\\nDERMATOLOGICAMENTE TESTADO.&quot;}\" data-sheets-userformat=\"{&quot;2&quot;:14527,&quot;3&quot;:{&quot;1&quot;:0,&quot;3&quot;:1},&quot;4&quot;:{&quot;1&quot;:2,&quot;2&quot;:13689059},&quot;5&quot;:{&quot;1&quot;:[{&quot;1&quot;:2,&quot;2&quot;:0,&quot;5&quot;:{&quot;1&quot;:2,&quot;2&quot;:0}},{&quot;1&quot;:0,&quot;2&quot;:0,&quot;3&quot;:3},{&quot;1&quot;:1,&quot;2&quot;:0,&quot;4&quot;:1}]},&quot;6&quot;:{&quot;1&quot;:[{&quot;1&quot;:2,&quot;2&quot;:0,&quot;5&quot;:{&quot;1&quot;:2,&quot;2&quot;:0}},{&quot;1&quot;:0,&quot;2&quot;:0,&quot;3&quot;:3},{&quot;1&quot;:1,&quot;2&quot;:0,&quot;4&quot;:1}]},&quot;7&quot;:{&quot;1&quot;:[{&quot;1&quot;:2,&quot;2&quot;:0,&quot;5&quot;:{&quot;1&quot;:2,&quot;2&quot;:0}},{&quot;1&quot;:0,&quot;2&quot;:0,&quot;3&quot;:3},{&quot;1&quot;:1,&quot;2&quot;:0,&quot;4&quot;:1}]},&quot;8&quot;:{&quot;1&quot;:[{&quot;1&quot;:2,&quot;2&quot;:0,&quot;5&quot;:{&quot;1&quot;:2,&quot;2&quot;:0}},{&quot;1&quot;:0,&quot;2&quot;:0,&quot;3&quot;:3},{&quot;1&quot;:1,&quot;2&quot;:0,&quot;4&quot;:1}]},&quot;10&quot;:1,&quot;14&quot;:{&quot;1&quot;:3,&quot;3&quot;:1},&quot;15&quot;:&quot;Calibri&quot;,&quot;16&quot;:11}\">\u2013 PROTE\u00c7\u00c3O PARA OS P\u00c9S<br \/>\n\u2013 PELA MANH\u00c3 E \u00c0 NOITE<br \/>\n\u2013 ANTES E DEPOIS DE ATIVIDADES ESPORTIVAS<br \/>\n\u2013 DERMATOLOGICAMENTE TESTADO.<\/span><\/p>\n<p><strong>COMPOSI\u00c7\u00c3O:\u00a0<\/strong>AMIDO DE MILHO; ESTEARATO DE ZINCO; CARBONATO DE MAGN\u00c9SIO; \u00c1CIDO B\u00d3RICO; DI\u00d3XIDO DE SIL\u00cdCIO; \u00c1CIDO BENZOICO; DECILENOGLICOL; PERFUME (BUTILFENIL METILPROPIONAL, ALFA-ISOMETIL IONONA, LIMONENO, LINALOL); EXTRATO DA FLOR DE CALENDULA OFFICINALIS.<\/p>\n","protected":false},"excerpt":{"rendered":"<p>DESODORANTE PARA OS P\u00c9S COM A\u00c7\u00c3O ANTISS\u00c9PTICA QUE COMBATE 99% DE FUNGOS* E BACT\u00c9RIAS**, MANTENDO-OS SEMPRE SECOS E PROTEGIDOS. CARACTER\u00cdSTICAS E BENEF\u00cdCIOS \u2013 PROTE\u00c7\u00c3O PARA OS P\u00c9S \u2013 PELA MANH\u00c3 E \u00c0 NOITE \u2013 ANTES E DEPOIS DE ATIVIDADES ESPORTIVAS \u2013 DERMATOLOGICAMENTE TESTADO. COMPOSI\u00c7\u00c3O:\u00a0AMIDO DE MILHO; ESTEARATO DE ZINCO; CARBONATO DE MAGN\u00c9SIO; \u00c1CIDO B\u00d3RICO; DI\u00d3XIDO [&hellip;]<\/p>\n","protected":false},"featured_media":16092,"comment_status":"open","ping_status":"closed","template":"","meta":{"_kadence_starter_templates_imported_post":false},"product_brand":[],"product_cat":[691,690],"product_tag":[695,395,693,752],"class_list":{"0":"post-16090","1":"product","2":"type-product","3":"status-publish","4":"has-post-thumbnail","6":"product_cat-baruel","7":"product_cat-po-antisseptico","8":"product_tag-baruel","9":"product_tag-feminino","10":"product_tag-po-antisseptico","11":"product_tag-tenys-pe","13":"first","14":"instock","15":"sale","16":"shipping-taxable","17":"purchasable","18":"product-type-simple"},"_links":{"self":[{"href":"https:\/\/sfashionaccessories.com\/index.php?rest_route=\/wp\/v2\/product\/16090","targetHints":{"allow":["GET"]}}],"collection":[{"href":"https:\/\/sfashionaccessories.com\/index.php?rest_route=\/wp\/v2\/product"}],"about":[{"href":"https:\/\/sfashionaccessories.com\/index.php?rest_route=\/wp\/v2\/types\/product"}],"replies":[{"embeddable":true,"href":"https:\/\/sfashionaccessories.com\/index.php?rest_route=%2Fwp%2Fv2%2Fcomments&post=16090"}],"wp:featuredmedia":[{"embeddable":true,"href":"https:\/\/sfashionaccessories.com\/index.php?rest_route=\/wp\/v2\/media\/16092"}],"wp:attachment":[{"href":"https:\/\/sfashionaccessories.com\/index.php?rest_route=%2Fwp%2Fv2%2Fmedia&parent=16090"}],"wp:term":[{"taxonomy":"product_brand","embeddable":true,"href":"https:\/\/sfashionaccessories.com\/index.php?rest_route=%2Fwp%2Fv2%2Fproduct_brand&post=16090"},{"taxonomy":"product_cat","embeddable":true,"href":"https:\/\/sfashionaccessories.com\/index.php?rest_route=%2Fwp%2Fv2%2Fproduct_cat&post=16090"},{"taxonomy":"product_tag","embeddable":true,"href":"https:\/\/sfashionaccessories.com\/index.php?rest_route=%2Fwp%2Fv2%2Fproduct_tag&post=16090"}],"curies":[{"name":"wp","href":"https:\/\/api.w.org\/{rel}","templated":true}]}}