{"id":16169,"date":"2024-04-21T13:18:31","date_gmt":"2024-04-21T04:18:31","guid":{"rendered":"https:\/\/sfashionaccessories.com\/?post_type=product&#038;p=16169"},"modified":"2026-03-15T18:06:59","modified_gmt":"2026-03-15T09:06:59","slug":"anel-rommanel-prata-925","status":"publish","type":"product","link":"https:\/\/sfashionaccessories.com\/?product=anel-rommanel-prata-925","title":{"rendered":"ANEL ROMMANEL PRATA 925"},"content":{"rendered":"<p><span data-tt=\"{&quot;paragraphStyle&quot;:{&quot;alignment&quot;:4,&quot;writingDirection&quot;:1}}\">FINO\u00a0SKINNY COM LATERAIS VAZADAS COMPOSTO POR ESP\u00cdRITO SANTO AO CENTRO, CRAVEJADO POR 32 ZIRC\u00d4NIAS DE 1,00 MM.<\/span><\/p>\n<p><span data-tt=\"{&quot;paragraphStyle&quot;:{&quot;alignment&quot;:4,&quot;writingDirection&quot;:1}}\">Feminino\u2028\u2028Campanha : Eternamente Prata 925 &#8211; 2\u00ba Edi\u00e7\u00e3o <\/span><\/p>\n<p><span data-tt=\"{&quot;paragraphStyle&quot;:{&quot;alignment&quot;:4,&quot;writingDirection&quot;:1}}\">N\u00e3o Preteja, N\u00e3o Escurece e N\u00e3o d\u00e1 Alergia! <\/span><\/p>\n","protected":false},"excerpt":{"rendered":"<p>FINO\u00a0SKINNY COM LATERAIS VAZADAS COMPOSTO POR ESP\u00cdRITO SANTO AO CENTRO, CRAVEJADO POR 32 ZIRC\u00d4NIAS DE 1,00 MM. Feminino\u2028\u2028Campanha : Eternamente Prata 925 &#8211; 2\u00ba Edi\u00e7\u00e3o N\u00e3o Preteja, N\u00e3o Escurece e N\u00e3o d\u00e1 Alergia!<\/p>\n","protected":false},"featured_media":16154,"comment_status":"open","ping_status":"closed","template":"","meta":{"_kadence_starter_templates_imported_post":false},"product_brand":[],"product_cat":[200,760,723,209],"product_tag":[761,724,232],"class_list":{"0":"post-16169","1":"product","2":"type-product","3":"status-publish","4":"has-post-thumbnail","6":"product_cat-acessorios-bijuterias-semi-joias","7":"product_cat-anel","8":"product_cat-rommanel","9":"product_cat-semi-joias","10":"product_tag-anel","11":"product_tag-rommanel","12":"product_tag-semi-joias","14":"first","15":"instock","16":"shipping-taxable","17":"purchasable","18":"product-type-variable"},"_links":{"self":[{"href":"https:\/\/sfashionaccessories.com\/index.php?rest_route=\/wp\/v2\/product\/16169","targetHints":{"allow":["GET"]}}],"collection":[{"href":"https:\/\/sfashionaccessories.com\/index.php?rest_route=\/wp\/v2\/product"}],"about":[{"href":"https:\/\/sfashionaccessories.com\/index.php?rest_route=\/wp\/v2\/types\/product"}],"replies":[{"embeddable":true,"href":"https:\/\/sfashionaccessories.com\/index.php?rest_route=%2Fwp%2Fv2%2Fcomments&post=16169"}],"wp:featuredmedia":[{"embeddable":true,"href":"https:\/\/sfashionaccessories.com\/index.php?rest_route=\/wp\/v2\/media\/16154"}],"wp:attachment":[{"href":"https:\/\/sfashionaccessories.com\/index.php?rest_route=%2Fwp%2Fv2%2Fmedia&parent=16169"}],"wp:term":[{"taxonomy":"product_brand","embeddable":true,"href":"https:\/\/sfashionaccessories.com\/index.php?rest_route=%2Fwp%2Fv2%2Fproduct_brand&post=16169"},{"taxonomy":"product_cat","embeddable":true,"href":"https:\/\/sfashionaccessories.com\/index.php?rest_route=%2Fwp%2Fv2%2Fproduct_cat&post=16169"},{"taxonomy":"product_tag","embeddable":true,"href":"https:\/\/sfashionaccessories.com\/index.php?rest_route=%2Fwp%2Fv2%2Fproduct_tag&post=16169"}],"curies":[{"name":"wp","href":"https:\/\/api.w.org\/{rel}","templated":true}]}}