{"id":16269,"date":"2024-04-28T19:37:41","date_gmt":"2024-04-28T10:37:41","guid":{"rendered":"https:\/\/sfashionaccessories.com\/?post_type=product&#038;p=16269"},"modified":"2025-09-19T16:53:53","modified_gmt":"2025-09-19T07:53:53","slug":"sutia-roseli-reforcado-basico","status":"publish","type":"product","link":"https:\/\/sfashionaccessories.com\/?product=sutia-roseli-reforcado-basico","title":{"rendered":"Suti\u00e3 Roseli Refor\u00e7ado B\u00e1sico"},"content":{"rendered":"","protected":false},"excerpt":{"rendered":"","protected":false},"featured_media":16255,"comment_status":"open","ping_status":"closed","template":"","meta":{"_kadence_starter_templates_imported_post":false},"product_brand":[],"product_cat":[293,29,221],"product_tag":[395,267,265],"class_list":{"0":"post-16269","1":"product","2":"type-product","3":"status-publish","4":"has-post-thumbnail","6":"product_cat-feminino","7":"product_cat-lingeries","8":"product_cat-sutias","9":"product_tag-feminino","10":"product_tag-lingerie","11":"product_tag-sutia","13":"first","14":"instock","15":"shipping-taxable","16":"purchasable","17":"product-type-variable"},"_links":{"self":[{"href":"https:\/\/sfashionaccessories.com\/index.php?rest_route=\/wp\/v2\/product\/16269","targetHints":{"allow":["GET"]}}],"collection":[{"href":"https:\/\/sfashionaccessories.com\/index.php?rest_route=\/wp\/v2\/product"}],"about":[{"href":"https:\/\/sfashionaccessories.com\/index.php?rest_route=\/wp\/v2\/types\/product"}],"replies":[{"embeddable":true,"href":"https:\/\/sfashionaccessories.com\/index.php?rest_route=%2Fwp%2Fv2%2Fcomments&post=16269"}],"wp:featuredmedia":[{"embeddable":true,"href":"https:\/\/sfashionaccessories.com\/index.php?rest_route=\/wp\/v2\/media\/16255"}],"wp:attachment":[{"href":"https:\/\/sfashionaccessories.com\/index.php?rest_route=%2Fwp%2Fv2%2Fmedia&parent=16269"}],"wp:term":[{"taxonomy":"product_brand","embeddable":true,"href":"https:\/\/sfashionaccessories.com\/index.php?rest_route=%2Fwp%2Fv2%2Fproduct_brand&post=16269"},{"taxonomy":"product_cat","embeddable":true,"href":"https:\/\/sfashionaccessories.com\/index.php?rest_route=%2Fwp%2Fv2%2Fproduct_cat&post=16269"},{"taxonomy":"product_tag","embeddable":true,"href":"https:\/\/sfashionaccessories.com\/index.php?rest_route=%2Fwp%2Fv2%2Fproduct_tag&post=16269"}],"curies":[{"name":"wp","href":"https:\/\/api.w.org\/{rel}","templated":true}]}}