{"id":16332,"date":"2025-12-10T19:00:27","date_gmt":"2025-12-10T10:00:27","guid":{"rendered":"https:\/\/sfashionaccessories.com\/?post_type=product&#038;p=16332"},"modified":"2025-12-11T15:42:50","modified_gmt":"2025-12-11T06:42:50","slug":"sapatilha-moleca-brilho-degrade-multi-pink-gloss","status":"publish","type":"product","link":"https:\/\/sfashionaccessories.com\/?product=sapatilha-moleca-brilho-degrade-multi-pink-gloss","title":{"rendered":"Sapatilha Moleca Brilho Degrade Multi Pink Gloss"},"content":{"rendered":"<p>Alegria e descontra\u00e7\u00e3o para todos os momentos. A Moleca encanta nos p\u00e9s dos mais variados perfis de mulheres, evidenciando a jovialidade e dinamismo em qualquer idade.<\/p>\n<p>A criatividade se destaca nos materiais, cores e estampas das sapatilhas que celebram a versatilidade com muito estilo. Sempre antenada nas tend\u00eancias da moda, a marca toma conta das ruas.<\/p>\n","protected":false},"excerpt":{"rendered":"<p>Alegria e descontra\u00e7\u00e3o para todos os momentos. A Moleca encanta nos p\u00e9s dos mais variados perfis de mulheres, evidenciando a jovialidade e dinamismo em qualquer idade. A criatividade se destaca nos materiais, cores e estampas das sapatilhas que celebram a versatilidade com muito estilo. Sempre antenada nas tend\u00eancias da moda, a marca toma conta das [&hellip;]<\/p>\n","protected":false},"featured_media":16341,"comment_status":"open","ping_status":"closed","template":"","meta":{"_kadence_starter_templates_imported_post":false},"product_brand":[],"product_cat":[46,293,669],"product_tag":[311,395,438],"class_list":{"0":"post-16332","1":"product","2":"type-product","3":"status-publish","4":"has-post-thumbnail","6":"product_cat-calcados","7":"product_cat-feminino","8":"product_cat-moleca","9":"product_tag-calcados","10":"product_tag-feminino","11":"product_tag-moleca","13":"first","14":"instock","15":"sale","16":"shipping-taxable","17":"purchasable","18":"product-type-variable"},"_links":{"self":[{"href":"https:\/\/sfashionaccessories.com\/index.php?rest_route=\/wp\/v2\/product\/16332","targetHints":{"allow":["GET"]}}],"collection":[{"href":"https:\/\/sfashionaccessories.com\/index.php?rest_route=\/wp\/v2\/product"}],"about":[{"href":"https:\/\/sfashionaccessories.com\/index.php?rest_route=\/wp\/v2\/types\/product"}],"replies":[{"embeddable":true,"href":"https:\/\/sfashionaccessories.com\/index.php?rest_route=%2Fwp%2Fv2%2Fcomments&post=16332"}],"wp:featuredmedia":[{"embeddable":true,"href":"https:\/\/sfashionaccessories.com\/index.php?rest_route=\/wp\/v2\/media\/16341"}],"wp:attachment":[{"href":"https:\/\/sfashionaccessories.com\/index.php?rest_route=%2Fwp%2Fv2%2Fmedia&parent=16332"}],"wp:term":[{"taxonomy":"product_brand","embeddable":true,"href":"https:\/\/sfashionaccessories.com\/index.php?rest_route=%2Fwp%2Fv2%2Fproduct_brand&post=16332"},{"taxonomy":"product_cat","embeddable":true,"href":"https:\/\/sfashionaccessories.com\/index.php?rest_route=%2Fwp%2Fv2%2Fproduct_cat&post=16332"},{"taxonomy":"product_tag","embeddable":true,"href":"https:\/\/sfashionaccessories.com\/index.php?rest_route=%2Fwp%2Fv2%2Fproduct_tag&post=16332"}],"curies":[{"name":"wp","href":"https:\/\/api.w.org\/{rel}","templated":true}]}}