{"id":16411,"date":"2024-10-10T11:16:43","date_gmt":"2024-10-10T02:16:43","guid":{"rendered":"https:\/\/sfashionaccessories.com\/?post_type=product&#038;p=16411"},"modified":"2025-09-27T18:34:08","modified_gmt":"2025-09-27T09:34:08","slug":"calcinha-redutora-loba-slim-lupo-41050","status":"publish","type":"product","link":"https:\/\/sfashionaccessories.com\/?product=calcinha-redutora-loba-slim-lupo-41050","title":{"rendered":"Calcinha Redutora Loba Slim &#8211; Lupo &#8211; 41050-001"},"content":{"rendered":"<p>Calcinha loba redutora slim diminiu e modela borda interna de silicone forro de algod\u00e3o antimicrobial easy care: secagem r\u00e1pida, cor duradoura, n\u00e3o precisa passar. composi\u00e7\u00e3o: poliamida 93% elastano 5% algod\u00e3o 2%<\/p>\n","protected":false},"excerpt":{"rendered":"<p>Calcinha loba redutora slim diminiu e modela borda interna de silicone forro de algod\u00e3o antimicrobial easy care: secagem r\u00e1pida, cor duradoura, n\u00e3o precisa passar. composi\u00e7\u00e3o: poliamida 93% elastano 5% algod\u00e3o 2%<\/p>\n","protected":false},"featured_media":16421,"comment_status":"open","ping_status":"closed","template":"","meta":{"_kadence_starter_templates_imported_post":false},"product_brand":[],"product_cat":[215,293,29,552],"product_tag":[348,395,267,553],"class_list":{"0":"post-16411","1":"product","2":"type-product","3":"status-publish","4":"has-post-thumbnail","6":"product_cat-calcinhas-tangas-fio-dental","7":"product_cat-feminino","8":"product_cat-lingeries","9":"product_cat-lupo","10":"product_tag-calcinha","11":"product_tag-feminino","12":"product_tag-lingerie","13":"product_tag-lupo","15":"first","16":"instock","17":"shipping-taxable","18":"purchasable","19":"product-type-variable"},"_links":{"self":[{"href":"https:\/\/sfashionaccessories.com\/index.php?rest_route=\/wp\/v2\/product\/16411","targetHints":{"allow":["GET"]}}],"collection":[{"href":"https:\/\/sfashionaccessories.com\/index.php?rest_route=\/wp\/v2\/product"}],"about":[{"href":"https:\/\/sfashionaccessories.com\/index.php?rest_route=\/wp\/v2\/types\/product"}],"replies":[{"embeddable":true,"href":"https:\/\/sfashionaccessories.com\/index.php?rest_route=%2Fwp%2Fv2%2Fcomments&post=16411"}],"wp:featuredmedia":[{"embeddable":true,"href":"https:\/\/sfashionaccessories.com\/index.php?rest_route=\/wp\/v2\/media\/16421"}],"wp:attachment":[{"href":"https:\/\/sfashionaccessories.com\/index.php?rest_route=%2Fwp%2Fv2%2Fmedia&parent=16411"}],"wp:term":[{"taxonomy":"product_brand","embeddable":true,"href":"https:\/\/sfashionaccessories.com\/index.php?rest_route=%2Fwp%2Fv2%2Fproduct_brand&post=16411"},{"taxonomy":"product_cat","embeddable":true,"href":"https:\/\/sfashionaccessories.com\/index.php?rest_route=%2Fwp%2Fv2%2Fproduct_cat&post=16411"},{"taxonomy":"product_tag","embeddable":true,"href":"https:\/\/sfashionaccessories.com\/index.php?rest_route=%2Fwp%2Fv2%2Fproduct_tag&post=16411"}],"curies":[{"name":"wp","href":"https:\/\/api.w.org\/{rel}","templated":true}]}}