{"id":16486,"date":"2025-04-18T15:20:16","date_gmt":"2025-04-18T06:20:16","guid":{"rendered":"https:\/\/sfashionaccessories.com\/?post_type=product&#038;p=16486"},"modified":"2026-03-01T18:33:46","modified_gmt":"2026-03-01T09:33:46","slug":"sutia-aubade-demillus","status":"publish","type":"product","link":"https:\/\/sfashionaccessories.com\/?product=sutia-aubade-demillus","title":{"rendered":"Suti\u00e3 Espumado Aubade Demillus"},"content":{"rendered":"<p>SUTI\u00c3 AUBADE<\/p>\n<p>EM RENDA EL\u00c1STICA E MICROFIBRA EL\u00c1STICA PLUS<\/p>\n<p>TA\u00c7AS EM ESPUMA MOLDADA, SEM ARO, COSTAS EM RENDA, EL\u00c1STICO LARGO, MACIO E ACETINADO, NA CINTURA<\/p>\n","protected":false},"excerpt":{"rendered":"<p>SUTI\u00c3 AUBADE EM RENDA EL\u00c1STICA E MICROFIBRA EL\u00c1STICA PLUS TA\u00c7AS EM ESPUMA MOLDADA, SEM ARO, COSTAS EM RENDA, EL\u00c1STICO LARGO, MACIO E ACETINADO, NA CINTURA<\/p>\n","protected":false},"featured_media":16509,"comment_status":"open","ping_status":"closed","template":"","meta":{"_kadence_starter_templates_imported_post":false},"product_brand":[],"product_cat":[268,293,29,221],"product_tag":[266,395,267,265],"class_list":{"0":"post-16486","1":"product","2":"type-product","3":"status-publish","4":"has-post-thumbnail","6":"product_cat-demillus","7":"product_cat-feminino","8":"product_cat-lingeries","9":"product_cat-sutias","10":"product_tag-demillus","11":"product_tag-feminino","12":"product_tag-lingerie","13":"product_tag-sutia","15":"first","16":"instock","17":"sale","18":"shipping-taxable","19":"purchasable","20":"product-type-variable"},"_links":{"self":[{"href":"https:\/\/sfashionaccessories.com\/index.php?rest_route=\/wp\/v2\/product\/16486","targetHints":{"allow":["GET"]}}],"collection":[{"href":"https:\/\/sfashionaccessories.com\/index.php?rest_route=\/wp\/v2\/product"}],"about":[{"href":"https:\/\/sfashionaccessories.com\/index.php?rest_route=\/wp\/v2\/types\/product"}],"replies":[{"embeddable":true,"href":"https:\/\/sfashionaccessories.com\/index.php?rest_route=%2Fwp%2Fv2%2Fcomments&post=16486"}],"wp:featuredmedia":[{"embeddable":true,"href":"https:\/\/sfashionaccessories.com\/index.php?rest_route=\/wp\/v2\/media\/16509"}],"wp:attachment":[{"href":"https:\/\/sfashionaccessories.com\/index.php?rest_route=%2Fwp%2Fv2%2Fmedia&parent=16486"}],"wp:term":[{"taxonomy":"product_brand","embeddable":true,"href":"https:\/\/sfashionaccessories.com\/index.php?rest_route=%2Fwp%2Fv2%2Fproduct_brand&post=16486"},{"taxonomy":"product_cat","embeddable":true,"href":"https:\/\/sfashionaccessories.com\/index.php?rest_route=%2Fwp%2Fv2%2Fproduct_cat&post=16486"},{"taxonomy":"product_tag","embeddable":true,"href":"https:\/\/sfashionaccessories.com\/index.php?rest_route=%2Fwp%2Fv2%2Fproduct_tag&post=16486"}],"curies":[{"name":"wp","href":"https:\/\/api.w.org\/{rel}","templated":true}]}}