{"id":16640,"date":"2024-05-16T20:14:00","date_gmt":"2024-05-16T11:14:00","guid":{"rendered":"https:\/\/sfashionaccessories.com\/?post_type=product&#038;p=16640"},"modified":"2026-04-16T13:20:20","modified_gmt":"2026-04-16T04:20:20","slug":"calca-cavada-demillus-ternesse","status":"publish","type":"product","link":"https:\/\/sfashionaccessories.com\/?product=calca-cavada-demillus-ternesse","title":{"rendered":"Cal\u00e7a Cavada Demillus Ternesse"},"content":{"rendered":"<p>Calcinha Cal\u00e7a Cavada Ternesse DeMillus, em exclusiva renda el\u00e1stica com transpar\u00eancia.<\/p>\n","protected":false},"excerpt":{"rendered":"<p>Calcinha Cal\u00e7a Cavada Ternesse DeMillus, em exclusiva renda el\u00e1stica com transpar\u00eancia.<\/p>\n","protected":false},"featured_media":16639,"comment_status":"open","ping_status":"closed","template":"","meta":{"_kadence_starter_templates_imported_post":false},"product_brand":[],"product_cat":[215,268,293,29],"product_tag":[348,266,395,267],"class_list":{"0":"post-16640","1":"product","2":"type-product","3":"status-publish","4":"has-post-thumbnail","6":"product_cat-calcinhas-tangas-fio-dental","7":"product_cat-demillus","8":"product_cat-feminino","9":"product_cat-lingeries","10":"product_tag-calcinha","11":"product_tag-demillus","12":"product_tag-feminino","13":"product_tag-lingerie","15":"first","16":"instock","17":"shipping-taxable","18":"purchasable","19":"product-type-variable"},"_links":{"self":[{"href":"https:\/\/sfashionaccessories.com\/index.php?rest_route=\/wp\/v2\/product\/16640","targetHints":{"allow":["GET"]}}],"collection":[{"href":"https:\/\/sfashionaccessories.com\/index.php?rest_route=\/wp\/v2\/product"}],"about":[{"href":"https:\/\/sfashionaccessories.com\/index.php?rest_route=\/wp\/v2\/types\/product"}],"replies":[{"embeddable":true,"href":"https:\/\/sfashionaccessories.com\/index.php?rest_route=%2Fwp%2Fv2%2Fcomments&post=16640"}],"wp:featuredmedia":[{"embeddable":true,"href":"https:\/\/sfashionaccessories.com\/index.php?rest_route=\/wp\/v2\/media\/16639"}],"wp:attachment":[{"href":"https:\/\/sfashionaccessories.com\/index.php?rest_route=%2Fwp%2Fv2%2Fmedia&parent=16640"}],"wp:term":[{"taxonomy":"product_brand","embeddable":true,"href":"https:\/\/sfashionaccessories.com\/index.php?rest_route=%2Fwp%2Fv2%2Fproduct_brand&post=16640"},{"taxonomy":"product_cat","embeddable":true,"href":"https:\/\/sfashionaccessories.com\/index.php?rest_route=%2Fwp%2Fv2%2Fproduct_cat&post=16640"},{"taxonomy":"product_tag","embeddable":true,"href":"https:\/\/sfashionaccessories.com\/index.php?rest_route=%2Fwp%2Fv2%2Fproduct_tag&post=16640"}],"curies":[{"name":"wp","href":"https:\/\/api.w.org\/{rel}","templated":true}]}}