{"id":16684,"date":"2024-05-18T18:12:23","date_gmt":"2024-05-18T09:12:23","guid":{"rendered":"https:\/\/sfashionaccessories.com\/?post_type=product&#038;p=16684"},"modified":"2024-05-18T18:12:23","modified_gmt":"2024-05-18T09:12:23","slug":"calcinha-lamour-rendada-e-algodao","status":"publish","type":"product","link":"https:\/\/sfashionaccessories.com\/?product=calcinha-lamour-rendada-e-algodao","title":{"rendered":"Calcinha Lamour Rendada e Algod\u00e3o"},"content":{"rendered":"<p>Lingerie al\u00e9m de ser confort\u00e1vel, precisa ser bonita. Essa calcinha, no modelo biqu\u00edni, \u00e9 aquela pe\u00e7a essencial no guarda-roupa de qualquer mulher e perfeita para ser usada no dia-a-dia. \u00c9 toda confeccionada em algod\u00e3o, o que garante maior conforto e n\u00e3o irrita a pele. Seu diferencial \u00e9 a aplica\u00e7\u00e3o de renda feita em toda a parte da frente, garantindo um visual ainda mais rom\u00e2ntico e feminino.<\/p>\n<p>Composi\u00e7\u00e3o: Tecido: 95% algod\u00e3o e 5% elastano \/ Renda: 90% poliamida e 10% elastano \/ Forro: 100% algod\u00e3o<\/p>\n","protected":false},"excerpt":{"rendered":"<p>Lingerie al\u00e9m de ser confort\u00e1vel, precisa ser bonita. Essa calcinha, no modelo biqu\u00edni, \u00e9 aquela pe\u00e7a essencial no guarda-roupa de qualquer mulher e perfeita para ser usada no dia-a-dia. \u00c9 toda confeccionada em algod\u00e3o, o que garante maior conforto e n\u00e3o irrita a pele. Seu diferencial \u00e9 a aplica\u00e7\u00e3o de renda feita em toda a [&hellip;]<\/p>\n","protected":false},"featured_media":16687,"comment_status":"open","ping_status":"closed","template":"","meta":{"_kadence_starter_templates_imported_post":false},"product_brand":[],"product_cat":[215,293,29],"product_tag":[348,395,267],"class_list":{"0":"post-16684","1":"product","2":"type-product","3":"status-publish","4":"has-post-thumbnail","6":"product_cat-calcinhas-tangas-fio-dental","7":"product_cat-feminino","8":"product_cat-lingeries","9":"product_tag-calcinha","10":"product_tag-feminino","11":"product_tag-lingerie","13":"first","14":"instock","15":"shipping-taxable","16":"purchasable","17":"product-type-variable"},"_links":{"self":[{"href":"https:\/\/sfashionaccessories.com\/index.php?rest_route=\/wp\/v2\/product\/16684","targetHints":{"allow":["GET"]}}],"collection":[{"href":"https:\/\/sfashionaccessories.com\/index.php?rest_route=\/wp\/v2\/product"}],"about":[{"href":"https:\/\/sfashionaccessories.com\/index.php?rest_route=\/wp\/v2\/types\/product"}],"replies":[{"embeddable":true,"href":"https:\/\/sfashionaccessories.com\/index.php?rest_route=%2Fwp%2Fv2%2Fcomments&post=16684"}],"wp:featuredmedia":[{"embeddable":true,"href":"https:\/\/sfashionaccessories.com\/index.php?rest_route=\/wp\/v2\/media\/16687"}],"wp:attachment":[{"href":"https:\/\/sfashionaccessories.com\/index.php?rest_route=%2Fwp%2Fv2%2Fmedia&parent=16684"}],"wp:term":[{"taxonomy":"product_brand","embeddable":true,"href":"https:\/\/sfashionaccessories.com\/index.php?rest_route=%2Fwp%2Fv2%2Fproduct_brand&post=16684"},{"taxonomy":"product_cat","embeddable":true,"href":"https:\/\/sfashionaccessories.com\/index.php?rest_route=%2Fwp%2Fv2%2Fproduct_cat&post=16684"},{"taxonomy":"product_tag","embeddable":true,"href":"https:\/\/sfashionaccessories.com\/index.php?rest_route=%2Fwp%2Fv2%2Fproduct_tag&post=16684"}],"curies":[{"name":"wp","href":"https:\/\/api.w.org\/{rel}","templated":true}]}}