{"id":16794,"date":"2024-05-19T18:25:49","date_gmt":"2024-05-19T09:25:49","guid":{"rendered":"https:\/\/sfashionaccessories.com\/?post_type=product&#038;p=16794"},"modified":"2026-03-07T15:05:26","modified_gmt":"2026-03-07T06:05:26","slug":"pulseira-metal-inicial","status":"publish","type":"product","link":"https:\/\/sfashionaccessories.com\/?product=pulseira-metal-inicial","title":{"rendered":"Pulseira Metal Inicial"},"content":{"rendered":"<p>Pulseira ajust\u00e1vel com inicial de madrep\u00e9rola com a\u00e7oinoxid\u00e1vel.<\/p>\n","protected":false},"excerpt":{"rendered":"<p>Pulseira ajust\u00e1vel com inicial de madrep\u00e9rola com a\u00e7oinoxid\u00e1vel.<\/p>\n","protected":false},"featured_media":16791,"comment_status":"open","ping_status":"closed","template":"","meta":{"_kadence_starter_templates_imported_post":false},"product_brand":[],"product_cat":[200,372,209],"product_tag":[182,235,232],"class_list":{"0":"post-16794","1":"product","2":"type-product","3":"status-publish","4":"has-post-thumbnail","6":"product_cat-acessorios-bijuterias-semi-joias","7":"product_cat-pulseiras","8":"product_cat-semi-joias","9":"product_tag-acessorios","10":"product_tag-pulseira","11":"product_tag-semi-joias","13":"first","14":"instock","15":"shipping-taxable","16":"purchasable","17":"product-type-variable"},"_links":{"self":[{"href":"https:\/\/sfashionaccessories.com\/index.php?rest_route=\/wp\/v2\/product\/16794","targetHints":{"allow":["GET"]}}],"collection":[{"href":"https:\/\/sfashionaccessories.com\/index.php?rest_route=\/wp\/v2\/product"}],"about":[{"href":"https:\/\/sfashionaccessories.com\/index.php?rest_route=\/wp\/v2\/types\/product"}],"replies":[{"embeddable":true,"href":"https:\/\/sfashionaccessories.com\/index.php?rest_route=%2Fwp%2Fv2%2Fcomments&post=16794"}],"wp:featuredmedia":[{"embeddable":true,"href":"https:\/\/sfashionaccessories.com\/index.php?rest_route=\/wp\/v2\/media\/16791"}],"wp:attachment":[{"href":"https:\/\/sfashionaccessories.com\/index.php?rest_route=%2Fwp%2Fv2%2Fmedia&parent=16794"}],"wp:term":[{"taxonomy":"product_brand","embeddable":true,"href":"https:\/\/sfashionaccessories.com\/index.php?rest_route=%2Fwp%2Fv2%2Fproduct_brand&post=16794"},{"taxonomy":"product_cat","embeddable":true,"href":"https:\/\/sfashionaccessories.com\/index.php?rest_route=%2Fwp%2Fv2%2Fproduct_cat&post=16794"},{"taxonomy":"product_tag","embeddable":true,"href":"https:\/\/sfashionaccessories.com\/index.php?rest_route=%2Fwp%2Fv2%2Fproduct_tag&post=16794"}],"curies":[{"name":"wp","href":"https:\/\/api.w.org\/{rel}","templated":true}]}}