{"id":16875,"date":"2024-05-24T18:44:23","date_gmt":"2024-05-24T09:44:23","guid":{"rendered":"https:\/\/sfashionaccessories.com\/?post_type=product&#038;p=16875"},"modified":"2026-03-18T12:49:34","modified_gmt":"2026-03-18T03:49:34","slug":"charlot-fragrancia-desodorante-corporal-100-ml-mahogany","status":"publish","type":"product","link":"https:\/\/sfashionaccessories.com\/?product=charlot-fragrancia-desodorante-corporal-100-ml-mahogany","title":{"rendered":"CHARLOT FRAGR\u00c2NCIA DESODORANTE CORPORAL 100 ML &#8211; MAHOGANY"},"content":{"rendered":"<p>Uma inebriante cria\u00e7\u00e3o de acordes florais brancos de jasmin e flor de laranjeira, equilibrada com o frescor da mandarina, traduzem a eleg\u00e2ncia e envolv\u00eancia de Charlot. A cria\u00e7\u00e3o \u00e9 sustentada por acordes de cassis, \u00e2mbar e baunilha, evoluindo para uma perfuma\u00e7\u00e3o opulenta e oriental. Charlot \u00e9 sofistica\u00e7\u00e3o e luxo em cada detalhe. Deixe-se levar pela riqueza e complexidade dessa perfuma\u00e7\u00e3o \u00fanica.<br \/>\nCaminho Olfativo: Foug\u00e8re Oriental<\/p>\n<p>Pir\u00e2mide Olfativa:<br \/>\nNotas de Sa\u00edda: Lavanda, Mandarina e Cassis.<br \/>\nNotas de Corpo: Jasmin, Flor de Laranjeira e Petitgrain.<br \/>\nNotas de Fundo: Cedro, \u00c2mbar, Musk e Baunilha.<\/p>\n","protected":false},"excerpt":{"rendered":"<p>Uma inebriante cria\u00e7\u00e3o de acordes florais brancos de jasmin e flor de laranjeira, equilibrada com o frescor da mandarina, traduzem a eleg\u00e2ncia e envolv\u00eancia de Charlot. A cria\u00e7\u00e3o \u00e9 sustentada por acordes de cassis, \u00e2mbar e baunilha, evoluindo para uma perfuma\u00e7\u00e3o opulenta e oriental. Charlot \u00e9 sofistica\u00e7\u00e3o e luxo em cada detalhe. Deixe-se levar pela [&hellip;]<\/p>\n","protected":false},"featured_media":16878,"comment_status":"open","ping_status":"closed","template":"","meta":{"_kadence_starter_templates_imported_post":false},"product_brand":[],"product_cat":[206,167,224],"product_tag":[272,192,233],"class_list":{"0":"post-16875","1":"product","2":"type-product","3":"status-publish","4":"has-post-thumbnail","6":"product_cat-cosmeticos-cremes-hidradantesperfumes","7":"product_cat-mahogany","8":"product_cat-perfumes-2","9":"product_tag-cosmeticos","10":"product_tag-mahogany","11":"product_tag-perfume","13":"first","14":"instock","15":"sale","16":"shipping-taxable","17":"purchasable","18":"product-type-simple"},"_links":{"self":[{"href":"https:\/\/sfashionaccessories.com\/index.php?rest_route=\/wp\/v2\/product\/16875","targetHints":{"allow":["GET"]}}],"collection":[{"href":"https:\/\/sfashionaccessories.com\/index.php?rest_route=\/wp\/v2\/product"}],"about":[{"href":"https:\/\/sfashionaccessories.com\/index.php?rest_route=\/wp\/v2\/types\/product"}],"replies":[{"embeddable":true,"href":"https:\/\/sfashionaccessories.com\/index.php?rest_route=%2Fwp%2Fv2%2Fcomments&post=16875"}],"wp:featuredmedia":[{"embeddable":true,"href":"https:\/\/sfashionaccessories.com\/index.php?rest_route=\/wp\/v2\/media\/16878"}],"wp:attachment":[{"href":"https:\/\/sfashionaccessories.com\/index.php?rest_route=%2Fwp%2Fv2%2Fmedia&parent=16875"}],"wp:term":[{"taxonomy":"product_brand","embeddable":true,"href":"https:\/\/sfashionaccessories.com\/index.php?rest_route=%2Fwp%2Fv2%2Fproduct_brand&post=16875"},{"taxonomy":"product_cat","embeddable":true,"href":"https:\/\/sfashionaccessories.com\/index.php?rest_route=%2Fwp%2Fv2%2Fproduct_cat&post=16875"},{"taxonomy":"product_tag","embeddable":true,"href":"https:\/\/sfashionaccessories.com\/index.php?rest_route=%2Fwp%2Fv2%2Fproduct_tag&post=16875"}],"curies":[{"name":"wp","href":"https:\/\/api.w.org\/{rel}","templated":true}]}}