{"id":16913,"date":"2024-05-25T10:52:12","date_gmt":"2024-05-25T01:52:12","guid":{"rendered":"https:\/\/sfashionaccessories.com\/?post_type=product&#038;p=16913"},"modified":"2025-04-30T19:46:51","modified_gmt":"2025-04-30T10:46:51","slug":"saia-jeans-sawary-276295","status":"publish","type":"product","link":"https:\/\/sfashionaccessories.com\/?product=saia-jeans-sawary-276295","title":{"rendered":"Saia Jeans Sawary &#8211; 276295"},"content":{"rendered":"<p>Saia mini feminina confeccionada em jeans.<\/p>\n<p>O modelo tem comprimento curto e caimento ajustado.<\/p>\n<p>A parte frontal tem fechamento com bot\u00e3o e z\u00edper<\/p>\n<p>Bolsos posterior funcional.<\/p>\n<p>A barra tem acabamento simples<\/p>\n<p>Tecido: Jeans<\/p>\n<p>Tipo de lavagem: Azul<\/p>\n<p>Cor: Azul m\u00e9dio<\/p>\n<p>Composi\u00e7\u00e3o79%Algod\u00e3o 19%Poli\u00e9ster 2%Elastano<\/p>\n","protected":false},"excerpt":{"rendered":"<p>Saia mini feminina confeccionada em jeans. O modelo tem comprimento curto e caimento ajustado. A parte frontal tem fechamento com bot\u00e3o e z\u00edper Bolsos posterior funcional. A barra tem acabamento simples Tecido: Jeans Tipo de lavagem: Azul Cor: Azul m\u00e9dio Composi\u00e7\u00e3o79%Algod\u00e3o 19%Poli\u00e9ster 2%Elastano<\/p>\n","protected":false},"featured_media":16915,"comment_status":"open","ping_status":"closed","template":"","meta":{"_kadence_starter_templates_imported_post":false},"product_brand":[],"product_cat":[293,527,499,783,259,196],"product_tag":[395,134,784,256],"class_list":{"0":"post-16913","1":"product","2":"type-product","3":"status-publish","4":"has-post-thumbnail","6":"product_cat-feminino","7":"product_cat-jeans","8":"product_cat-medidas-calcas-e-shorts-feminino-sawary","9":"product_cat-mini-saia","10":"product_cat-sawary","11":"product_cat-vestidos","12":"product_tag-feminino","13":"product_tag-jeans","14":"product_tag-mini-saia","15":"product_tag-sawary","17":"first","18":"instock","19":"shipping-taxable","20":"purchasable","21":"product-type-variable"},"_links":{"self":[{"href":"https:\/\/sfashionaccessories.com\/index.php?rest_route=\/wp\/v2\/product\/16913","targetHints":{"allow":["GET"]}}],"collection":[{"href":"https:\/\/sfashionaccessories.com\/index.php?rest_route=\/wp\/v2\/product"}],"about":[{"href":"https:\/\/sfashionaccessories.com\/index.php?rest_route=\/wp\/v2\/types\/product"}],"replies":[{"embeddable":true,"href":"https:\/\/sfashionaccessories.com\/index.php?rest_route=%2Fwp%2Fv2%2Fcomments&post=16913"}],"wp:featuredmedia":[{"embeddable":true,"href":"https:\/\/sfashionaccessories.com\/index.php?rest_route=\/wp\/v2\/media\/16915"}],"wp:attachment":[{"href":"https:\/\/sfashionaccessories.com\/index.php?rest_route=%2Fwp%2Fv2%2Fmedia&parent=16913"}],"wp:term":[{"taxonomy":"product_brand","embeddable":true,"href":"https:\/\/sfashionaccessories.com\/index.php?rest_route=%2Fwp%2Fv2%2Fproduct_brand&post=16913"},{"taxonomy":"product_cat","embeddable":true,"href":"https:\/\/sfashionaccessories.com\/index.php?rest_route=%2Fwp%2Fv2%2Fproduct_cat&post=16913"},{"taxonomy":"product_tag","embeddable":true,"href":"https:\/\/sfashionaccessories.com\/index.php?rest_route=%2Fwp%2Fv2%2Fproduct_tag&post=16913"}],"curies":[{"name":"wp","href":"https:\/\/api.w.org\/{rel}","templated":true}]}}