{"id":16926,"date":"2025-04-22T11:11:43","date_gmt":"2025-04-22T02:11:43","guid":{"rendered":"https:\/\/sfashionaccessories.com\/?post_type=product&#038;p=16926"},"modified":"2025-07-04T14:27:35","modified_gmt":"2025-07-04T05:27:35","slug":"shorts-jeans-sawary-276306","status":"publish","type":"product","link":"https:\/\/sfashionaccessories.com\/?product=shorts-jeans-sawary-276306","title":{"rendered":"SHORTS JEANS SAWARY &#8211; 276306"},"content":{"rendered":"<p>Shorts confeccionada em jeans.<\/p>\n<p>Modelagem soltinho.<\/p>\n<p>Cintura m\u00e9dia<\/p>\n<p>Fechamento com bot\u00e3o e z\u00edper<\/p>\n<p>Bolsos frontais e bolsos traseiros funcionais<\/p>\n<p>Barra desfiada<\/p>\n<p>Tecido: Jeans<\/p>\n<p>Tipo de lavagem: Azul<\/p>\n<p>Cor: Azul m\u00e9dio<\/p>\n","protected":false},"excerpt":{"rendered":"<p>Shorts confeccionada em jeans. Modelagem soltinho. Cintura m\u00e9dia Fechamento com bot\u00e3o e z\u00edper Bolsos frontais e bolsos traseiros funcionais Barra desfiada Tecido: Jeans Tipo de lavagem: Azul Cor: Azul m\u00e9dio<\/p>\n","protected":false},"featured_media":16933,"comment_status":"open","ping_status":"closed","template":"","meta":{"_kadence_starter_templates_imported_post":false},"product_brand":[],"product_cat":[293,527,499,259,45],"product_tag":[395,134,256,305],"class_list":{"0":"post-16926","1":"product","2":"type-product","3":"status-publish","4":"has-post-thumbnail","6":"product_cat-feminino","7":"product_cat-jeans","8":"product_cat-medidas-calcas-e-shorts-feminino-sawary","9":"product_cat-sawary","10":"product_cat-shorts-femininos","11":"product_tag-feminino","12":"product_tag-jeans","13":"product_tag-sawary","14":"product_tag-shorts","16":"first","17":"instock","18":"sale","19":"shipping-taxable","20":"purchasable","21":"product-type-variable"},"_links":{"self":[{"href":"https:\/\/sfashionaccessories.com\/index.php?rest_route=\/wp\/v2\/product\/16926","targetHints":{"allow":["GET"]}}],"collection":[{"href":"https:\/\/sfashionaccessories.com\/index.php?rest_route=\/wp\/v2\/product"}],"about":[{"href":"https:\/\/sfashionaccessories.com\/index.php?rest_route=\/wp\/v2\/types\/product"}],"replies":[{"embeddable":true,"href":"https:\/\/sfashionaccessories.com\/index.php?rest_route=%2Fwp%2Fv2%2Fcomments&post=16926"}],"wp:featuredmedia":[{"embeddable":true,"href":"https:\/\/sfashionaccessories.com\/index.php?rest_route=\/wp\/v2\/media\/16933"}],"wp:attachment":[{"href":"https:\/\/sfashionaccessories.com\/index.php?rest_route=%2Fwp%2Fv2%2Fmedia&parent=16926"}],"wp:term":[{"taxonomy":"product_brand","embeddable":true,"href":"https:\/\/sfashionaccessories.com\/index.php?rest_route=%2Fwp%2Fv2%2Fproduct_brand&post=16926"},{"taxonomy":"product_cat","embeddable":true,"href":"https:\/\/sfashionaccessories.com\/index.php?rest_route=%2Fwp%2Fv2%2Fproduct_cat&post=16926"},{"taxonomy":"product_tag","embeddable":true,"href":"https:\/\/sfashionaccessories.com\/index.php?rest_route=%2Fwp%2Fv2%2Fproduct_tag&post=16926"}],"curies":[{"name":"wp","href":"https:\/\/api.w.org\/{rel}","templated":true}]}}