{"id":17139,"date":"2024-06-02T19:09:56","date_gmt":"2024-06-02T10:09:56","guid":{"rendered":"https:\/\/sfashionaccessories.com\/?post_type=product&#038;p=17139"},"modified":"2024-08-03T19:28:30","modified_gmt":"2024-08-03T10:28:30","slug":"kit-kaiak-feminino-deo-colonia-100ml-sabonete-liquido-esfoliante","status":"publish","type":"product","link":"https:\/\/sfashionaccessories.com\/?product=kit-kaiak-feminino-deo-colonia-100ml-sabonete-liquido-esfoliante","title":{"rendered":"Kit Kaiak Feminino Deo Colonia 100ML + Sabonete L\u00edquido Esfoliante"},"content":{"rendered":"<p>Kaiak Feminino Deo Colonia 100ML<\/p>\n<p>A sa\u00edda fresca de Kaiak Feminino, quase fria, possui notas de bergamota, mandarina e folhas verdes. A busca por viver intensamente traz a ess\u00eancia do que \u00e9 Kaiak. Sem medo de se aventurar, a mulher corajosa se entrega de corpo e alma \u00e0 liberdade que a natureza proporciona. O vento traz a vibra\u00e7\u00e3o que arrepia e impulsiona \u00e0 busca da adrenalina. Na cidade, campo, mar, no frio, chuva, calor. Seja correndo, andando, nadando, pedalando, voc\u00ea tem certeza de que est\u00e1 onde quer estar. A ess\u00eancia feminina se mistura com o poder da natureza e se torna uma s\u00f3. \u00danica. A vibra\u00e7\u00e3o da energia feminina \u00e9 dada pela combina\u00e7\u00e3o de c\u00edtricos e pela feminilidade das flores, envolvidas pelo conforto das madeiras com a cremosidade da fava tonka.<\/p>\n<p>Caminho olfativo:<\/p>\n<p>Topo: ma\u00e7\u00e3, bergamota, cassis.<\/p>\n<p>Corpo: rosa, jasmim, muguet.<\/p>\n<p>Fundo: musc, s\u00e2ndalo, \u00e2mbar.<\/p>\n<p>&nbsp;<\/p>\n<p>Sabonete L\u00edquido Kaiak Feminino<\/p>\n<p>Sinta a pot\u00eancia do frescor<br \/>\nCom fragr\u00e2ncia ultra refrescante de Kaiak feminino, este sabonete l\u00edquido produz uma espuma cremosa e abundante, limpando a pele ao mesmo tempo que perfuma e mant\u00e9m a hidrata\u00e7\u00e3o natural da pele.<\/p>\n<p>Benef\u00edcios:<br \/>\n\u2022 Espuma cremosa e abundante;<br \/>\n\u2022 Limpa e perfuma;<br \/>\n\u2022 Mant\u00e9m a hidrata\u00e7\u00e3o natural da pele;<br \/>\n\u2022 Produto vegano;<br \/>\n\u2022 Fragr\u00e2ncia ultra refrescante.<\/p>\n","protected":false},"excerpt":{"rendered":"<p>Kaiak Feminino Deo Colonia 100ML A sa\u00edda fresca de Kaiak Feminino, quase fria, possui notas de bergamota, mandarina e folhas verdes. A busca por viver intensamente traz a ess\u00eancia do que \u00e9 Kaiak. Sem medo de se aventurar, a mulher corajosa se entrega de corpo e alma \u00e0 liberdade que a natureza proporciona. O vento [&hellip;]<\/p>\n","protected":false},"featured_media":17135,"comment_status":"open","ping_status":"closed","template":"","meta":{"_kadence_starter_templates_imported_post":false},"product_brand":[],"product_cat":[713,206,788,203,231,228],"product_tag":[272,395,234,233,534],"class_list":{"0":"post-17139","1":"product","2":"type-product","3":"status-publish","4":"has-post-thumbnail","6":"product_cat-colonia","7":"product_cat-cosmeticos-cremes-hidradantesperfumes","8":"product_cat-kit","9":"product_cat-natura-creme-oleo-sabonete-perfume","10":"product_cat-perfumes-natura","11":"product_cat-sabonete-sabonete-liquido-natura","12":"product_tag-cosmeticos","13":"product_tag-feminino","14":"product_tag-natura","15":"product_tag-perfume","16":"product_tag-sabonete-esfoliante","18":"first","19":"outofstock","20":"sale","21":"shipping-taxable","22":"purchasable","23":"product-type-simple"},"_links":{"self":[{"href":"https:\/\/sfashionaccessories.com\/index.php?rest_route=\/wp\/v2\/product\/17139","targetHints":{"allow":["GET"]}}],"collection":[{"href":"https:\/\/sfashionaccessories.com\/index.php?rest_route=\/wp\/v2\/product"}],"about":[{"href":"https:\/\/sfashionaccessories.com\/index.php?rest_route=\/wp\/v2\/types\/product"}],"replies":[{"embeddable":true,"href":"https:\/\/sfashionaccessories.com\/index.php?rest_route=%2Fwp%2Fv2%2Fcomments&post=17139"}],"wp:featuredmedia":[{"embeddable":true,"href":"https:\/\/sfashionaccessories.com\/index.php?rest_route=\/wp\/v2\/media\/17135"}],"wp:attachment":[{"href":"https:\/\/sfashionaccessories.com\/index.php?rest_route=%2Fwp%2Fv2%2Fmedia&parent=17139"}],"wp:term":[{"taxonomy":"product_brand","embeddable":true,"href":"https:\/\/sfashionaccessories.com\/index.php?rest_route=%2Fwp%2Fv2%2Fproduct_brand&post=17139"},{"taxonomy":"product_cat","embeddable":true,"href":"https:\/\/sfashionaccessories.com\/index.php?rest_route=%2Fwp%2Fv2%2Fproduct_cat&post=17139"},{"taxonomy":"product_tag","embeddable":true,"href":"https:\/\/sfashionaccessories.com\/index.php?rest_route=%2Fwp%2Fv2%2Fproduct_tag&post=17139"}],"curies":[{"name":"wp","href":"https:\/\/api.w.org\/{rel}","templated":true}]}}