{"id":17244,"date":"2024-06-14T19:00:40","date_gmt":"2024-06-14T10:00:40","guid":{"rendered":"https:\/\/sfashionaccessories.com\/?post_type=product&#038;p=17244"},"modified":"2025-12-03T14:54:05","modified_gmt":"2025-12-03T05:54:05","slug":"calca-sawary-jeans-skinny-276729","status":"publish","type":"product","link":"https:\/\/sfashionaccessories.com\/?product=calca-sawary-jeans-skinny-276729","title":{"rendered":"Cal\u00e7a Sawary Jeans Skinny &#8211; 276729"},"content":{"rendered":"<p>Cal\u00e7a confeccionada em jeans com modelagem skinny.<\/p>\n<p>Possui cintura alta, c\u00f3s com passantes, fechamento frontal por z\u00edper e bot\u00e3o, e bolsos posteriores.<\/p>\n<p>Modelo moderno e cheio de estilo para compor seus looks.<\/p>\n<p>Caracter\u00edsticas:<\/p>\n<p>Cintura: Alta<\/p>\n<p>Modelagem: Skinny<\/p>\n<p>Bolso: 2 Posteriores<\/p>\n<p>Composi\u00e7\u00e3o: 80%Algod\u00e3o, 18%Poli\u00e9ster, 2%Elastano.<\/p>\n","protected":false},"excerpt":{"rendered":"<p>Cal\u00e7a confeccionada em jeans com modelagem skinny. Possui cintura alta, c\u00f3s com passantes, fechamento frontal por z\u00edper e bot\u00e3o, e bolsos posteriores. Modelo moderno e cheio de estilo para compor seus looks. Caracter\u00edsticas: Cintura: Alta Modelagem: Skinny Bolso: 2 Posteriores Composi\u00e7\u00e3o: 80%Algod\u00e3o, 18%Poli\u00e9ster, 2%Elastano.<\/p>\n","protected":false},"featured_media":17253,"comment_status":"open","ping_status":"closed","template":"","meta":{"_kadence_starter_templates_imported_post":false},"product_brand":[],"product_cat":[508,293,527,499,259],"product_tag":[242,134,256],"class_list":{"0":"post-17244","1":"product","2":"type-product","3":"status-publish","4":"has-post-thumbnail","6":"product_cat-calcas-femininas","7":"product_cat-feminino","8":"product_cat-jeans","9":"product_cat-medidas-calcas-e-shorts-feminino-sawary","10":"product_cat-sawary","11":"product_tag-calcas-femininas","12":"product_tag-jeans","13":"product_tag-sawary","15":"first","16":"instock","17":"shipping-taxable","18":"purchasable","19":"product-type-variable"},"_links":{"self":[{"href":"https:\/\/sfashionaccessories.com\/index.php?rest_route=\/wp\/v2\/product\/17244","targetHints":{"allow":["GET"]}}],"collection":[{"href":"https:\/\/sfashionaccessories.com\/index.php?rest_route=\/wp\/v2\/product"}],"about":[{"href":"https:\/\/sfashionaccessories.com\/index.php?rest_route=\/wp\/v2\/types\/product"}],"replies":[{"embeddable":true,"href":"https:\/\/sfashionaccessories.com\/index.php?rest_route=%2Fwp%2Fv2%2Fcomments&post=17244"}],"wp:featuredmedia":[{"embeddable":true,"href":"https:\/\/sfashionaccessories.com\/index.php?rest_route=\/wp\/v2\/media\/17253"}],"wp:attachment":[{"href":"https:\/\/sfashionaccessories.com\/index.php?rest_route=%2Fwp%2Fv2%2Fmedia&parent=17244"}],"wp:term":[{"taxonomy":"product_brand","embeddable":true,"href":"https:\/\/sfashionaccessories.com\/index.php?rest_route=%2Fwp%2Fv2%2Fproduct_brand&post=17244"},{"taxonomy":"product_cat","embeddable":true,"href":"https:\/\/sfashionaccessories.com\/index.php?rest_route=%2Fwp%2Fv2%2Fproduct_cat&post=17244"},{"taxonomy":"product_tag","embeddable":true,"href":"https:\/\/sfashionaccessories.com\/index.php?rest_route=%2Fwp%2Fv2%2Fproduct_tag&post=17244"}],"curies":[{"name":"wp","href":"https:\/\/api.w.org\/{rel}","templated":true}]}}