{"id":17305,"date":"2024-06-25T21:47:51","date_gmt":"2024-06-25T12:47:51","guid":{"rendered":"https:\/\/sfashionaccessories.com\/?post_type=product&#038;p=17305"},"modified":"2026-04-18T14:40:41","modified_gmt":"2026-04-18T05:40:41","slug":"desodorante-roll-on-kaiak-urbe-natura","status":"publish","type":"product","link":"https:\/\/sfashionaccessories.com\/?product=desodorante-roll-on-kaiak-urbe-natura","title":{"rendered":"Desodorante Roll-on Kaiak Urbe &#8211; Natura"},"content":{"rendered":"<p><span class=\"a-list-item\">O Desodorante Roll-on Kaiak Urbe tem 48 horas de prote\u00e7\u00e3o e a fragr\u00e2ncia Kaiak que voc\u00ea j\u00e1 conhece.<\/span><\/p>\n<p><span class=\"a-list-item\"> Sinta essa agrad\u00e1vel sensa\u00e7\u00e3o de frescor e bem-estar o dia todo. <\/span><\/p>\n<p><span class=\"a-list-item\">Benef\u00edcios: Protege 48h com complexo hidratante.<\/span><\/p>\n<p><span class=\"a-list-item\"> F\u00f3rmula exclusiva que n\u00e3o resseca a pele.<\/span><\/p>\n<p><span class=\"a-list-item\"> Evita manchas em roupas claras e escuras. <\/span><\/p>\n<p><span class=\"a-list-item\">Exclusivo complexo hidratante com vitamina E: <\/span><\/p>\n<p><span class=\"a-list-item\">protege, cuida e hidrata.<\/span><\/p>\n<p><span class=\"a-list-item\"> Conte\u00fado: 75ml.<\/span><\/p>\n","protected":false},"excerpt":{"rendered":"<p>O Desodorante Roll-on Kaiak Urbe tem 48 horas de prote\u00e7\u00e3o e a fragr\u00e2ncia Kaiak que voc\u00ea j\u00e1 conhece. Sinta essa agrad\u00e1vel sensa\u00e7\u00e3o de frescor e bem-estar o dia todo. Benef\u00edcios: Protege 48h com complexo hidratante. F\u00f3rmula exclusiva que n\u00e3o resseca a pele. Evita manchas em roupas claras e escuras. Exclusivo complexo hidratante com vitamina E: [&hellip;]<\/p>\n","protected":false},"featured_media":17307,"comment_status":"open","ping_status":"closed","template":"","meta":{"_kadence_starter_templates_imported_post":false},"product_brand":[],"product_cat":[206,213,203],"product_tag":[272,239,234],"class_list":{"0":"post-17305","1":"product","2":"type-product","3":"status-publish","4":"has-post-thumbnail","6":"product_cat-cosmeticos-cremes-hidradantesperfumes","7":"product_cat-desodorantes-anti-transpirantes","8":"product_cat-natura-creme-oleo-sabonete-perfume","9":"product_tag-cosmeticos","10":"product_tag-desodorante","11":"product_tag-natura","13":"first","14":"instock","15":"shipping-taxable","16":"purchasable","17":"product-type-simple"},"_links":{"self":[{"href":"https:\/\/sfashionaccessories.com\/index.php?rest_route=\/wp\/v2\/product\/17305","targetHints":{"allow":["GET"]}}],"collection":[{"href":"https:\/\/sfashionaccessories.com\/index.php?rest_route=\/wp\/v2\/product"}],"about":[{"href":"https:\/\/sfashionaccessories.com\/index.php?rest_route=\/wp\/v2\/types\/product"}],"replies":[{"embeddable":true,"href":"https:\/\/sfashionaccessories.com\/index.php?rest_route=%2Fwp%2Fv2%2Fcomments&post=17305"}],"wp:featuredmedia":[{"embeddable":true,"href":"https:\/\/sfashionaccessories.com\/index.php?rest_route=\/wp\/v2\/media\/17307"}],"wp:attachment":[{"href":"https:\/\/sfashionaccessories.com\/index.php?rest_route=%2Fwp%2Fv2%2Fmedia&parent=17305"}],"wp:term":[{"taxonomy":"product_brand","embeddable":true,"href":"https:\/\/sfashionaccessories.com\/index.php?rest_route=%2Fwp%2Fv2%2Fproduct_brand&post=17305"},{"taxonomy":"product_cat","embeddable":true,"href":"https:\/\/sfashionaccessories.com\/index.php?rest_route=%2Fwp%2Fv2%2Fproduct_cat&post=17305"},{"taxonomy":"product_tag","embeddable":true,"href":"https:\/\/sfashionaccessories.com\/index.php?rest_route=%2Fwp%2Fv2%2Fproduct_tag&post=17305"}],"curies":[{"name":"wp","href":"https:\/\/api.w.org\/{rel}","templated":true}]}}