{"id":17311,"date":"2026-03-18T11:54:00","date_gmt":"2026-03-18T02:54:00","guid":{"rendered":"https:\/\/sfashionaccessories.com\/?post_type=product&#038;p=17311"},"modified":"2026-03-18T14:43:36","modified_gmt":"2026-03-18T05:43:36","slug":"ilia-secreto-deo-parfum-natura-50ml","status":"publish","type":"product","link":"https:\/\/sfashionaccessories.com\/?product=ilia-secreto-deo-parfum-natura-50ml","title":{"rendered":"Ilia Secreto Deo Parfum &#8211; Natura 50ml"},"content":{"rendered":"<div class=\"sc-fqkvVR clbOvz sc-gvvZcT dBMEcm\" data-testid=\"product-detail\">\n<div class=\"sc-fqkvVR heuZyN sc-cYeeTI ScJQb\" data-testid=\"product-detail-description\">\n<div class=\"sc-fqkvVR hlqElk sc-eODrEC gcywpR\" data-testid=\"rich-content-container\">\n<p>Voc\u00ea em transforma\u00e7\u00e3o.<\/p>\n<p>Mist\u00e9rio, for\u00e7a e sofistica\u00e7\u00e3o. A cremosidade das flores brancas contrasta com notas adocicadas de fava tonka, um acorde de frutas roxas e um toque exclusivo de caf\u00e9 ar\u00e1bica. Uma fragr\u00e2ncia enriquecida com Ishpink, ingrediente da biodiversidade Amaz\u00f4nica que provoca os sentidos e guarda os segredos da for\u00e7a feminina.<\/p>\n<p>Fragr\u00e2ncia<\/p>\n<p>Floral intenso. A cremosidade das flores brancas contrastada com notas adocicadas de fava-tonca e um toque de caf\u00e9 ar\u00e1bica.<\/p>\n<p>Gota olfativa<\/p>\n<p>Sa\u00edda: acorde lact\u00f4nico, p\u00eara, acorde frutal roxo, mandarina<\/p>\n<p>Corpo: muguet, jasmin abs sam lmr, heliotrope, freesia, orqu\u00eddea<\/p>\n<p>Fundo: musk, cedro, s\u00e2ndalo, fava tonka lmr, vanilla, notas gustativas, patchouli heart, \u00e2mbar, caf\u00e9 ar\u00e1bica<\/p>\n<\/div>\n<\/div>\n<\/div>\n<div class=\"sc-fqkvVR hlqElk\" data-testid=\"lazyload-container\">\n<div class=\"sc-dcJsrY dlXJDa\" data-testid=\"mod-x\"><\/div>\n<\/div>\n","protected":false},"excerpt":{"rendered":"<p>Voc\u00ea em transforma\u00e7\u00e3o. Mist\u00e9rio, for\u00e7a e sofistica\u00e7\u00e3o. A cremosidade das flores brancas contrasta com notas adocicadas de fava tonka, um acorde de frutas roxas e um toque exclusivo de caf\u00e9 ar\u00e1bica. Uma fragr\u00e2ncia enriquecida com Ishpink, ingrediente da biodiversidade Amaz\u00f4nica que provoca os sentidos e guarda os segredos da for\u00e7a feminina. Fragr\u00e2ncia Floral intenso. A [&hellip;]<\/p>\n","protected":false},"featured_media":17315,"comment_status":"open","ping_status":"closed","template":"","meta":{"_kadence_starter_templates_imported_post":false},"product_brand":[],"product_cat":[465,206,276,278,213,580,293,203,231],"product_tag":[1084,272,395,947,234,233,401],"class_list":{"0":"post-17311","1":"product","2":"type-product","3":"status-publish","4":"has-post-thumbnail","6":"product_cat-anuncios","7":"product_cat-cosmeticos-cremes-hidradantesperfumes","8":"product_cat-desodorante","9":"product_cat-desodorante-feminino","10":"product_cat-desodorantes-anti-transpirantes","11":"product_cat-destaques","12":"product_cat-feminino","13":"product_cat-natura-creme-oleo-sabonete-perfume","14":"product_cat-perfumes-natura","15":"product_tag-aichi","16":"product_tag-cosmeticos","17":"product_tag-feminino","18":"product_tag-japao","19":"product_tag-natura","20":"product_tag-perfume","21":"product_tag-perfumes","23":"first","24":"instock","25":"featured","26":"shipping-taxable","27":"purchasable","28":"product-type-simple"},"_links":{"self":[{"href":"https:\/\/sfashionaccessories.com\/index.php?rest_route=\/wp\/v2\/product\/17311","targetHints":{"allow":["GET"]}}],"collection":[{"href":"https:\/\/sfashionaccessories.com\/index.php?rest_route=\/wp\/v2\/product"}],"about":[{"href":"https:\/\/sfashionaccessories.com\/index.php?rest_route=\/wp\/v2\/types\/product"}],"replies":[{"embeddable":true,"href":"https:\/\/sfashionaccessories.com\/index.php?rest_route=%2Fwp%2Fv2%2Fcomments&post=17311"}],"wp:featuredmedia":[{"embeddable":true,"href":"https:\/\/sfashionaccessories.com\/index.php?rest_route=\/wp\/v2\/media\/17315"}],"wp:attachment":[{"href":"https:\/\/sfashionaccessories.com\/index.php?rest_route=%2Fwp%2Fv2%2Fmedia&parent=17311"}],"wp:term":[{"taxonomy":"product_brand","embeddable":true,"href":"https:\/\/sfashionaccessories.com\/index.php?rest_route=%2Fwp%2Fv2%2Fproduct_brand&post=17311"},{"taxonomy":"product_cat","embeddable":true,"href":"https:\/\/sfashionaccessories.com\/index.php?rest_route=%2Fwp%2Fv2%2Fproduct_cat&post=17311"},{"taxonomy":"product_tag","embeddable":true,"href":"https:\/\/sfashionaccessories.com\/index.php?rest_route=%2Fwp%2Fv2%2Fproduct_tag&post=17311"}],"curies":[{"name":"wp","href":"https:\/\/api.w.org\/{rel}","templated":true}]}}