{"id":17343,"date":"2024-06-27T18:07:32","date_gmt":"2024-06-27T09:07:32","guid":{"rendered":"https:\/\/sfashionaccessories.com\/?post_type=product&#038;p=17343"},"modified":"2024-12-08T13:00:04","modified_gmt":"2024-12-08T04:00:04","slug":"batom-liquido-bege-castanheli-instamatte-4ml-quem-disse-berenice","status":"publish","type":"product","link":"https:\/\/sfashionaccessories.com\/?product=batom-liquido-bege-castanheli-instamatte-4ml-quem-disse-berenice","title":{"rendered":"Batom L\u00edquido Bege Castanheli Instamatte 4ml &#8211; Quem disse, Berenice?"},"content":{"rendered":"<p>Os Batons L\u00edquidos Supermatte queridinhos de Quem Disse, Berenice? agora s\u00e3o<strong>\u00a0Instamatte!<\/strong><\/p>\n<p>Acabamento mate e longa dura\u00e7\u00e3o? \u00c9 pra j\u00e1! A linha\u00a0<strong>Instamatte\u00a0<\/strong>traz a combina\u00e7\u00e3o dos atributos que as Ber\u00eas amam!<\/p>\n<p>Al\u00e9m disso, n\u00e3o acumula e, em 30 segundos ap\u00f3s aplicar, ele seca sem ressecar!<\/p>\n<p>-Longa dura\u00e7\u00e3o de at\u00e9 6h;<\/p>\n<p>&nbsp;<\/p>\n<p>-Cobertura mate confort\u00e1vel;<\/p>\n<p>&nbsp;<\/p>\n<p>&#8211; Ultra fina e aveludada;<\/p>\n<p>&nbsp;<\/p>\n<p>-Super pigmentado;<\/p>\n<p>&nbsp;<\/p>\n<p>-N\u00e3o escorre nem craquela;<\/p>\n<p>Mantendo a hidrata\u00e7\u00e3o dos seus l\u00e1bios com um\u00a0<strong>acabamento de efeito matte confort\u00e1vel<\/strong>, esse\u00a0<strong>batom l\u00edquido Quem Disse, Berenice?<\/strong>\u00a0<strong>n\u00e3o acumula nos vincos dos l\u00e1bios<\/strong>, ressaltando sua beleza natural.<\/p>\n","protected":false},"excerpt":{"rendered":"<p>Os Batons L\u00edquidos Supermatte queridinhos de Quem Disse, Berenice? agora s\u00e3o\u00a0Instamatte! Acabamento mate e longa dura\u00e7\u00e3o? \u00c9 pra j\u00e1! A linha\u00a0Instamatte\u00a0traz a combina\u00e7\u00e3o dos atributos que as Ber\u00eas amam! Al\u00e9m disso, n\u00e3o acumula e, em 30 segundos ap\u00f3s aplicar, ele seca sem ressecar! -Longa dura\u00e7\u00e3o de at\u00e9 6h; &nbsp; -Cobertura mate confort\u00e1vel; &nbsp; &#8211; Ultra [&hellip;]<\/p>\n","protected":false},"featured_media":17340,"comment_status":"open","ping_status":"closed","template":"","meta":{"_kadence_starter_templates_imported_post":false},"product_brand":[],"product_cat":[609,836,206,205,835],"product_tag":[610,838,272,676,837],"class_list":{"0":"post-17343","1":"product","2":"type-product","3":"status-publish","4":"has-post-thumbnail","6":"product_cat-batom","7":"product_cat-berenice","8":"product_cat-cosmeticos-cremes-hidradantesperfumes","9":"product_cat-baton-po-brush-maquiagem","10":"product_cat-quem-disse-berenice","11":"product_tag-batom-liquido","12":"product_tag-berenice","13":"product_tag-cosmeticos","14":"product_tag-maquiagem","15":"product_tag-quem-disse","17":"first","18":"outofstock","19":"shipping-taxable","20":"purchasable","21":"product-type-variable"},"_links":{"self":[{"href":"https:\/\/sfashionaccessories.com\/index.php?rest_route=\/wp\/v2\/product\/17343","targetHints":{"allow":["GET"]}}],"collection":[{"href":"https:\/\/sfashionaccessories.com\/index.php?rest_route=\/wp\/v2\/product"}],"about":[{"href":"https:\/\/sfashionaccessories.com\/index.php?rest_route=\/wp\/v2\/types\/product"}],"replies":[{"embeddable":true,"href":"https:\/\/sfashionaccessories.com\/index.php?rest_route=%2Fwp%2Fv2%2Fcomments&post=17343"}],"wp:featuredmedia":[{"embeddable":true,"href":"https:\/\/sfashionaccessories.com\/index.php?rest_route=\/wp\/v2\/media\/17340"}],"wp:attachment":[{"href":"https:\/\/sfashionaccessories.com\/index.php?rest_route=%2Fwp%2Fv2%2Fmedia&parent=17343"}],"wp:term":[{"taxonomy":"product_brand","embeddable":true,"href":"https:\/\/sfashionaccessories.com\/index.php?rest_route=%2Fwp%2Fv2%2Fproduct_brand&post=17343"},{"taxonomy":"product_cat","embeddable":true,"href":"https:\/\/sfashionaccessories.com\/index.php?rest_route=%2Fwp%2Fv2%2Fproduct_cat&post=17343"},{"taxonomy":"product_tag","embeddable":true,"href":"https:\/\/sfashionaccessories.com\/index.php?rest_route=%2Fwp%2Fv2%2Fproduct_tag&post=17343"}],"curies":[{"name":"wp","href":"https:\/\/api.w.org\/{rel}","templated":true}]}}