{"id":17372,"date":"2024-06-27T19:56:59","date_gmt":"2024-06-27T10:56:59","guid":{"rendered":"https:\/\/sfashionaccessories.com\/?post_type=product&#038;p=17372"},"modified":"2024-12-15T18:50:02","modified_gmt":"2024-12-15T09:50:02","slug":"batom-cremoso-rosa-intense-pop-36g","status":"publish","type":"product","link":"https:\/\/sfashionaccessories.com\/?product=batom-cremoso-rosa-intense-pop-36g","title":{"rendered":"Batom Cremoso Rosa Intense Pop! 3,6g"},"content":{"rendered":"<p>O\u00a0<strong>Batom Cremoso Rosa Intense Pop<\/strong>! \u00e9 a \u00faltima tend\u00eancia da moda quando o assunto \u00e9 make. A\u00a0<strong>cor rosa\u00a0<\/strong>entrega um tom moderno e uniforme j\u00e1 na primeira aplica\u00e7\u00e3o, com uma textura cremosa super confort\u00e1vel e f\u00e1cil de aplicar.<\/p>\n<p>Confira mais\u00a0 benef\u00edcios e se apaixone:<\/p>\n<p>&nbsp;<\/p>\n<p>\u2022 L\u00e1bios Hidratados<\/p>\n<p>\u2022 Cor Intensa<\/p>\n<p>\u2022 Alta Cobertura<\/p>\n<p>\u2022 Desliza Confortavelmente.<\/p>\n","protected":false},"excerpt":{"rendered":"<p>O\u00a0Batom Cremoso Rosa Intense Pop! \u00e9 a \u00faltima tend\u00eancia da moda quando o assunto \u00e9 make. A\u00a0cor rosa\u00a0entrega um tom moderno e uniforme j\u00e1 na primeira aplica\u00e7\u00e3o, com uma textura cremosa super confort\u00e1vel e f\u00e1cil de aplicar. Confira mais\u00a0 benef\u00edcios e se apaixone: &nbsp; \u2022 L\u00e1bios Hidratados \u2022 Cor Intensa \u2022 Alta Cobertura \u2022 Desliza [&hellip;]<\/p>\n","protected":false},"featured_media":17354,"comment_status":"open","ping_status":"closed","template":"","meta":{"_kadence_starter_templates_imported_post":false},"product_brand":[],"product_cat":[609,206,293,205,282],"product_tag":[611,272,676,284],"class_list":{"0":"post-17372","1":"product","2":"type-product","3":"status-publish","4":"has-post-thumbnail","6":"product_cat-batom","7":"product_cat-cosmeticos-cremes-hidradantesperfumes","8":"product_cat-feminino","9":"product_cat-baton-po-brush-maquiagem","10":"product_cat-o-boticario","11":"product_tag-batom","12":"product_tag-cosmeticos","13":"product_tag-maquiagem","14":"product_tag-o-boticario","16":"first","17":"instock","18":"shipping-taxable","19":"purchasable","20":"product-type-variable"},"_links":{"self":[{"href":"https:\/\/sfashionaccessories.com\/index.php?rest_route=\/wp\/v2\/product\/17372","targetHints":{"allow":["GET"]}}],"collection":[{"href":"https:\/\/sfashionaccessories.com\/index.php?rest_route=\/wp\/v2\/product"}],"about":[{"href":"https:\/\/sfashionaccessories.com\/index.php?rest_route=\/wp\/v2\/types\/product"}],"replies":[{"embeddable":true,"href":"https:\/\/sfashionaccessories.com\/index.php?rest_route=%2Fwp%2Fv2%2Fcomments&post=17372"}],"wp:featuredmedia":[{"embeddable":true,"href":"https:\/\/sfashionaccessories.com\/index.php?rest_route=\/wp\/v2\/media\/17354"}],"wp:attachment":[{"href":"https:\/\/sfashionaccessories.com\/index.php?rest_route=%2Fwp%2Fv2%2Fmedia&parent=17372"}],"wp:term":[{"taxonomy":"product_brand","embeddable":true,"href":"https:\/\/sfashionaccessories.com\/index.php?rest_route=%2Fwp%2Fv2%2Fproduct_brand&post=17372"},{"taxonomy":"product_cat","embeddable":true,"href":"https:\/\/sfashionaccessories.com\/index.php?rest_route=%2Fwp%2Fv2%2Fproduct_cat&post=17372"},{"taxonomy":"product_tag","embeddable":true,"href":"https:\/\/sfashionaccessories.com\/index.php?rest_route=%2Fwp%2Fv2%2Fproduct_tag&post=17372"}],"curies":[{"name":"wp","href":"https:\/\/api.w.org\/{rel}","templated":true}]}}