{"id":17378,"date":"2024-06-27T19:55:54","date_gmt":"2024-06-27T10:55:54","guid":{"rendered":"https:\/\/sfashionaccessories.com\/?post_type=product&#038;p=17378"},"modified":"2024-07-05T13:27:32","modified_gmt":"2024-07-05T04:27:32","slug":"batom-cremoso-rosa-227-intense-38g","status":"publish","type":"product","link":"https:\/\/sfashionaccessories.com\/?product=batom-cremoso-rosa-227-intense-38g","title":{"rendered":"Batom Cremoso Rosa 227 Intense 3,8g"},"content":{"rendered":"<p>O\u00a0<strong>Batom Cremoso Rosa 227 Intense<\/strong>\u00a0completa sua make com hidrata\u00e7\u00e3o, super acabamento e cobertura intensa para seus l\u00e1bios.<\/p>\n<p>Esse\u00a0<strong>batom Intense\u00a0<\/strong>possui f\u00f3rmula super pigmentada e de<strong>\u00a0alta cobertura<\/strong>, que proporciona cor uniforme j\u00e1 na primeira aplica\u00e7\u00e3o, al\u00e9m de uma sensa\u00e7\u00e3o extremamente confort\u00e1vel que dura o dia todo. D\u00e1 uma olhada nos benef\u00edcios:<\/p>\n<p>-Textura cremosa;<\/p>\n<p>-N\u00e3o craquela;<\/p>\n<p>-L\u00e1bios hidratados por at\u00e9 5 horas;<\/p>\n<p>-F\u00f3rmula Vegana.<\/p>\n","protected":false},"excerpt":{"rendered":"<p>O\u00a0Batom Cremoso Rosa 227 Intense\u00a0completa sua make com hidrata\u00e7\u00e3o, super acabamento e cobertura intensa para seus l\u00e1bios. Esse\u00a0batom Intense\u00a0possui f\u00f3rmula super pigmentada e de\u00a0alta cobertura, que proporciona cor uniforme j\u00e1 na primeira aplica\u00e7\u00e3o, al\u00e9m de uma sensa\u00e7\u00e3o extremamente confort\u00e1vel que dura o dia todo. D\u00e1 uma olhada nos benef\u00edcios: -Textura cremosa; -N\u00e3o craquela; -L\u00e1bios hidratados [&hellip;]<\/p>\n","protected":false},"featured_media":17368,"comment_status":"open","ping_status":"closed","template":"","meta":{"_kadence_starter_templates_imported_post":false},"product_brand":[],"product_cat":[609,206,293,205,282],"product_tag":[611,272,676,284],"class_list":{"0":"post-17378","1":"product","2":"type-product","3":"status-publish","4":"has-post-thumbnail","6":"product_cat-batom","7":"product_cat-cosmeticos-cremes-hidradantesperfumes","8":"product_cat-feminino","9":"product_cat-baton-po-brush-maquiagem","10":"product_cat-o-boticario","11":"product_tag-batom","12":"product_tag-cosmeticos","13":"product_tag-maquiagem","14":"product_tag-o-boticario","16":"first","17":"outofstock","18":"shipping-taxable","19":"product-type-variable"},"_links":{"self":[{"href":"https:\/\/sfashionaccessories.com\/index.php?rest_route=\/wp\/v2\/product\/17378","targetHints":{"allow":["GET"]}}],"collection":[{"href":"https:\/\/sfashionaccessories.com\/index.php?rest_route=\/wp\/v2\/product"}],"about":[{"href":"https:\/\/sfashionaccessories.com\/index.php?rest_route=\/wp\/v2\/types\/product"}],"replies":[{"embeddable":true,"href":"https:\/\/sfashionaccessories.com\/index.php?rest_route=%2Fwp%2Fv2%2Fcomments&post=17378"}],"wp:featuredmedia":[{"embeddable":true,"href":"https:\/\/sfashionaccessories.com\/index.php?rest_route=\/wp\/v2\/media\/17368"}],"wp:attachment":[{"href":"https:\/\/sfashionaccessories.com\/index.php?rest_route=%2Fwp%2Fv2%2Fmedia&parent=17378"}],"wp:term":[{"taxonomy":"product_brand","embeddable":true,"href":"https:\/\/sfashionaccessories.com\/index.php?rest_route=%2Fwp%2Fv2%2Fproduct_brand&post=17378"},{"taxonomy":"product_cat","embeddable":true,"href":"https:\/\/sfashionaccessories.com\/index.php?rest_route=%2Fwp%2Fv2%2Fproduct_cat&post=17378"},{"taxonomy":"product_tag","embeddable":true,"href":"https:\/\/sfashionaccessories.com\/index.php?rest_route=%2Fwp%2Fv2%2Fproduct_tag&post=17378"}],"curies":[{"name":"wp","href":"https:\/\/api.w.org\/{rel}","templated":true}]}}