{"id":17446,"date":"2025-12-13T17:20:36","date_gmt":"2025-12-13T08:20:36","guid":{"rendered":"https:\/\/sfashionaccessories.com\/?post_type=product&#038;p=17446"},"modified":"2025-12-14T12:55:42","modified_gmt":"2025-12-14T03:55:42","slug":"saia-midi-canelada-salvatore","status":"publish","type":"product","link":"https:\/\/sfashionaccessories.com\/?product=saia-midi-canelada-salvatore","title":{"rendered":"SAIA MIDI CANELADA SALVATORE-* OFERTA VALIDA SOMENTE AQUI NO SITE *"},"content":{"rendered":"<p>***ULTIMAS PECAS,OFERTA VALIDA SOMENTE AQUI NO SITE **<\/p>\n<p>&nbsp;<\/p>\n<p>Saia midi canelada com boa elasticidade.<\/p>\n<p>Shape justo ao corpo e comprimento midi.<\/p>\n<p>Possui el\u00e1stico na cintura.<\/p>\n<p>Sem forro.<\/p>\n<p>S\u00e3o perfeitas para todos os estilos, use sua criatividade e monte um look incr\u00edvel.<\/p>\n<p>Confeccionada em tecido de excelente qualidade com elastano e toque super macio.<\/p>\n","protected":false},"excerpt":{"rendered":"<p>***ULTIMAS PECAS,OFERTA VALIDA SOMENTE AQUI NO SITE ** &nbsp; Saia midi canelada com boa elasticidade. Shape justo ao corpo e comprimento midi. Possui el\u00e1stico na cintura. Sem forro. S\u00e3o perfeitas para todos os estilos, use sua criatividade e monte um look incr\u00edvel. Confeccionada em tecido de excelente qualidade com elastano e toque super macio.<\/p>\n","protected":false},"featured_media":24673,"comment_status":"open","ping_status":"closed","template":"","meta":{"_kadence_starter_templates_imported_post":false},"product_brand":[],"product_cat":[580,293,503,254,714,196],"product_tag":[395,389,716],"class_list":{"0":"post-17446","1":"product","2":"type-product","3":"status-publish","4":"has-post-thumbnail","6":"product_cat-destaques","7":"product_cat-feminino","8":"product_cat-medidas-padrao-feminina-roupas-em-geral","9":"product_cat-promocoes-descontos","10":"product_cat-salvatore","11":"product_cat-vestidos","12":"product_tag-feminino","13":"product_tag-saia","14":"product_tag-salvatore","16":"first","17":"instock","18":"sale","19":"shipping-taxable","20":"purchasable","21":"product-type-variable"},"_links":{"self":[{"href":"https:\/\/sfashionaccessories.com\/index.php?rest_route=\/wp\/v2\/product\/17446","targetHints":{"allow":["GET"]}}],"collection":[{"href":"https:\/\/sfashionaccessories.com\/index.php?rest_route=\/wp\/v2\/product"}],"about":[{"href":"https:\/\/sfashionaccessories.com\/index.php?rest_route=\/wp\/v2\/types\/product"}],"replies":[{"embeddable":true,"href":"https:\/\/sfashionaccessories.com\/index.php?rest_route=%2Fwp%2Fv2%2Fcomments&post=17446"}],"wp:featuredmedia":[{"embeddable":true,"href":"https:\/\/sfashionaccessories.com\/index.php?rest_route=\/wp\/v2\/media\/24673"}],"wp:attachment":[{"href":"https:\/\/sfashionaccessories.com\/index.php?rest_route=%2Fwp%2Fv2%2Fmedia&parent=17446"}],"wp:term":[{"taxonomy":"product_brand","embeddable":true,"href":"https:\/\/sfashionaccessories.com\/index.php?rest_route=%2Fwp%2Fv2%2Fproduct_brand&post=17446"},{"taxonomy":"product_cat","embeddable":true,"href":"https:\/\/sfashionaccessories.com\/index.php?rest_route=%2Fwp%2Fv2%2Fproduct_cat&post=17446"},{"taxonomy":"product_tag","embeddable":true,"href":"https:\/\/sfashionaccessories.com\/index.php?rest_route=%2Fwp%2Fv2%2Fproduct_tag&post=17446"}],"curies":[{"name":"wp","href":"https:\/\/api.w.org\/{rel}","templated":true}]}}