{"id":17697,"date":"2024-07-14T15:53:21","date_gmt":"2024-07-14T06:53:21","guid":{"rendered":"https:\/\/sfashionaccessories.com\/?post_type=product&#038;p=17697"},"modified":"2024-08-14T15:22:44","modified_gmt":"2024-08-14T06:22:44","slug":"cropped-amplo-esportivo-manga-curta-lets-move-malha","status":"publish","type":"product","link":"https:\/\/sfashionaccessories.com\/?product=cropped-amplo-esportivo-manga-curta-lets-move-malha","title":{"rendered":"CROPPED AMPLO ESPORTIVO MANGA CURTA LET&#8217;S MOVE MALHA"},"content":{"rendered":"<p><span class=\"selectable-text copyable-text\">Se voc\u00ea n\u00e3o abandona a liberdade que o cropped proporciona, esse modelo \u00e9 pra voc\u00ea! Com shape soltinho e de decote levemente arredondado, conta com estampa Let&#8217;s Move!\u00a0<\/span>Esta pe\u00e7a \u00e9 indicada para o uso na pr\u00e1tica de atividades f\u00edsicas, podendo ser usada tamb\u00e9m no dia a dia. Confeccionado em tecido de excelente qualidade, com elasticidade e toque super macio. Modelo veste tamanho P. Medidas da modelo: Altura 1,70 \u2013 Busto 88 \u2013 Cintura 61 \u2013 Quadril 92 \u2013 Manequim 36.\u00a0Composi\u00e7\u00e3o: 96% Viscose, 4% Elastano.<\/p>\n","protected":false},"excerpt":{"rendered":"<p>Se voc\u00ea n\u00e3o abandona a liberdade que o cropped proporciona, esse modelo \u00e9 pra voc\u00ea! Com shape soltinho e de decote levemente arredondado, conta com estampa Let&#8217;s Move!\u00a0Esta pe\u00e7a \u00e9 indicada para o uso na pr\u00e1tica de atividades f\u00edsicas, podendo ser usada tamb\u00e9m no dia a dia. Confeccionado em tecido de excelente qualidade, com elasticidade [&hellip;]<\/p>\n","protected":false},"featured_media":17655,"comment_status":"open","ping_status":"closed","template":"","meta":{"_kadence_starter_templates_imported_post":false},"product_brand":[],"product_cat":[172,43,743,293,714],"product_tag":[107,189,236,474,395,716],"class_list":{"0":"post-17697","1":"product","2":"type-product","3":"status-publish","4":"has-post-thumbnail","6":"product_cat-blusas-tops-e-camisetas","7":"product_cat-blusas-camisetas-femininas","8":"product_cat-cropped","9":"product_cat-feminino","10":"product_cat-salvatore","11":"product_tag-blusa-top","12":"product_tag-blusas","13":"product_tag-camisetas","14":"product_tag-cropped","15":"product_tag-feminino","16":"product_tag-salvatore","18":"first","19":"instock","20":"sale","21":"shipping-taxable","22":"purchasable","23":"product-type-variable"},"_links":{"self":[{"href":"https:\/\/sfashionaccessories.com\/index.php?rest_route=\/wp\/v2\/product\/17697","targetHints":{"allow":["GET"]}}],"collection":[{"href":"https:\/\/sfashionaccessories.com\/index.php?rest_route=\/wp\/v2\/product"}],"about":[{"href":"https:\/\/sfashionaccessories.com\/index.php?rest_route=\/wp\/v2\/types\/product"}],"replies":[{"embeddable":true,"href":"https:\/\/sfashionaccessories.com\/index.php?rest_route=%2Fwp%2Fv2%2Fcomments&post=17697"}],"wp:featuredmedia":[{"embeddable":true,"href":"https:\/\/sfashionaccessories.com\/index.php?rest_route=\/wp\/v2\/media\/17655"}],"wp:attachment":[{"href":"https:\/\/sfashionaccessories.com\/index.php?rest_route=%2Fwp%2Fv2%2Fmedia&parent=17697"}],"wp:term":[{"taxonomy":"product_brand","embeddable":true,"href":"https:\/\/sfashionaccessories.com\/index.php?rest_route=%2Fwp%2Fv2%2Fproduct_brand&post=17697"},{"taxonomy":"product_cat","embeddable":true,"href":"https:\/\/sfashionaccessories.com\/index.php?rest_route=%2Fwp%2Fv2%2Fproduct_cat&post=17697"},{"taxonomy":"product_tag","embeddable":true,"href":"https:\/\/sfashionaccessories.com\/index.php?rest_route=%2Fwp%2Fv2%2Fproduct_tag&post=17697"}],"curies":[{"name":"wp","href":"https:\/\/api.w.org\/{rel}","templated":true}]}}