{"id":17743,"date":"2026-01-15T17:55:19","date_gmt":"2026-01-15T08:55:19","guid":{"rendered":"https:\/\/sfashionaccessories.com\/?post_type=product&#038;p=17743"},"modified":"2026-01-15T18:10:15","modified_gmt":"2026-01-15T09:10:15","slug":"sutia-demillus-triangulo-lieve","status":"publish","type":"product","link":"https:\/\/sfashionaccessories.com\/?product=sutia-demillus-triangulo-lieve","title":{"rendered":"Suti\u00e3 Demillus Triangulo Lieve &#8211; 061047"},"content":{"rendered":"<p>Suti\u00e3 sem aro e sem bojo Lieve<br \/>\nConfeccionado em microfibra com elastano<br \/>\nToque leve, macio e extremamente confort\u00e1vel<br \/>\nTa\u00e7as duplas com abertura interna que permite o encaixe de espuma remov\u00edvel<br \/>\nFrente inteira em espuma moldada, anat\u00f4mica e super macia<br \/>\nEl\u00e1stico largo e macio no c\u00f3s<br \/>\nDecote acentuado em V<br \/>\nFecho em colchete nas costas<br \/>\nAl\u00e7as fixas e regul\u00e1veis<br \/>\nCostura embutida<br \/>\nN\u00e3o marca sob a roupa<br \/>\nComposi\u00e7\u00e3o:<br \/>\n91% Poliamida e 9% Elastano<\/p>\n","protected":false},"excerpt":{"rendered":"<p>Suti\u00e3 sem aro e sem bojo Lieve Confeccionado em microfibra com elastano Toque leve, macio e extremamente confort\u00e1vel Ta\u00e7as duplas com abertura interna que permite o encaixe de espuma remov\u00edvel Frente inteira em espuma moldada, anat\u00f4mica e super macia El\u00e1stico largo e macio no c\u00f3s Decote acentuado em V Fecho em colchete nas costas Al\u00e7as [&hellip;]<\/p>\n","protected":false},"featured_media":24929,"comment_status":"open","ping_status":"closed","template":"","meta":{"_kadence_starter_templates_imported_post":false},"product_brand":[],"product_cat":[268,293,29,221],"product_tag":[266,395,267,265],"class_list":{"0":"post-17743","1":"product","2":"type-product","3":"status-publish","4":"has-post-thumbnail","6":"product_cat-demillus","7":"product_cat-feminino","8":"product_cat-lingeries","9":"product_cat-sutias","10":"product_tag-demillus","11":"product_tag-feminino","12":"product_tag-lingerie","13":"product_tag-sutia","15":"first","16":"instock","17":"sale","18":"shipping-taxable","19":"purchasable","20":"product-type-variable"},"_links":{"self":[{"href":"https:\/\/sfashionaccessories.com\/index.php?rest_route=\/wp\/v2\/product\/17743","targetHints":{"allow":["GET"]}}],"collection":[{"href":"https:\/\/sfashionaccessories.com\/index.php?rest_route=\/wp\/v2\/product"}],"about":[{"href":"https:\/\/sfashionaccessories.com\/index.php?rest_route=\/wp\/v2\/types\/product"}],"replies":[{"embeddable":true,"href":"https:\/\/sfashionaccessories.com\/index.php?rest_route=%2Fwp%2Fv2%2Fcomments&post=17743"}],"wp:featuredmedia":[{"embeddable":true,"href":"https:\/\/sfashionaccessories.com\/index.php?rest_route=\/wp\/v2\/media\/24929"}],"wp:attachment":[{"href":"https:\/\/sfashionaccessories.com\/index.php?rest_route=%2Fwp%2Fv2%2Fmedia&parent=17743"}],"wp:term":[{"taxonomy":"product_brand","embeddable":true,"href":"https:\/\/sfashionaccessories.com\/index.php?rest_route=%2Fwp%2Fv2%2Fproduct_brand&post=17743"},{"taxonomy":"product_cat","embeddable":true,"href":"https:\/\/sfashionaccessories.com\/index.php?rest_route=%2Fwp%2Fv2%2Fproduct_cat&post=17743"},{"taxonomy":"product_tag","embeddable":true,"href":"https:\/\/sfashionaccessories.com\/index.php?rest_route=%2Fwp%2Fv2%2Fproduct_tag&post=17743"}],"curies":[{"name":"wp","href":"https:\/\/api.w.org\/{rel}","templated":true}]}}