{"id":17786,"date":"2026-01-15T10:39:06","date_gmt":"2026-01-15T01:39:06","guid":{"rendered":"https:\/\/sfashionaccessories.com\/?post_type=product&#038;p=17786"},"modified":"2026-01-29T13:40:05","modified_gmt":"2026-01-29T04:40:05","slug":"locao-hidratante-corporal-nativa-spa-baunilha-de-madagascar","status":"publish","type":"product","link":"https:\/\/sfashionaccessories.com\/?product=locao-hidratante-corporal-nativa-spa-baunilha-de-madagascar","title":{"rendered":"Lo\u00e7\u00e3o Hidratante Corporal Nativa SPA Baunilha de Madag\u00e1scar"},"content":{"rendered":"<p>A Lo\u00e7\u00e3o Hidratante Corporal Nativa SPA Baunilha de Madag\u00e1scar \u00e9 a\u00a0aliada perfeita para hidratar a sua pele, deixando atr\u00e1s de um perfume que mostra que o doce e o c\u00edtrico se podem amar e completar. Obtida a partir da Orqu\u00eddea Vanilla, a baunilha \u00e9 um dos ingredientes mais encantadores da gastronomia e da perfumaria. A sua fragr\u00e2ncia cremosa e quente \u00e9 ideal para quem gosta de um perfil mais gourmand\/adocicado.<\/p>\n<ul>\n<li>F\u00f3rmula de elevada absor\u00e7\u00e3o<\/li>\n<li>Deixa a pele macia e delicadamente perfumada<\/li>\n<li>Hidrata\u00e7\u00e3o duradoura<\/li>\n<\/ul>\n<p>Para uma\u00a0pele hidratada de dentro para fora,\u00a0as gotas de Quinoa presentes em todos os produtos Nativa SPA\u00a0potencializam o col\u00e1geno e previnem a perda da elasticidade da pele. Gra\u00e7as a este ingrediente, a tua\u00a0pele fica macia, suave e rejuvenescida.<\/p>\n","protected":false},"excerpt":{"rendered":"<p>A Lo\u00e7\u00e3o Hidratante Corporal Nativa SPA Baunilha de Madag\u00e1scar \u00e9 a\u00a0aliada perfeita para hidratar a sua pele, deixando atr\u00e1s de um perfume que mostra que o doce e o c\u00edtrico se podem amar e completar. Obtida a partir da Orqu\u00eddea Vanilla, a baunilha \u00e9 um dos ingredientes mais encantadores da gastronomia e da perfumaria. A [&hellip;]<\/p>\n","protected":false},"featured_media":17782,"comment_status":"open","ping_status":"closed","template":"","meta":{"_kadence_starter_templates_imported_post":false},"product_brand":[],"product_cat":[465,206,296,282],"product_tag":[272,195],"class_list":{"0":"post-17786","1":"product","2":"type-product","3":"status-publish","4":"has-post-thumbnail","6":"product_cat-anuncios","7":"product_cat-cosmeticos-cremes-hidradantesperfumes","8":"product_cat-hidratantes-cremes","9":"product_cat-o-boticario","10":"product_tag-cosmeticos","11":"product_tag-creme-hidratante","13":"first","14":"instock","15":"sale","16":"shipping-taxable","17":"purchasable","18":"product-type-simple"},"_links":{"self":[{"href":"https:\/\/sfashionaccessories.com\/index.php?rest_route=\/wp\/v2\/product\/17786","targetHints":{"allow":["GET"]}}],"collection":[{"href":"https:\/\/sfashionaccessories.com\/index.php?rest_route=\/wp\/v2\/product"}],"about":[{"href":"https:\/\/sfashionaccessories.com\/index.php?rest_route=\/wp\/v2\/types\/product"}],"replies":[{"embeddable":true,"href":"https:\/\/sfashionaccessories.com\/index.php?rest_route=%2Fwp%2Fv2%2Fcomments&post=17786"}],"wp:featuredmedia":[{"embeddable":true,"href":"https:\/\/sfashionaccessories.com\/index.php?rest_route=\/wp\/v2\/media\/17782"}],"wp:attachment":[{"href":"https:\/\/sfashionaccessories.com\/index.php?rest_route=%2Fwp%2Fv2%2Fmedia&parent=17786"}],"wp:term":[{"taxonomy":"product_brand","embeddable":true,"href":"https:\/\/sfashionaccessories.com\/index.php?rest_route=%2Fwp%2Fv2%2Fproduct_brand&post=17786"},{"taxonomy":"product_cat","embeddable":true,"href":"https:\/\/sfashionaccessories.com\/index.php?rest_route=%2Fwp%2Fv2%2Fproduct_cat&post=17786"},{"taxonomy":"product_tag","embeddable":true,"href":"https:\/\/sfashionaccessories.com\/index.php?rest_route=%2Fwp%2Fv2%2Fproduct_tag&post=17786"}],"curies":[{"name":"wp","href":"https:\/\/api.w.org\/{rel}","templated":true}]}}