{"id":17798,"date":"2025-07-29T14:12:13","date_gmt":"2025-07-29T05:12:13","guid":{"rendered":"https:\/\/sfashionaccessories.com\/?post_type=product&#038;p=17798"},"modified":"2025-08-25T20:43:41","modified_gmt":"2025-08-25T11:43:41","slug":"macacao-longo-canelado-com-recorte-cintura","status":"publish","type":"product","link":"https:\/\/sfashionaccessories.com\/?product=macacao-longo-canelado-com-recorte-cintura","title":{"rendered":"Macac\u00e3o Longo Canelado com Recorte Cintura"},"content":{"rendered":"<p>Aposte no conforto e eleg\u00e2ncia atrav\u00e9s desse macac\u00e3o longo em malha canelada! Com detalhe de recorte na cintura que traz uma sensualidade discreta ao look, combine com sand\u00e1lias de salto para um visual mais sofisticado ou com t\u00eanis para um estilo mais casual.<br \/>\n-Confeccionado em Malha Canelado Sevilha: malha de viscose com gramatura m\u00e9dia toque macio, elasticidade e textura canelada<br \/>\n-Comprimento longo<br \/>\n-Modelagem justa at\u00e9 a cintura e pantalona nas pernas<br \/>\n-Recorte vazado nas laterais da cintura<br \/>\n-Al\u00e7as de largura m\u00e9dia<br \/>\n-Busto duplo com recorte para proporcionar melhor caimento<\/p>\n","protected":false},"excerpt":{"rendered":"<p>Aposte no conforto e eleg\u00e2ncia atrav\u00e9s desse macac\u00e3o longo em malha canelada! Com detalhe de recorte na cintura que traz uma sensualidade discreta ao look, combine com sand\u00e1lias de salto para um visual mais sofisticado ou com t\u00eanis para um estilo mais casual. -Confeccionado em Malha Canelado Sevilha: malha de viscose com gramatura m\u00e9dia toque [&hellip;]<\/p>\n","protected":false},"featured_media":17802,"comment_status":"open","ping_status":"closed","template":"","meta":{"_kadence_starter_templates_imported_post":false},"product_brand":[],"product_cat":[293,856,308],"product_tag":[395,857,464],"class_list":{"0":"post-17798","1":"product","2":"type-product","3":"status-publish","4":"has-post-thumbnail","6":"product_cat-feminino","7":"product_cat-lunender","8":"product_cat-macacao","9":"product_tag-feminino","10":"product_tag-lunender","11":"product_tag-macacao","13":"first","14":"instock","15":"sale","16":"shipping-taxable","17":"purchasable","18":"product-type-variable"},"_links":{"self":[{"href":"https:\/\/sfashionaccessories.com\/index.php?rest_route=\/wp\/v2\/product\/17798","targetHints":{"allow":["GET"]}}],"collection":[{"href":"https:\/\/sfashionaccessories.com\/index.php?rest_route=\/wp\/v2\/product"}],"about":[{"href":"https:\/\/sfashionaccessories.com\/index.php?rest_route=\/wp\/v2\/types\/product"}],"replies":[{"embeddable":true,"href":"https:\/\/sfashionaccessories.com\/index.php?rest_route=%2Fwp%2Fv2%2Fcomments&post=17798"}],"wp:featuredmedia":[{"embeddable":true,"href":"https:\/\/sfashionaccessories.com\/index.php?rest_route=\/wp\/v2\/media\/17802"}],"wp:attachment":[{"href":"https:\/\/sfashionaccessories.com\/index.php?rest_route=%2Fwp%2Fv2%2Fmedia&parent=17798"}],"wp:term":[{"taxonomy":"product_brand","embeddable":true,"href":"https:\/\/sfashionaccessories.com\/index.php?rest_route=%2Fwp%2Fv2%2Fproduct_brand&post=17798"},{"taxonomy":"product_cat","embeddable":true,"href":"https:\/\/sfashionaccessories.com\/index.php?rest_route=%2Fwp%2Fv2%2Fproduct_cat&post=17798"},{"taxonomy":"product_tag","embeddable":true,"href":"https:\/\/sfashionaccessories.com\/index.php?rest_route=%2Fwp%2Fv2%2Fproduct_tag&post=17798"}],"curies":[{"name":"wp","href":"https:\/\/api.w.org\/{rel}","templated":true}]}}