{"id":17812,"date":"2024-08-03T21:50:54","date_gmt":"2024-08-03T12:50:54","guid":{"rendered":"https:\/\/sfashionaccessories.com\/?post_type=product&#038;p=17812"},"modified":"2025-12-11T15:46:13","modified_gmt":"2025-12-11T06:46:13","slug":"sapatilha-moleca-napa-sardenha-red","status":"publish","type":"product","link":"https:\/\/sfashionaccessories.com\/?product=sapatilha-moleca-napa-sardenha-red","title":{"rendered":"Sapatilha moleca napa sardenha -Red"},"content":{"rendered":"<p>A Sapatilha Moleca, \u00e9 uma op\u00e7\u00e3o elegante e confort\u00e1vel para as mulheres. Com um design moderno, essa sapatilha apresenta um cabedal confeccionado em material sint\u00e9tico (napa), que proporciona flexibilidade e ajuste perfeito aos p\u00e9s. O destaque da sapatilha fica por conta das costuras na padronagem quadriculadas e micro lantejoulas, que conferem um toque de sofistica\u00e7\u00e3o ao cal\u00e7ado, al\u00e9m de contar com aplica\u00e7\u00e3o de la\u00e7o em sua regi\u00e3o frontal. O bico arredondado e o estilo calce f\u00e1cil facilitam, garantem praticidade no dia a dia. O solado em TR oferece ader\u00eancia e durabilidade, enquanto o forro acolchoado e a palmilha macia (espumada) proporcionam conforto durante todo o uso. Al\u00e9m disso, o fechamento em el\u00e1stico no calcanhar garante um ajuste seguro e confort\u00e1vel. Gra\u00e7as \u00e0 sua elasticidade, ela se adapta facilmente ao formato do p\u00e9, proporcionando um ajuste confort\u00e1vel e seguro. Essa caracter\u00edstica torna a sapatilha f\u00e1cil de cal\u00e7ar e tamb\u00e9m oferece maior liberdade de movimento ao caminhar.<\/p>\n","protected":false},"excerpt":{"rendered":"<p>A Sapatilha Moleca, \u00e9 uma op\u00e7\u00e3o elegante e confort\u00e1vel para as mulheres. Com um design moderno, essa sapatilha apresenta um cabedal confeccionado em material sint\u00e9tico (napa), que proporciona flexibilidade e ajuste perfeito aos p\u00e9s. O destaque da sapatilha fica por conta das costuras na padronagem quadriculadas e micro lantejoulas, que conferem um toque de sofistica\u00e7\u00e3o [&hellip;]<\/p>\n","protected":false},"featured_media":17819,"comment_status":"open","ping_status":"closed","template":"","meta":{"_kadence_starter_templates_imported_post":false},"product_brand":[],"product_cat":[46,293,669],"product_tag":[311,395,438],"class_list":{"0":"post-17812","1":"product","2":"type-product","3":"status-publish","4":"has-post-thumbnail","6":"product_cat-calcados","7":"product_cat-feminino","8":"product_cat-moleca","9":"product_tag-calcados","10":"product_tag-feminino","11":"product_tag-moleca","13":"first","14":"instock","15":"sale","16":"shipping-taxable","17":"purchasable","18":"product-type-variable"},"_links":{"self":[{"href":"https:\/\/sfashionaccessories.com\/index.php?rest_route=\/wp\/v2\/product\/17812","targetHints":{"allow":["GET"]}}],"collection":[{"href":"https:\/\/sfashionaccessories.com\/index.php?rest_route=\/wp\/v2\/product"}],"about":[{"href":"https:\/\/sfashionaccessories.com\/index.php?rest_route=\/wp\/v2\/types\/product"}],"replies":[{"embeddable":true,"href":"https:\/\/sfashionaccessories.com\/index.php?rest_route=%2Fwp%2Fv2%2Fcomments&post=17812"}],"wp:featuredmedia":[{"embeddable":true,"href":"https:\/\/sfashionaccessories.com\/index.php?rest_route=\/wp\/v2\/media\/17819"}],"wp:attachment":[{"href":"https:\/\/sfashionaccessories.com\/index.php?rest_route=%2Fwp%2Fv2%2Fmedia&parent=17812"}],"wp:term":[{"taxonomy":"product_brand","embeddable":true,"href":"https:\/\/sfashionaccessories.com\/index.php?rest_route=%2Fwp%2Fv2%2Fproduct_brand&post=17812"},{"taxonomy":"product_cat","embeddable":true,"href":"https:\/\/sfashionaccessories.com\/index.php?rest_route=%2Fwp%2Fv2%2Fproduct_cat&post=17812"},{"taxonomy":"product_tag","embeddable":true,"href":"https:\/\/sfashionaccessories.com\/index.php?rest_route=%2Fwp%2Fv2%2Fproduct_tag&post=17812"}],"curies":[{"name":"wp","href":"https:\/\/api.w.org\/{rel}","templated":true}]}}