{"id":17837,"date":"2024-08-04T18:07:28","date_gmt":"2024-08-04T09:07:28","guid":{"rendered":"https:\/\/sfashionaccessories.com\/?post_type=product&#038;p=17837"},"modified":"2025-06-15T15:51:29","modified_gmt":"2025-06-15T06:51:29","slug":"polpa-hidratante-para-as-maos-ekos-andiroba-40-g-natura","status":"publish","type":"product","link":"https:\/\/sfashionaccessories.com\/?product=polpa-hidratante-para-as-maos-ekos-andiroba-40-g-natura","title":{"rendered":"Polpa Hidratante Para As M\u00e3os Ekos Andiroba 40 G Natura"},"content":{"rendered":"<h2 class=\"ui-pdp-description__title\">Descri\u00e7\u00e3o<\/h2>\n<p class=\"ui-pdp-description__content\">M\u00e3os e unhas mais saud\u00e1veis com o poder restaurador da andiroba.<br \/>\nCom fragr\u00e2ncia inconfund\u00edvel da andiroba, esta Polpa Hidratante para M\u00e3os Ekos Andiroba nutre e repara a pele imediatamente, deixando as m\u00e3os e unhas com aspecto mais saud\u00e1vel. Esta vers\u00e3o de 40 g \u00e9 ideal para carregar na bolsa e refor\u00e7ar a hidrata\u00e7\u00e3o ao longo do dia. Sua embalagem possui ilustra\u00e7\u00e3o exclusiva da artista amaz\u00f4nida Winny Tapaj\u00f3s.<\/p>\n","protected":false},"excerpt":{"rendered":"<p>Descri\u00e7\u00e3o M\u00e3os e unhas mais saud\u00e1veis com o poder restaurador da andiroba. Com fragr\u00e2ncia inconfund\u00edvel da andiroba, esta Polpa Hidratante para M\u00e3os Ekos Andiroba nutre e repara a pele imediatamente, deixando as m\u00e3os e unhas com aspecto mais saud\u00e1vel. Esta vers\u00e3o de 40 g \u00e9 ideal para carregar na bolsa e refor\u00e7ar a hidrata\u00e7\u00e3o ao [&hellip;]<\/p>\n","protected":false},"featured_media":17839,"comment_status":"open","ping_status":"closed","template":"","meta":{"_kadence_starter_templates_imported_post":false},"product_brand":[],"product_cat":[206,223,322,203],"product_tag":[570,234],"class_list":{"0":"post-17837","1":"product","2":"type-product","3":"status-publish","4":"has-post-thumbnail","6":"product_cat-cosmeticos-cremes-hidradantesperfumes","7":"product_cat-cremes-para-maos-e-pes","8":"product_cat-cremes-hidratantes-oleos","9":"product_cat-natura-creme-oleo-sabonete-perfume","10":"product_tag-creme-para-as-maos","11":"product_tag-natura","13":"first","14":"outofstock","15":"shipping-taxable","16":"purchasable","17":"product-type-simple"},"_links":{"self":[{"href":"https:\/\/sfashionaccessories.com\/index.php?rest_route=\/wp\/v2\/product\/17837","targetHints":{"allow":["GET"]}}],"collection":[{"href":"https:\/\/sfashionaccessories.com\/index.php?rest_route=\/wp\/v2\/product"}],"about":[{"href":"https:\/\/sfashionaccessories.com\/index.php?rest_route=\/wp\/v2\/types\/product"}],"replies":[{"embeddable":true,"href":"https:\/\/sfashionaccessories.com\/index.php?rest_route=%2Fwp%2Fv2%2Fcomments&post=17837"}],"wp:featuredmedia":[{"embeddable":true,"href":"https:\/\/sfashionaccessories.com\/index.php?rest_route=\/wp\/v2\/media\/17839"}],"wp:attachment":[{"href":"https:\/\/sfashionaccessories.com\/index.php?rest_route=%2Fwp%2Fv2%2Fmedia&parent=17837"}],"wp:term":[{"taxonomy":"product_brand","embeddable":true,"href":"https:\/\/sfashionaccessories.com\/index.php?rest_route=%2Fwp%2Fv2%2Fproduct_brand&post=17837"},{"taxonomy":"product_cat","embeddable":true,"href":"https:\/\/sfashionaccessories.com\/index.php?rest_route=%2Fwp%2Fv2%2Fproduct_cat&post=17837"},{"taxonomy":"product_tag","embeddable":true,"href":"https:\/\/sfashionaccessories.com\/index.php?rest_route=%2Fwp%2Fv2%2Fproduct_tag&post=17837"}],"curies":[{"name":"wp","href":"https:\/\/api.w.org\/{rel}","templated":true}]}}