{"id":18012,"date":"2024-08-17T15:35:58","date_gmt":"2024-08-17T06:35:58","guid":{"rendered":"https:\/\/sfashionaccessories.com\/?post_type=product&#038;p=18012"},"modified":"2026-03-13T17:33:31","modified_gmt":"2026-03-13T08:33:31","slug":"mascara-capilar-ultra-brilho-siage-glow-expert-250g","status":"publish","type":"product","link":"https:\/\/sfashionaccessories.com\/?product=mascara-capilar-ultra-brilho-siage-glow-expert-250g","title":{"rendered":"M\u00e1scara Capilar Ultra Brilho Si\u00e0ge Glow Expert 250g"},"content":{"rendered":"<p class=\"product-description-name\"><span style=\"font-size: 16px;\">A <\/span>M\u00e1scara Capilar Si\u00e0ge Ultra Glow Expert\u00a0<span style=\"font-size: 16px;\">recupera a\u00a0<\/span>integridade dos fios<span style=\"font-size: 16px;\">, garantindo\u00a0<\/span>cabelos<span style=\"font-size: 16px;\">\u00a0com\u00a0<\/span>brilho espelhado<span style=\"font-size: 16px;\">, disciplinados e macios.\u00a0<\/span><\/p>\n<div class=\"product-description-content reset-allow-bold\">\n<p>Eudora Si\u00e0ge\u00a0buscou nos\u00a0alpes su\u00ed\u00e7os\u00a0um ativo raro e inovador, para inspirar e trazer brilho revolucion\u00e1rio. Sua f\u00f3rmula cont\u00e9m\u00a0Flor de Geleiras\u00a0que recria o banho gelado nos fios para um brilho espelhado,\u00a0e\u00a0Glossfix, componentes que fixam o brilho no cabelo e aumentam durabilidade do tratamento.<\/p>\n<p>Ideal para\u00a0cabelos opacos que sofrem com fios indisciplinados e frizz, a m\u00e1scara forma uma pel\u00edcula que uniformiza a cut\u00edcula do cabelo garantindo fios polidos, 3x mais macios, brilhantes e disciplinados. Confira mais benef\u00edcios desta\u00a0m\u00e1scara capilar:<\/p>\n<p>-Recupera a integridade do fio;<\/p>\n<p>-Fios polidos, macios e brilhantes;<\/p>\n<p>-Fios disciplinados.<\/p>\n<\/div>\n","protected":false},"excerpt":{"rendered":"<p>A M\u00e1scara Capilar Si\u00e0ge Ultra Glow Expert\u00a0recupera a\u00a0integridade dos fios, garantindo\u00a0cabelos\u00a0com\u00a0brilho espelhado, disciplinados e macios.\u00a0 Eudora Si\u00e0ge\u00a0buscou nos\u00a0alpes su\u00ed\u00e7os\u00a0um ativo raro e inovador, para inspirar e trazer brilho revolucion\u00e1rio. Sua f\u00f3rmula cont\u00e9m\u00a0Flor de Geleiras\u00a0que recria o banho gelado nos fios para um brilho espelhado,\u00a0e\u00a0Glossfix, componentes que fixam o brilho no cabelo e aumentam durabilidade do [&hellip;]<\/p>\n","protected":false},"featured_media":18016,"comment_status":"open","ping_status":"closed","template":"","meta":{"_kadence_starter_templates_imported_post":false},"product_brand":[],"product_cat":[204,206,304,790,688],"product_tag":[476,272,791,442],"class_list":{"0":"post-18012","1":"product","2":"type-product","3":"status-publish","4":"has-post-thumbnail","6":"product_cat-matizador-sampoo-condicionador-hidratante","7":"product_cat-cosmeticos-cremes-hidradantesperfumes","8":"product_cat-cremes-mascaras-oleos","9":"product_cat-eudora","10":"product_cat-mascara","11":"product_tag-cabelos","12":"product_tag-cosmeticos","13":"product_tag-eudora","14":"product_tag-mascara","16":"first","17":"instock","18":"shipping-taxable","19":"purchasable","20":"product-type-simple"},"_links":{"self":[{"href":"https:\/\/sfashionaccessories.com\/index.php?rest_route=\/wp\/v2\/product\/18012","targetHints":{"allow":["GET"]}}],"collection":[{"href":"https:\/\/sfashionaccessories.com\/index.php?rest_route=\/wp\/v2\/product"}],"about":[{"href":"https:\/\/sfashionaccessories.com\/index.php?rest_route=\/wp\/v2\/types\/product"}],"replies":[{"embeddable":true,"href":"https:\/\/sfashionaccessories.com\/index.php?rest_route=%2Fwp%2Fv2%2Fcomments&post=18012"}],"wp:featuredmedia":[{"embeddable":true,"href":"https:\/\/sfashionaccessories.com\/index.php?rest_route=\/wp\/v2\/media\/18016"}],"wp:attachment":[{"href":"https:\/\/sfashionaccessories.com\/index.php?rest_route=%2Fwp%2Fv2%2Fmedia&parent=18012"}],"wp:term":[{"taxonomy":"product_brand","embeddable":true,"href":"https:\/\/sfashionaccessories.com\/index.php?rest_route=%2Fwp%2Fv2%2Fproduct_brand&post=18012"},{"taxonomy":"product_cat","embeddable":true,"href":"https:\/\/sfashionaccessories.com\/index.php?rest_route=%2Fwp%2Fv2%2Fproduct_cat&post=18012"},{"taxonomy":"product_tag","embeddable":true,"href":"https:\/\/sfashionaccessories.com\/index.php?rest_route=%2Fwp%2Fv2%2Fproduct_tag&post=18012"}],"curies":[{"name":"wp","href":"https:\/\/api.w.org\/{rel}","templated":true}]}}