{"id":18104,"date":"2024-08-24T16:24:43","date_gmt":"2024-08-24T07:24:43","guid":{"rendered":"https:\/\/sfashionaccessories.com\/?post_type=product&#038;p=18104"},"modified":"2026-01-04T15:52:30","modified_gmt":"2026-01-04T06:52:30","slug":"kit-02-unidades-calcinha-em-microfibra-fio-dental-2rios","status":"publish","type":"product","link":"https:\/\/sfashionaccessories.com\/?product=kit-02-unidades-calcinha-em-microfibra-fio-dental-2rios","title":{"rendered":"Kit 02 unidades calcinha em microfibra fio dental &#8211; 2Rios"},"content":{"rendered":"<p>Calcinha em microfibra fio dental (kit com 02 unidades)<br \/>\n&#8211; Cole\u00e7\u00e3o Corpus Sano<br \/>\n&#8211; Calcinha Fio Dental Duplo<br \/>\n&#8211; Laterais estreitas<br \/>\n&#8211; Microfibra de alta tecnologia! Toque fresco e sedoso!<br \/>\n&#8211; Modelagem anat\u00f4mica, valorizando o bumbum<br \/>\n&#8211; Tecido com prote\u00e7\u00e3o permanente<br \/>\n&#8211; Anti-odor<br \/>\n&#8211; Hipoalerg\u00eanico<br \/>\n&#8211; Antibactericida<br \/>\n&#8211; Antif\u00fagico<br \/>\n&#8211; Forro 100% algod\u00e3o com Prote\u00e7\u00e3o Permanente<br \/>\nComposi\u00e7\u00e3o das cores:<br \/>\nFRENTE\/COSTAS<\/p>\n<p>91% poliamida<\/p>\n<p>9% elastano<\/p>\n<p>forro<\/p>\n<p>100% algod\u00e3o<\/p>\n","protected":false},"excerpt":{"rendered":"<p>Calcinha em microfibra fio dental (kit com 02 unidades) &#8211; Cole\u00e7\u00e3o Corpus Sano &#8211; Calcinha Fio Dental Duplo &#8211; Laterais estreitas &#8211; Microfibra de alta tecnologia! Toque fresco e sedoso! &#8211; Modelagem anat\u00f4mica, valorizando o bumbum &#8211; Tecido com prote\u00e7\u00e3o permanente &#8211; Anti-odor &#8211; Hipoalerg\u00eanico &#8211; Antibactericida &#8211; Antif\u00fagico &#8211; Forro 100% algod\u00e3o com Prote\u00e7\u00e3o [&hellip;]<\/p>\n","protected":false},"featured_media":18111,"comment_status":"open","ping_status":"closed","template":"","meta":{"_kadence_starter_templates_imported_post":false},"product_brand":[],"product_cat":[872,215,293,788,29],"product_tag":[348,395,444,267],"class_list":{"0":"post-18104","1":"product","2":"type-product","3":"status-publish","4":"has-post-thumbnail","6":"product_cat-2rios","7":"product_cat-calcinhas-tangas-fio-dental","8":"product_cat-feminino","9":"product_cat-kit","10":"product_cat-lingeries","11":"product_tag-calcinha","12":"product_tag-feminino","13":"product_tag-kit","14":"product_tag-lingerie","16":"first","17":"instock","18":"shipping-taxable","19":"purchasable","20":"product-type-variable"},"_links":{"self":[{"href":"https:\/\/sfashionaccessories.com\/index.php?rest_route=\/wp\/v2\/product\/18104","targetHints":{"allow":["GET"]}}],"collection":[{"href":"https:\/\/sfashionaccessories.com\/index.php?rest_route=\/wp\/v2\/product"}],"about":[{"href":"https:\/\/sfashionaccessories.com\/index.php?rest_route=\/wp\/v2\/types\/product"}],"replies":[{"embeddable":true,"href":"https:\/\/sfashionaccessories.com\/index.php?rest_route=%2Fwp%2Fv2%2Fcomments&post=18104"}],"wp:featuredmedia":[{"embeddable":true,"href":"https:\/\/sfashionaccessories.com\/index.php?rest_route=\/wp\/v2\/media\/18111"}],"wp:attachment":[{"href":"https:\/\/sfashionaccessories.com\/index.php?rest_route=%2Fwp%2Fv2%2Fmedia&parent=18104"}],"wp:term":[{"taxonomy":"product_brand","embeddable":true,"href":"https:\/\/sfashionaccessories.com\/index.php?rest_route=%2Fwp%2Fv2%2Fproduct_brand&post=18104"},{"taxonomy":"product_cat","embeddable":true,"href":"https:\/\/sfashionaccessories.com\/index.php?rest_route=%2Fwp%2Fv2%2Fproduct_cat&post=18104"},{"taxonomy":"product_tag","embeddable":true,"href":"https:\/\/sfashionaccessories.com\/index.php?rest_route=%2Fwp%2Fv2%2Fproduct_tag&post=18104"}],"curies":[{"name":"wp","href":"https:\/\/api.w.org\/{rel}","templated":true}]}}