{"id":18121,"date":"2024-08-24T20:36:07","date_gmt":"2024-08-24T11:36:07","guid":{"rendered":"https:\/\/sfashionaccessories.com\/?post_type=product&#038;p=18121"},"modified":"2025-01-04T19:02:04","modified_gmt":"2025-01-04T10:02:04","slug":"sutia-tomara-que-caia-preto-marcyn","status":"publish","type":"product","link":"https:\/\/sfashionaccessories.com\/?product=sutia-tomara-que-caia-preto-marcyn","title":{"rendered":"Suti\u00e3 Tomara Que Caia &#8211; Marcyn"},"content":{"rendered":"<p>Suti\u00e3 Tomara que Caia Modelador &#8211; Conforto e Eleg\u00e2ncia Sempre<br \/>\nMuitas mulheres enfrentam o desafio de encontrar um suti\u00e3 que proporcione modelagem adequada sem aumentar o tamanho dos seios, especialmente ao usar um modelo tomara que caia.<br \/>\nO Suti\u00e3 Tomara que Caia da Marcyn \u00e9 a solu\u00e7\u00e3o perfeita. Com seu bojo modelador, ele oferece uma modelagem elegante aos seios, sem aumentar seu tamanho. Al\u00e9m disso, possui aro e fecho nas costas para garantir o suporte necess\u00e1rio.<br \/>\nAo escolher o Suti\u00e3 Tomara que Caia da Marcyn, voc\u00ea investe em qualidade e confian\u00e7a comprovadas ao longo de anos. Com al\u00e7as remov\u00edveis, este suti\u00e3 oferece versatilidade, podendo ser usado de v\u00e1rias maneiras para se adequar ao seu estilo e ocasi\u00e3o. Desfrute do conforto, da eleg\u00e2ncia e da confian\u00e7a que s\u00f3 a Marcyn pode oferecer.<br \/>\nComposi\u00e7\u00e3o: 89% poliamida 11% Elastano<\/p>\n","protected":false},"excerpt":{"rendered":"<p>Suti\u00e3 Tomara que Caia Modelador &#8211; Conforto e Eleg\u00e2ncia Sempre Muitas mulheres enfrentam o desafio de encontrar um suti\u00e3 que proporcione modelagem adequada sem aumentar o tamanho dos seios, especialmente ao usar um modelo tomara que caia. O Suti\u00e3 Tomara que Caia da Marcyn \u00e9 a solu\u00e7\u00e3o perfeita. Com seu bojo modelador, ele oferece uma [&hellip;]<\/p>\n","protected":false},"featured_media":18128,"comment_status":"open","ping_status":"closed","template":"","meta":{"_kadence_starter_templates_imported_post":false},"product_brand":[],"product_cat":[293,29,873,221],"product_tag":[395,267,265],"class_list":{"0":"post-18121","1":"product","2":"type-product","3":"status-publish","4":"has-post-thumbnail","6":"product_cat-feminino","7":"product_cat-lingeries","8":"product_cat-marcyn","9":"product_cat-sutias","10":"product_tag-feminino","11":"product_tag-lingerie","12":"product_tag-sutia","14":"first","15":"instock","16":"shipping-taxable","17":"purchasable","18":"product-type-variable"},"_links":{"self":[{"href":"https:\/\/sfashionaccessories.com\/index.php?rest_route=\/wp\/v2\/product\/18121","targetHints":{"allow":["GET"]}}],"collection":[{"href":"https:\/\/sfashionaccessories.com\/index.php?rest_route=\/wp\/v2\/product"}],"about":[{"href":"https:\/\/sfashionaccessories.com\/index.php?rest_route=\/wp\/v2\/types\/product"}],"replies":[{"embeddable":true,"href":"https:\/\/sfashionaccessories.com\/index.php?rest_route=%2Fwp%2Fv2%2Fcomments&post=18121"}],"wp:featuredmedia":[{"embeddable":true,"href":"https:\/\/sfashionaccessories.com\/index.php?rest_route=\/wp\/v2\/media\/18128"}],"wp:attachment":[{"href":"https:\/\/sfashionaccessories.com\/index.php?rest_route=%2Fwp%2Fv2%2Fmedia&parent=18121"}],"wp:term":[{"taxonomy":"product_brand","embeddable":true,"href":"https:\/\/sfashionaccessories.com\/index.php?rest_route=%2Fwp%2Fv2%2Fproduct_brand&post=18121"},{"taxonomy":"product_cat","embeddable":true,"href":"https:\/\/sfashionaccessories.com\/index.php?rest_route=%2Fwp%2Fv2%2Fproduct_cat&post=18121"},{"taxonomy":"product_tag","embeddable":true,"href":"https:\/\/sfashionaccessories.com\/index.php?rest_route=%2Fwp%2Fv2%2Fproduct_tag&post=18121"}],"curies":[{"name":"wp","href":"https:\/\/api.w.org\/{rel}","templated":true}]}}