{"id":18148,"date":"2025-08-18T15:14:40","date_gmt":"2025-08-18T06:14:40","guid":{"rendered":"https:\/\/sfashionaccessories.com\/?post_type=product&#038;p=18148"},"modified":"2026-04-13T19:42:08","modified_gmt":"2026-04-13T10:42:08","slug":"pomada-preventiva-de-assaduras-hipoglos-original-40g","status":"publish","type":"product","link":"https:\/\/sfashionaccessories.com\/?product=pomada-preventiva-de-assaduras-hipoglos-original-40g","title":{"rendered":"Pomada Preventiva De Assaduras Hipogl\u00f3s Original 40g"},"content":{"rendered":"<p>A nova f\u00f3rmula do HIPOGL\u00d3S\u00ae, com \u00d3leo de Girassol e Vitamina E, forma uma barreira branca concentrada de longa dura\u00e7\u00e3o que hidrata e ajuda a reduzir os sinais de vermelhid\u00e3o, auxiliando na recupera\u00e7\u00e3o da pele** desde o primeiro uso. **por estimular a renova\u00e7\u00e3o celular natural. Sua f\u00f3rmula \u00e9 hipoalerg\u00eanica, dermatologicamente testada, f\u00e1cil de espalhar e seguro para ser usado desde os primeiros dias de vida<br \/>\nBarreira branca de longa dura\u00e7\u00e3o<br \/>\n-O uso di\u00e1rio de HIPOGL\u00d3S\u00ae faz bem para a pele<br \/>\n-Dermatologicamente testado<br \/>\n-Hipoalerg\u00eanico.<br \/>\n-Seguro para ser usado desde os primeiros dias de vida<br \/>\n-F\u00e1cil de espalhar e fragr\u00e2ncia mais suave<\/p>\n","protected":false},"excerpt":{"rendered":"<p>A nova f\u00f3rmula do HIPOGL\u00d3S\u00ae, com \u00d3leo de Girassol e Vitamina E, forma uma barreira branca concentrada de longa dura\u00e7\u00e3o que hidrata e ajuda a reduzir os sinais de vermelhid\u00e3o, auxiliando na recupera\u00e7\u00e3o da pele** desde o primeiro uso. **por estimular a renova\u00e7\u00e3o celular natural. Sua f\u00f3rmula \u00e9 hipoalerg\u00eanica, dermatologicamente testada, f\u00e1cil de espalhar e [&hellip;]<\/p>\n","protected":false},"featured_media":18149,"comment_status":"open","ping_status":"closed","template":"","meta":{"_kadence_starter_templates_imported_post":false},"product_brand":[],"product_cat":[206,1016,739,1015],"product_tag":[875,874],"class_list":{"0":"post-18148","1":"product","2":"type-product","3":"status-publish","4":"has-post-thumbnail","6":"product_cat-cosmeticos-cremes-hidradantesperfumes","7":"product_cat-johnson-johnson","8":"product_cat-mamae-e-bebe","9":"product_cat-pomada-creme","10":"product_tag-baby","11":"product_tag-pomada","13":"first","14":"instock","15":"shipping-taxable","16":"purchasable","17":"product-type-simple"},"_links":{"self":[{"href":"https:\/\/sfashionaccessories.com\/index.php?rest_route=\/wp\/v2\/product\/18148","targetHints":{"allow":["GET"]}}],"collection":[{"href":"https:\/\/sfashionaccessories.com\/index.php?rest_route=\/wp\/v2\/product"}],"about":[{"href":"https:\/\/sfashionaccessories.com\/index.php?rest_route=\/wp\/v2\/types\/product"}],"replies":[{"embeddable":true,"href":"https:\/\/sfashionaccessories.com\/index.php?rest_route=%2Fwp%2Fv2%2Fcomments&post=18148"}],"wp:featuredmedia":[{"embeddable":true,"href":"https:\/\/sfashionaccessories.com\/index.php?rest_route=\/wp\/v2\/media\/18149"}],"wp:attachment":[{"href":"https:\/\/sfashionaccessories.com\/index.php?rest_route=%2Fwp%2Fv2%2Fmedia&parent=18148"}],"wp:term":[{"taxonomy":"product_brand","embeddable":true,"href":"https:\/\/sfashionaccessories.com\/index.php?rest_route=%2Fwp%2Fv2%2Fproduct_brand&post=18148"},{"taxonomy":"product_cat","embeddable":true,"href":"https:\/\/sfashionaccessories.com\/index.php?rest_route=%2Fwp%2Fv2%2Fproduct_cat&post=18148"},{"taxonomy":"product_tag","embeddable":true,"href":"https:\/\/sfashionaccessories.com\/index.php?rest_route=%2Fwp%2Fv2%2Fproduct_tag&post=18148"}],"curies":[{"name":"wp","href":"https:\/\/api.w.org\/{rel}","templated":true}]}}