{"id":18189,"date":"2024-10-02T17:52:16","date_gmt":"2024-10-02T08:52:16","guid":{"rendered":"https:\/\/sfashionaccessories.com\/?post_type=product&#038;p=18189"},"modified":"2024-10-03T15:32:38","modified_gmt":"2024-10-03T06:32:38","slug":"rommanel-pingente-cruz-banhado-a-ouro-18k-tam-unico-5422080000","status":"publish","type":"product","link":"https:\/\/sfashionaccessories.com\/?product=rommanel-pingente-cruz-banhado-a-ouro-18k-tam-unico-5422080000","title":{"rendered":"Rommanel PINGENTE CRUZ BANHADO A OURO 18K &#8211; TAM.\u00daNICO 5422080000"},"content":{"rendered":"<div class=\"wrapper\">\n<div class=\"main main--border\">\n<section class=\"section section--tabs\">\n<div class=\"tabs\">\n<div class=\"tabs__body\">\n<div class=\"shell\">\n<div id=\"tab1\" class=\"tab current\">\n<div class=\"section-tab\">\n<h4>Descri\u00e7\u00e3o<\/h4>\n<div class=\"productDescription\">Pingente no formato de cruz, com pontas retangulares. med 4,10 cm x 2,10 cm<\/div>\n<div id=\"caracteristicas\">\n<table class=\"group Folheados\" cellspacing=\"0\">\n<tbody>\n<tr class=\"even\">\n<th class=\"name-field Material\">Material<\/th>\n<td class=\"value-field Material\">Banhado a Ouro 18k<\/td>\n<\/tr>\n<tr>\n<th class=\"name-field Genero\">G\u00eanero<\/th>\n<td class=\"value-field Genero\">Masculino<\/td>\n<\/tr>\n<tr class=\"even\">\n<th class=\"name-field Faixa-Etaria\">Faixa Et\u00e1ria<\/th>\n<td class=\"value-field Faixa-Etaria\">Adulto<\/td>\n<\/tr>\n<tr>\n<th class=\"name-field Composicao\">Composi\u00e7\u00e3o<\/th>\n<td class=\"value-field Composicao\">Sem Pedra<\/td>\n<\/tr>\n<tr class=\"even\">\n<th class=\"name-field Tema\">Tema<\/th>\n<td class=\"value-field Tema\">Religioso<\/td>\n<\/tr>\n<tr>\n<th class=\"name-field Colecao\">Cole\u00e7\u00e3o<\/th>\n<td class=\"value-field Colecao\">Cole\u00e7\u00e3o Homem<\/td>\n<\/tr>\n<tr class=\"even\">\n<th class=\"name-field Conceito\">Conceito<\/th>\n<td class=\"value-field Conceito\">COM UM TOQUE DE SOFISTICA\u00c7\u00c3O, A COLE\u00c7\u00c3O HOMEM TRAZ JOIAS MARCANTES E VERS\u00c1TEIS QUE POSSIBILITAM COMPOSI\u00c7\u00d5ES CL\u00c1SSICAS, MODERNAS E CASUAIS E VALORIZAM O VISUAL DO HOMEM CONTEMPOR\u00c2NEO.<\/td>\n<\/tr>\n<tr>\n<th class=\"name-field Formato\">Formato<\/th>\n<td class=\"value-field Formato\">Cruz<\/td>\n<\/tr>\n<\/tbody>\n<\/table>\n<\/div>\n<\/div>\n<\/div>\n<\/div>\n<\/div>\n<\/div>\n<\/section>\n<\/div>\n<\/div>\n<footer class=\"footer\">\n<div class=\"shell\">\n<div class=\"footer__inner\">\n<div class=\"footer__cols\">\n<div class=\"footer__col\">\n<div class=\"footer__row\">\n<div class=\"logo-large footer__logo\"><\/div>\n<\/div>\n<\/div>\n<div class=\"footer__col\">\n<div class=\"footer__row\">\n<div class=\"socials footer__socials\"><\/div>\n<\/div>\n<\/div>\n<\/div>\n<\/div>\n<\/div>\n<\/footer>\n","protected":false},"excerpt":{"rendered":"<p>Descri\u00e7\u00e3o Pingente no formato de cruz, com pontas retangulares. med 4,10 cm x 2,10 cm Material Banhado a Ouro 18k G\u00eanero Masculino Faixa Et\u00e1ria Adulto Composi\u00e7\u00e3o Sem Pedra Tema Religioso Cole\u00e7\u00e3o Cole\u00e7\u00e3o Homem Conceito COM UM TOQUE DE SOFISTICA\u00c7\u00c3O, A COLE\u00c7\u00c3O HOMEM TRAZ JOIAS MARCANTES E VERS\u00c1TEIS QUE POSSIBILITAM COMPOSI\u00c7\u00d5ES CL\u00c1SSICAS, MODERNAS E CASUAIS E [&hellip;]<\/p>\n","protected":false},"featured_media":18190,"comment_status":"open","ping_status":"closed","template":"","meta":{"_kadence_starter_templates_imported_post":false},"product_brand":[],"product_cat":[200,758,723,209],"product_tag":[182,724,232],"class_list":{"0":"post-18189","1":"product","2":"type-product","3":"status-publish","4":"has-post-thumbnail","6":"product_cat-acessorios-bijuterias-semi-joias","7":"product_cat-pingente","8":"product_cat-rommanel","9":"product_cat-semi-joias","10":"product_tag-acessorios","11":"product_tag-rommanel","12":"product_tag-semi-joias","14":"first","15":"instock","16":"shipping-taxable","17":"purchasable","18":"product-type-simple"},"_links":{"self":[{"href":"https:\/\/sfashionaccessories.com\/index.php?rest_route=\/wp\/v2\/product\/18189","targetHints":{"allow":["GET"]}}],"collection":[{"href":"https:\/\/sfashionaccessories.com\/index.php?rest_route=\/wp\/v2\/product"}],"about":[{"href":"https:\/\/sfashionaccessories.com\/index.php?rest_route=\/wp\/v2\/types\/product"}],"replies":[{"embeddable":true,"href":"https:\/\/sfashionaccessories.com\/index.php?rest_route=%2Fwp%2Fv2%2Fcomments&post=18189"}],"wp:featuredmedia":[{"embeddable":true,"href":"https:\/\/sfashionaccessories.com\/index.php?rest_route=\/wp\/v2\/media\/18190"}],"wp:attachment":[{"href":"https:\/\/sfashionaccessories.com\/index.php?rest_route=%2Fwp%2Fv2%2Fmedia&parent=18189"}],"wp:term":[{"taxonomy":"product_brand","embeddable":true,"href":"https:\/\/sfashionaccessories.com\/index.php?rest_route=%2Fwp%2Fv2%2Fproduct_brand&post=18189"},{"taxonomy":"product_cat","embeddable":true,"href":"https:\/\/sfashionaccessories.com\/index.php?rest_route=%2Fwp%2Fv2%2Fproduct_cat&post=18189"},{"taxonomy":"product_tag","embeddable":true,"href":"https:\/\/sfashionaccessories.com\/index.php?rest_route=%2Fwp%2Fv2%2Fproduct_tag&post=18189"}],"curies":[{"name":"wp","href":"https:\/\/api.w.org\/{rel}","templated":true}]}}