{"id":18233,"date":"2024-08-27T22:02:41","date_gmt":"2024-08-27T13:02:41","guid":{"rendered":"https:\/\/sfashionaccessories.com\/?post_type=product&#038;p=18233"},"modified":"2025-04-20T23:08:09","modified_gmt":"2025-04-20T14:08:09","slug":"anel-solitario-banhado-a-ouro-18k-com-cristal","status":"publish","type":"product","link":"https:\/\/sfashionaccessories.com\/?product=anel-solitario-banhado-a-ouro-18k-com-cristal","title":{"rendered":"ANEL SOLIT\u00c1RIO BANHADO A OURO 18K COM CRISTAL 511598 18 29-Rommanel"},"content":{"rendered":"<div class=\"wrapper\">\n<div class=\"main main--border\">\n<section class=\"section section--tabs\">\n<div class=\"tabs\">\n<div class=\"tabs__body\">\n<div class=\"shell\">\n<div id=\"tab1\" class=\"tab current\">\n<div class=\"section-tab\">\n<div class=\"productDescription\">Anel solit\u00e1rio composto por 1 cristal de 8mm formato cora\u00e7\u00e3o.<\/div>\n<div id=\"caracteristicas\">\n<table class=\"group Folheados\" cellspacing=\"0\">\n<tbody>\n<tr class=\"even\">\n<th class=\"name-field Material\">Material<\/th>\n<td class=\"value-field Material\">Banhado a Ouro 18k<\/td>\n<\/tr>\n<tr>\n<th class=\"name-field Genero\">G\u00eanero<\/th>\n<td class=\"value-field Genero\">Feminino<\/td>\n<\/tr>\n<tr class=\"even\">\n<th class=\"name-field Faixa-Etaria\">Faixa Et\u00e1ria<\/th>\n<td class=\"value-field Faixa-Etaria\">Adulto<\/td>\n<\/tr>\n<tr>\n<th class=\"name-field Composicao\">Composi\u00e7\u00e3o<\/th>\n<td class=\"value-field Composicao\">Cristal<\/td>\n<\/tr>\n<tr class=\"even\">\n<th class=\"name-field Tema\">Tema<\/th>\n<td class=\"value-field Tema\">Rom\u00e2ntico<\/td>\n<\/tr>\n<tr>\n<th class=\"name-field Colecao\">Cole\u00e7\u00e3o<\/th>\n<td class=\"value-field Colecao\">Linha Permanente Rommanel<\/td>\n<\/tr>\n<tr class=\"even\">\n<th class=\"name-field Conceito\">Conceito<\/th>\n<td class=\"value-field Conceito\">.<\/td>\n<\/tr>\n<tr>\n<th class=\"name-field Estilo\">Estilo<\/th>\n<td class=\"value-field Estilo\">Solit\u00e1rio<\/td>\n<\/tr>\n<tr class=\"even\">\n<th class=\"name-field Cor\">Cor<\/th>\n<td class=\"value-field Cor\">Rosa<\/td>\n<\/tr>\n<tr>\n<th class=\"name-field Formato\">Formato<\/th>\n<td class=\"value-field Formato\">Cora\u00e7\u00e3o<\/td>\n<\/tr>\n<\/tbody>\n<\/table>\n<\/div>\n<\/div>\n<\/div>\n<\/div>\n<\/div>\n<\/div>\n<\/section>\n<\/div>\n<\/div>\n<footer class=\"footer\">\n<div class=\"shell\">\n<div class=\"footer__inner\">\n<div class=\"footer__cols\">\n<div class=\"footer__col\">\n<div class=\"footer__row\">\n<div class=\"logo-large footer__logo\"><\/div>\n<\/div>\n<\/div>\n<\/div>\n<\/div>\n<\/div>\n<\/footer>\n","protected":false},"excerpt":{"rendered":"<p>Anel solit\u00e1rio composto por 1 cristal de 8mm formato cora\u00e7\u00e3o. Material Banhado a Ouro 18k G\u00eanero Feminino Faixa Et\u00e1ria Adulto Composi\u00e7\u00e3o Cristal Tema Rom\u00e2ntico Cole\u00e7\u00e3o Linha Permanente Rommanel Conceito . Estilo Solit\u00e1rio Cor Rosa Formato Cora\u00e7\u00e3o<\/p>\n","protected":false},"featured_media":18238,"comment_status":"open","ping_status":"closed","template":"","meta":{"_kadence_starter_templates_imported_post":false},"product_brand":[],"product_cat":[200,760,723,209],"product_tag":[182,761,724,232],"class_list":{"0":"post-18233","1":"product","2":"type-product","3":"status-publish","4":"has-post-thumbnail","6":"product_cat-acessorios-bijuterias-semi-joias","7":"product_cat-anel","8":"product_cat-rommanel","9":"product_cat-semi-joias","10":"product_tag-acessorios","11":"product_tag-anel","12":"product_tag-rommanel","13":"product_tag-semi-joias","15":"first","16":"instock","17":"shipping-taxable","18":"purchasable","19":"product-type-variable"},"_links":{"self":[{"href":"https:\/\/sfashionaccessories.com\/index.php?rest_route=\/wp\/v2\/product\/18233","targetHints":{"allow":["GET"]}}],"collection":[{"href":"https:\/\/sfashionaccessories.com\/index.php?rest_route=\/wp\/v2\/product"}],"about":[{"href":"https:\/\/sfashionaccessories.com\/index.php?rest_route=\/wp\/v2\/types\/product"}],"replies":[{"embeddable":true,"href":"https:\/\/sfashionaccessories.com\/index.php?rest_route=%2Fwp%2Fv2%2Fcomments&post=18233"}],"wp:featuredmedia":[{"embeddable":true,"href":"https:\/\/sfashionaccessories.com\/index.php?rest_route=\/wp\/v2\/media\/18238"}],"wp:attachment":[{"href":"https:\/\/sfashionaccessories.com\/index.php?rest_route=%2Fwp%2Fv2%2Fmedia&parent=18233"}],"wp:term":[{"taxonomy":"product_brand","embeddable":true,"href":"https:\/\/sfashionaccessories.com\/index.php?rest_route=%2Fwp%2Fv2%2Fproduct_brand&post=18233"},{"taxonomy":"product_cat","embeddable":true,"href":"https:\/\/sfashionaccessories.com\/index.php?rest_route=%2Fwp%2Fv2%2Fproduct_cat&post=18233"},{"taxonomy":"product_tag","embeddable":true,"href":"https:\/\/sfashionaccessories.com\/index.php?rest_route=%2Fwp%2Fv2%2Fproduct_tag&post=18233"}],"curies":[{"name":"wp","href":"https:\/\/api.w.org\/{rel}","templated":true}]}}